{"id":17672,"date":"2025-07-16T10:23:41","date_gmt":"2025-07-16T08:23:41","guid":{"rendered":"https:\/\/uj.adatbank.ro\/lexikon\/termek\/papsai-pavel-papsai-pal\/"},"modified":"2025-07-16T10:23:41","modified_gmt":"2025-07-16T08:23:41","slug":"papsai-pavel-papsai-pal","status":"publish","type":"product","link":"https:\/\/uj.adatbank.ro\/lexikon\/termek\/papsai-pavel-papsai-pal\/","title":{"rendered":"PAPSAI Pavel, Papsai P\u00e1l"},"content":{"rendered":"<p>Ny\u00e1r\u00e1dmagyar\u00f3s, 1916. j\u00fan. 21., \u2020\u00a0Mv., 1975.: sz\u00e1zados. \u2013 Alhadnagy (1951), hadnagy (1952), f\u0151hadnagy (1955), sz\u00e1zados (1959). Brasso megyei Securitate (1948\u201350), Maros Tartom\u00e1ny Securitate-n (1950\u201352) az Erd\u0151szentgy\u00f6rgy rajoni hivatal vezet\u0151je (1951), MAT \/ MMAT Securitate-n irodavezet\u0151 hadnagy, mv.-i munkak\u00f6rrel f\u0151hadnagy (1955), sz\u00e1zados (1959\u201362). Tartal\u00e9kba helyezt\u00e9k (1962. j\u00fan. 30.). <br \/><strong>Irod.:<\/strong> Bartos 2012; http:\/\/www.cnsas.ro\/documente\/cadrele_securitatii\/PAPSAI%20PAL.pdf<\/br><\/p>\n","protected":false},"excerpt":{"rendered":"<p>Ny\u00e1r\u00e1dmagyar\u00f3s, 1916. j\u00fan. 21., \u2020\u00a0Mv., 1975.: sz\u00e1zados. \u2013 Alhadnagy (1951), hadnagy (1952), f\u0151hadnagy (1955), sz\u00e1zados (1959). Brasso megyei Securitate (1948\u201350), Maros Tartom\u00e1ny Securitate-n (1950\u201352) az Erd\u0151szentgy\u00f6rgy rajoni hivatal vezet\u0151je (1951), MAT \/ MMAT Securitate-n irodavezet\u0151 hadnagy, mv.-i munkak\u00f6rrel f\u0151hadnagy (1955), sz\u00e1zados (1959\u201362). Tartal\u00e9kba helyezt\u00e9k (1962. j\u00fan. 30.). Irod.: Bartos 2012; http:\/\/www.cnsas.ro\/documente\/cadrele_securitatii\/PAPSAI%20PAL.pdf<\/p>\n","protected":false},"featured_media":0,"comment_status":"open","ping_status":"closed","template":"","meta":[],"product_brand":[],"product_cat":[137],"product_tag":[],"class_list":{"0":"post-17672","1":"product","2":"type-product","3":"status-publish","5":"product_cat-maros-megyei-eletrajzi-lexikon","7":"first","8":"instock","9":"shipping-taxable","10":"product-type-simple"},"_links":{"self":[{"href":"https:\/\/uj.adatbank.ro\/lexikon\/wp-json\/wp\/v2\/product\/17672","targetHints":{"allow":["GET"]}}],"collection":[{"href":"https:\/\/uj.adatbank.ro\/lexikon\/wp-json\/wp\/v2\/product"}],"about":[{"href":"https:\/\/uj.adatbank.ro\/lexikon\/wp-json\/wp\/v2\/types\/product"}],"replies":[{"embeddable":true,"href":"https:\/\/uj.adatbank.ro\/lexikon\/wp-json\/wp\/v2\/comments?post=17672"}],"wp:attachment":[{"href":"https:\/\/uj.adatbank.ro\/lexikon\/wp-json\/wp\/v2\/media?parent=17672"}],"wp:term":[{"taxonomy":"product_brand","embeddable":true,"href":"https:\/\/uj.adatbank.ro\/lexikon\/wp-json\/wp\/v2\/product_brand?post=17672"},{"taxonomy":"product_cat","embeddable":true,"href":"https:\/\/uj.adatbank.ro\/lexikon\/wp-json\/wp\/v2\/product_cat?post=17672"},{"taxonomy":"product_tag","embeddable":true,"href":"https:\/\/uj.adatbank.ro\/lexikon\/wp-json\/wp\/v2\/product_tag?post=17672"}],"curies":[{"name":"wp","href":"https:\/\/api.w.org\/{rel}","templated":true}]}}