{"id":17673,"date":"2025-07-16T10:23:43","date_gmt":"2025-07-16T08:23:43","guid":{"rendered":"https:\/\/uj.adatbank.ro\/lexikon\/termek\/parajdi-illyes-janos\/"},"modified":"2025-07-16T10:23:43","modified_gmt":"2025-07-16T08:23:43","slug":"parajdi-illyes-janos","status":"publish","type":"product","link":"https:\/\/uj.adatbank.ro\/lexikon\/termek\/parajdi-illyes-janos\/","title":{"rendered":"PARAJDI ILLY\u00c9S J\u00e1nos"},"content":{"rendered":"<p>? \u2020\u00a0?: fest\u0151. \u2013 A p\u00f3kai (1666), a tancsi (1676), ny\u00e1r\u00e1dszentimrei ref. templom mennyezet\u00e9t festette (1676), de ezt lebontott\u00e1k (1900). <br \/><strong>Irod.:<\/strong> P\u00e9terfy 2005; Vilhelm K\u00e1roly<\/br><\/p>\n","protected":false},"excerpt":{"rendered":"<p>? \u2020\u00a0?: fest\u0151. \u2013 A p\u00f3kai (1666), a tancsi (1676), ny\u00e1r\u00e1dszentimrei ref. templom mennyezet\u00e9t festette (1676), de ezt lebontott\u00e1k (1900). Irod.: P\u00e9terfy 2005; Vilhelm K\u00e1roly<\/p>\n","protected":false},"featured_media":0,"comment_status":"open","ping_status":"closed","template":"","meta":[],"product_brand":[],"product_cat":[137],"product_tag":[],"class_list":{"0":"post-17673","1":"product","2":"type-product","3":"status-publish","5":"product_cat-maros-megyei-eletrajzi-lexikon","7":"first","8":"instock","9":"shipping-taxable","10":"product-type-simple"},"_links":{"self":[{"href":"https:\/\/uj.adatbank.ro\/lexikon\/wp-json\/wp\/v2\/product\/17673","targetHints":{"allow":["GET"]}}],"collection":[{"href":"https:\/\/uj.adatbank.ro\/lexikon\/wp-json\/wp\/v2\/product"}],"about":[{"href":"https:\/\/uj.adatbank.ro\/lexikon\/wp-json\/wp\/v2\/types\/product"}],"replies":[{"embeddable":true,"href":"https:\/\/uj.adatbank.ro\/lexikon\/wp-json\/wp\/v2\/comments?post=17673"}],"wp:attachment":[{"href":"https:\/\/uj.adatbank.ro\/lexikon\/wp-json\/wp\/v2\/media?parent=17673"}],"wp:term":[{"taxonomy":"product_brand","embeddable":true,"href":"https:\/\/uj.adatbank.ro\/lexikon\/wp-json\/wp\/v2\/product_brand?post=17673"},{"taxonomy":"product_cat","embeddable":true,"href":"https:\/\/uj.adatbank.ro\/lexikon\/wp-json\/wp\/v2\/product_cat?post=17673"},{"taxonomy":"product_tag","embeddable":true,"href":"https:\/\/uj.adatbank.ro\/lexikon\/wp-json\/wp\/v2\/product_tag?post=17673"}],"curies":[{"name":"wp","href":"https:\/\/api.w.org\/{rel}","templated":true}]}}