{"id":17675,"date":"2025-07-16T10:23:47","date_gmt":"2025-07-16T08:23:47","guid":{"rendered":"https:\/\/uj.adatbank.ro\/lexikon\/termek\/parajdi-incze-lajos-csaladi-neven-incze\/"},"modified":"2025-07-16T10:23:47","modified_gmt":"2025-07-16T08:23:47","slug":"parajdi-incze-lajos-csaladi-neven-incze","status":"publish","type":"product","link":"https:\/\/uj.adatbank.ro\/lexikon\/termek\/parajdi-incze-lajos-csaladi-neven-incze\/","title":{"rendered":"PARAJDI INCZE Lajos, csal\u00e1di nev\u00e9n Incze"},"content":{"rendered":"<p>Parajd, 1915. jan. 5.) \u2020\u00a0?: \u00edr\u00f3, n\u00e9prajzkutat\u00f3, publicista. K\u00f6z\u00e9piskolai tanulm\u00e1nyait Sz\u00e9kelyudvarhelyen \u00e9s Mv.-en v\u00e9gezte (1934), jogv\u00e9gzetts\u00e9get \u00e9s \u00e1llamtudom\u00e1nyi doktori c\u00edmet a kv.-i Ferenc J\u00f3zsef Tudom\u00e1nyegyetemen (1941), olasz jogi diplom\u00e1t R\u00f3m\u00e1ban (1949) szerzett. A V\u00e1s\u00e1rhelyi Tal\u00e1lkoz\u00f3 r\u00e9sztvev\u0151je; az Ellenz\u00e9k c. hetilap szerkeszt\u0151je Mv.-en (1937\u201340), A J\u00f3bar\u00e1t, Sz\u00e9kelyf\u00f6ld, Brass\u00f3i Lapok, Ellenz\u00e9k, Esti Lap, Erd\u00e9lyi Helikon, P\u00e1sztort\u0171z, Hitel, Korunk munkat\u00e1rsa. 1945-ben nyugatra ker\u00fclt; el\u0151bb latin-n\u00e9met-angol nyelvtan\u00e1r az innsbrucki magyar f\u0151iskol\u00e1n (1945), R\u00f3m\u00e1ban \u00e9s N\u00e1polyban tolm\u00e1cs (1946\u201349), majd \u00e1tk\u00f6lt\u00f6z\u00f6tt az Egyes\u00fclt \u00c1llamokba, ahol az Amerikai Magyar T\u00e1rsas\u00e1g \u00e9s az \u00c1rp\u00e1d Irodalmi \u00e9s M\u0171v\u00e9szeti Akad\u00e9mia tagja. A t\u00e1rsadalomtudom\u00e1nyok tan\u00e1ra Lewingstonban (Maine \u00e1llam, USA) 1950\u201380 k\u00f6z\u00f6tt, majd Biddefordban (1986-ig); el\u0151bbi lakhely\u00e9n a St. Mary&#8217;s Hospital radiol\u00f3giai oszt\u00e1ly\u00e1nak igazgat\u00f3ja. A nemzetk\u00f6zi PEN Club amerikai oszt\u00e1ly\u00e1nak igazgat\u00f3ja. Kutat\u00e1si ter\u00fclete: t\u00e1rsadalomtudom\u00e1ny, eur\u00f3pai t\u00f6rt\u00e9nelem, n\u00e9prajz, magyar \u00e9s angol irodalom. R\u00f6ntgentechnikai \u00e9s f\u00e9nyk\u00e9pm\u0171v\u00e9szeti szakember. Angolul \u00e9s franci\u00e1ul \u00edrt cikkeit amerikai lapok k\u00f6zlik, 1200 saj\u00e1t f\u00e9nyk\u00e9p\u00e9vel illusztr\u00e1lva. Egy 1982-ben megjelent angol nyelv\u0171 k\u00f6tet\u00e9ben (Foot Prints on Destiny Lane \u2013 L\u00e1bnyomok a Sors \u00f6sv\u00e9ny\u00e9n) a II. vil\u00e1gh\u00e1bor\u00faban f\u00f6ld\u00f6nfut\u00f3kk\u00e1 v\u00e1ltak \u00e9let\u00e9t \u00edrja le, egy 1983-ban ugyancsak angolul kiadott k\u00f6nyv\u00e9ben (Once Upon a Maine Island \u2013 Szigeti kir\u00e1lys\u00e1gunk) az Incze csal\u00e1d viszontags\u00e1gos sors\u00e1nak 35 \u00e9v\u00e9t \u00f6r\u00f6k\u00edti meg a tulajdon\u00e1ba jutott kis atlanti-\u00f3ce\u00e1ni szigeten, majd egy \u00fajabb k\u00f6tetben a csal\u00e1d Talizm\u00e1n nev\u0171 vitorl\u00e1shaj\u00f3j\u00e1nak viszontags\u00e1gair\u00f3l sz\u00e1mol be. Mindezek h\u00e1romk\u00f6tetes \u00f6n\u00e9letrajz\u00e1nak (Autobiography of a World Roamer \u2013 Egy bujdos\u00f3 \u00f6n\u00e9letrajza) r\u00e9szletei. Magyarul A Hargita lelke c. alatt Parajd \u00e9s a S\u00f3vid\u00e9k teljes szellemi n\u00e9prajz\u00e1nak gy\u0171jtem\u00e9ny\u00e9t jelentette meg az Amerikai Magyar Sz\u00e9pm\u00edves C\u00e9h (Astor, Florida 1984). Ennek folytat\u00e1sa A K\u00fck\u00fcll\u0151 \u00e9nekel (uo. 1988). A magyar fennmarad\u00e1s gy\u00f6kerei c. \u00e9rtekez\u00e9s\u00e9t az amerikai XXVI. Magyar Tal\u00e1lkoz\u00f3 Kr\u00f3nik\u00e1ja k\u00f6z\u00f6lte. <br \/><strong>Irod.:<\/strong> RMIL<\/br><\/p>\n","protected":false},"excerpt":{"rendered":"<p>Parajd, 1915. jan. 5.) \u2020\u00a0?: \u00edr\u00f3, n\u00e9prajzkutat\u00f3, publicista. K\u00f6z\u00e9piskolai tanulm\u00e1nyait Sz\u00e9kelyudvarhelyen \u00e9s Mv.-en v\u00e9gezte (1934), jogv\u00e9gzetts\u00e9get \u00e9s \u00e1llamtudom\u00e1nyi doktori c\u00edmet a kv.-i Ferenc J\u00f3zsef Tudom\u00e1nyegyetemen (1941), olasz jogi diplom\u00e1t R\u00f3m\u00e1ban (1949) szerzett. A V\u00e1s\u00e1rhelyi Tal\u00e1lkoz\u00f3 r\u00e9sztvev\u0151je; az Ellenz\u00e9k c. hetilap szerkeszt\u0151je Mv.-en (1937\u201340), A J\u00f3bar\u00e1t, Sz\u00e9kelyf\u00f6ld, Brass\u00f3i Lapok, Ellenz\u00e9k, Esti Lap, Erd\u00e9lyi Helikon, P\u00e1sztort\u0171z, Hitel, [&hellip;]<\/p>\n","protected":false},"featured_media":0,"comment_status":"open","ping_status":"closed","template":"","meta":[],"product_brand":[],"product_cat":[137],"product_tag":[],"class_list":{"0":"post-17675","1":"product","2":"type-product","3":"status-publish","5":"product_cat-maros-megyei-eletrajzi-lexikon","7":"first","8":"instock","9":"shipping-taxable","10":"product-type-simple"},"_links":{"self":[{"href":"https:\/\/uj.adatbank.ro\/lexikon\/wp-json\/wp\/v2\/product\/17675","targetHints":{"allow":["GET"]}}],"collection":[{"href":"https:\/\/uj.adatbank.ro\/lexikon\/wp-json\/wp\/v2\/product"}],"about":[{"href":"https:\/\/uj.adatbank.ro\/lexikon\/wp-json\/wp\/v2\/types\/product"}],"replies":[{"embeddable":true,"href":"https:\/\/uj.adatbank.ro\/lexikon\/wp-json\/wp\/v2\/comments?post=17675"}],"wp:attachment":[{"href":"https:\/\/uj.adatbank.ro\/lexikon\/wp-json\/wp\/v2\/media?parent=17675"}],"wp:term":[{"taxonomy":"product_brand","embeddable":true,"href":"https:\/\/uj.adatbank.ro\/lexikon\/wp-json\/wp\/v2\/product_brand?post=17675"},{"taxonomy":"product_cat","embeddable":true,"href":"https:\/\/uj.adatbank.ro\/lexikon\/wp-json\/wp\/v2\/product_cat?post=17675"},{"taxonomy":"product_tag","embeddable":true,"href":"https:\/\/uj.adatbank.ro\/lexikon\/wp-json\/wp\/v2\/product_tag?post=17675"}],"curies":[{"name":"wp","href":"https:\/\/api.w.org\/{rel}","templated":true}]}}