{"id":17676,"date":"2025-07-16T10:23:50","date_gmt":"2025-07-16T08:23:50","guid":{"rendered":"https:\/\/uj.adatbank.ro\/lexikon\/termek\/parajdi-istvan\/"},"modified":"2025-07-16T10:23:50","modified_gmt":"2025-07-16T08:23:50","slug":"parajdi-istvan","status":"publish","type":"product","link":"https:\/\/uj.adatbank.ro\/lexikon\/termek\/parajdi-istvan\/","title":{"rendered":"PARAJDI Istv\u00e1n"},"content":{"rendered":"<p>? \u2020\u00a0?: ref. lelk\u00e9sz. \u2013 A mv.-i Ref. Koll.-ban tanult (1713\u201315). Nagyerny\u00e9ben szolg\u00e1lt (1715\u201321), vagy (1710\u20131719). Papilaknak azt az \u00e9p\u00fcletet haszn\u00e1lta, amelyet Hossz\u00fa J\u00e1nos birtokos adom\u00e1nyozott az egyh\u00e1znak, egy kis kerttel.-<br \/><strong>Irod.:<\/strong> Imreh Barna; Nagyernye<\/br><\/p>\n","protected":false},"excerpt":{"rendered":"<p>? \u2020\u00a0?: ref. lelk\u00e9sz. \u2013 A mv.-i Ref. Koll.-ban tanult (1713\u201315). Nagyerny\u00e9ben szolg\u00e1lt (1715\u201321), vagy (1710\u20131719). Papilaknak azt az \u00e9p\u00fcletet haszn\u00e1lta, amelyet Hossz\u00fa J\u00e1nos birtokos adom\u00e1nyozott az egyh\u00e1znak, egy kis kerttel.-Irod.: Imreh Barna; Nagyernye<\/p>\n","protected":false},"featured_media":0,"comment_status":"open","ping_status":"closed","template":"","meta":[],"product_brand":[],"product_cat":[137],"product_tag":[],"class_list":{"0":"post-17676","1":"product","2":"type-product","3":"status-publish","5":"product_cat-maros-megyei-eletrajzi-lexikon","7":"first","8":"instock","9":"shipping-taxable","10":"product-type-simple"},"_links":{"self":[{"href":"https:\/\/uj.adatbank.ro\/lexikon\/wp-json\/wp\/v2\/product\/17676","targetHints":{"allow":["GET"]}}],"collection":[{"href":"https:\/\/uj.adatbank.ro\/lexikon\/wp-json\/wp\/v2\/product"}],"about":[{"href":"https:\/\/uj.adatbank.ro\/lexikon\/wp-json\/wp\/v2\/types\/product"}],"replies":[{"embeddable":true,"href":"https:\/\/uj.adatbank.ro\/lexikon\/wp-json\/wp\/v2\/comments?post=17676"}],"wp:attachment":[{"href":"https:\/\/uj.adatbank.ro\/lexikon\/wp-json\/wp\/v2\/media?parent=17676"}],"wp:term":[{"taxonomy":"product_brand","embeddable":true,"href":"https:\/\/uj.adatbank.ro\/lexikon\/wp-json\/wp\/v2\/product_brand?post=17676"},{"taxonomy":"product_cat","embeddable":true,"href":"https:\/\/uj.adatbank.ro\/lexikon\/wp-json\/wp\/v2\/product_cat?post=17676"},{"taxonomy":"product_tag","embeddable":true,"href":"https:\/\/uj.adatbank.ro\/lexikon\/wp-json\/wp\/v2\/product_tag?post=17676"}],"curies":[{"name":"wp","href":"https:\/\/api.w.org\/{rel}","templated":true}]}}