{"id":17677,"date":"2025-07-16T10:23:51","date_gmt":"2025-07-16T08:23:51","guid":{"rendered":"https:\/\/uj.adatbank.ro\/lexikon\/termek\/parajdi-karoly\/"},"modified":"2025-07-16T10:23:51","modified_gmt":"2025-07-16T08:23:51","slug":"parajdi-karoly","status":"publish","type":"product","link":"https:\/\/uj.adatbank.ro\/lexikon\/termek\/parajdi-karoly\/","title":{"rendered":"PARAJDI K\u00e1roly"},"content":{"rendered":"<p>? \u2020\u00a0?: tan\u00edt\u00f3. \u2013 Ny\u00e1r\u00e1dsely\u00e9ben tan\u00edtott (1853\u20131866) \u00e9s (1873\u20131887). A vizit\u00e1ci\u00f3s jegyz\u0151k\u00f6nyvb\u0151l kit\u0171nik, h. nem voltak megel\u00e9gedve a munk\u00e1j\u00e1val (1874).-<br \/><strong>Irod.:<\/strong> Ny\u00e1r\u00e1dselye \u00e9s egyh\u00e1za<\/br><\/p>\n","protected":false},"excerpt":{"rendered":"<p>? \u2020\u00a0?: tan\u00edt\u00f3. \u2013 Ny\u00e1r\u00e1dsely\u00e9ben tan\u00edtott (1853\u20131866) \u00e9s (1873\u20131887). A vizit\u00e1ci\u00f3s jegyz\u0151k\u00f6nyvb\u0151l kit\u0171nik, h. nem voltak megel\u00e9gedve a munk\u00e1j\u00e1val (1874).-Irod.: Ny\u00e1r\u00e1dselye \u00e9s egyh\u00e1za<\/p>\n","protected":false},"featured_media":0,"comment_status":"open","ping_status":"closed","template":"","meta":[],"product_brand":[],"product_cat":[137],"product_tag":[],"class_list":{"0":"post-17677","1":"product","2":"type-product","3":"status-publish","5":"product_cat-maros-megyei-eletrajzi-lexikon","7":"first","8":"instock","9":"shipping-taxable","10":"product-type-simple"},"_links":{"self":[{"href":"https:\/\/uj.adatbank.ro\/lexikon\/wp-json\/wp\/v2\/product\/17677","targetHints":{"allow":["GET"]}}],"collection":[{"href":"https:\/\/uj.adatbank.ro\/lexikon\/wp-json\/wp\/v2\/product"}],"about":[{"href":"https:\/\/uj.adatbank.ro\/lexikon\/wp-json\/wp\/v2\/types\/product"}],"replies":[{"embeddable":true,"href":"https:\/\/uj.adatbank.ro\/lexikon\/wp-json\/wp\/v2\/comments?post=17677"}],"wp:attachment":[{"href":"https:\/\/uj.adatbank.ro\/lexikon\/wp-json\/wp\/v2\/media?parent=17677"}],"wp:term":[{"taxonomy":"product_brand","embeddable":true,"href":"https:\/\/uj.adatbank.ro\/lexikon\/wp-json\/wp\/v2\/product_brand?post=17677"},{"taxonomy":"product_cat","embeddable":true,"href":"https:\/\/uj.adatbank.ro\/lexikon\/wp-json\/wp\/v2\/product_cat?post=17677"},{"taxonomy":"product_tag","embeddable":true,"href":"https:\/\/uj.adatbank.ro\/lexikon\/wp-json\/wp\/v2\/product_tag?post=17677"}],"curies":[{"name":"wp","href":"https:\/\/api.w.org\/{rel}","templated":true}]}}