{"id":1768,"date":"2025-06-28T11:52:31","date_gmt":"2025-06-28T09:52:31","guid":{"rendered":"https:\/\/uj.adatbank.ro\/lexikon\/termek\/alia-maria-kemeny-simonne\/"},"modified":"2025-06-28T11:52:31","modified_gmt":"2025-06-28T09:52:31","slug":"alia-maria-kemeny-simonne","status":"publish","type":"product","link":"https:\/\/uj.adatbank.ro\/lexikon\/termek\/alia-maria-kemeny-simonne\/","title":{"rendered":"ALIA M\u00e1ria, Kem\u00e9ny Simonn\u00e9"},"content":{"rendered":"<p>? \u2020 1660,: f\u00f6ldbirtokos.- Esk\u00fcv\u0151j\u00fck Bonyh\u00e1n volt (1654). A bonyhai ref. ekl\u00e9zsia text\u00edliagy\u0171jtem\u00e9ny\u00e9ben l\u00e9v\u0151 abrosz (17.-i) a mennyegz\u0151 alkalm\u00e1b\u00f3l k\u00e9sz\u00fclt \u00e9s ut\u00f3lag ker\u00fclt a ref. egyh\u00e1z tulajdon\u00e1ba. <br \/><strong>Irod.:<\/strong> K\u00fck\u00fcll\u0151i Ref. Egyh\u00e1zm.1.<\/br><\/p>\n","protected":false},"excerpt":{"rendered":"<p>? \u2020 1660,: f\u00f6ldbirtokos.- Esk\u00fcv\u0151j\u00fck Bonyh\u00e1n volt (1654). A bonyhai ref. ekl\u00e9zsia text\u00edliagy\u0171jtem\u00e9ny\u00e9ben l\u00e9v\u0151 abrosz (17.-i) a mennyegz\u0151 alkalm\u00e1b\u00f3l k\u00e9sz\u00fclt \u00e9s ut\u00f3lag ker\u00fclt a ref. egyh\u00e1z tulajdon\u00e1ba. Irod.: K\u00fck\u00fcll\u0151i Ref. Egyh\u00e1zm.1.<\/p>\n","protected":false},"featured_media":0,"comment_status":"open","ping_status":"closed","template":"","meta":[],"product_brand":[],"product_cat":[137],"product_tag":[],"class_list":{"0":"post-1768","1":"product","2":"type-product","3":"status-publish","5":"product_cat-maros-megyei-eletrajzi-lexikon","7":"first","8":"instock","9":"shipping-taxable","10":"product-type-simple"},"_links":{"self":[{"href":"https:\/\/uj.adatbank.ro\/lexikon\/wp-json\/wp\/v2\/product\/1768","targetHints":{"allow":["GET"]}}],"collection":[{"href":"https:\/\/uj.adatbank.ro\/lexikon\/wp-json\/wp\/v2\/product"}],"about":[{"href":"https:\/\/uj.adatbank.ro\/lexikon\/wp-json\/wp\/v2\/types\/product"}],"replies":[{"embeddable":true,"href":"https:\/\/uj.adatbank.ro\/lexikon\/wp-json\/wp\/v2\/comments?post=1768"}],"wp:attachment":[{"href":"https:\/\/uj.adatbank.ro\/lexikon\/wp-json\/wp\/v2\/media?parent=1768"}],"wp:term":[{"taxonomy":"product_brand","embeddable":true,"href":"https:\/\/uj.adatbank.ro\/lexikon\/wp-json\/wp\/v2\/product_brand?post=1768"},{"taxonomy":"product_cat","embeddable":true,"href":"https:\/\/uj.adatbank.ro\/lexikon\/wp-json\/wp\/v2\/product_cat?post=1768"},{"taxonomy":"product_tag","embeddable":true,"href":"https:\/\/uj.adatbank.ro\/lexikon\/wp-json\/wp\/v2\/product_tag?post=1768"}],"curies":[{"name":"wp","href":"https:\/\/api.w.org\/{rel}","templated":true}]}}