{"id":17681,"date":"2025-07-16T10:24:00","date_gmt":"2025-07-16T08:24:00","guid":{"rendered":"https:\/\/uj.adatbank.ro\/lexikon\/termek\/pasare-sabin\/"},"modified":"2025-07-16T10:24:00","modified_gmt":"2025-07-16T08:24:00","slug":"pasare-sabin","status":"publish","type":"product","link":"https:\/\/uj.adatbank.ro\/lexikon\/termek\/pasare-sabin\/","title":{"rendered":"PAS\u0102RE, Sabin"},"content":{"rendered":"<p>? \u2020\u00a0?: k\u00f6zigazgat\u00e1si el\u0151ad\u00f3, v\u00e1rosi illet\u00e9kek kezel\u0151je. \u2013 Mv. V\u00e1rosi tan\u00e1cs\u00e1nak k\u00f6zigazgat\u00e1si el\u0151ad\u00f3ja (1925) Dandea h\u0171s\u00e9ges embere.Sikkaszt\u00e1ssal v\u00e1dolt\u00e1k, felf\u00fcggesztett\u00e9k. <br \/><strong>Irod.:<\/strong> Id\u0151t\u00e1r 3<\/br><\/p>\n","protected":false},"excerpt":{"rendered":"<p>? \u2020\u00a0?: k\u00f6zigazgat\u00e1si el\u0151ad\u00f3, v\u00e1rosi illet\u00e9kek kezel\u0151je. \u2013 Mv. V\u00e1rosi tan\u00e1cs\u00e1nak k\u00f6zigazgat\u00e1si el\u0151ad\u00f3ja (1925) Dandea h\u0171s\u00e9ges embere.Sikkaszt\u00e1ssal v\u00e1dolt\u00e1k, felf\u00fcggesztett\u00e9k. Irod.: Id\u0151t\u00e1r 3<\/p>\n","protected":false},"featured_media":0,"comment_status":"open","ping_status":"closed","template":"","meta":[],"product_brand":[],"product_cat":[137],"product_tag":[],"class_list":{"0":"post-17681","1":"product","2":"type-product","3":"status-publish","5":"product_cat-maros-megyei-eletrajzi-lexikon","7":"first","8":"instock","9":"shipping-taxable","10":"product-type-simple"},"_links":{"self":[{"href":"https:\/\/uj.adatbank.ro\/lexikon\/wp-json\/wp\/v2\/product\/17681","targetHints":{"allow":["GET"]}}],"collection":[{"href":"https:\/\/uj.adatbank.ro\/lexikon\/wp-json\/wp\/v2\/product"}],"about":[{"href":"https:\/\/uj.adatbank.ro\/lexikon\/wp-json\/wp\/v2\/types\/product"}],"replies":[{"embeddable":true,"href":"https:\/\/uj.adatbank.ro\/lexikon\/wp-json\/wp\/v2\/comments?post=17681"}],"wp:attachment":[{"href":"https:\/\/uj.adatbank.ro\/lexikon\/wp-json\/wp\/v2\/media?parent=17681"}],"wp:term":[{"taxonomy":"product_brand","embeddable":true,"href":"https:\/\/uj.adatbank.ro\/lexikon\/wp-json\/wp\/v2\/product_brand?post=17681"},{"taxonomy":"product_cat","embeddable":true,"href":"https:\/\/uj.adatbank.ro\/lexikon\/wp-json\/wp\/v2\/product_cat?post=17681"},{"taxonomy":"product_tag","embeddable":true,"href":"https:\/\/uj.adatbank.ro\/lexikon\/wp-json\/wp\/v2\/product_tag?post=17681"}],"curies":[{"name":"wp","href":"https:\/\/api.w.org\/{rel}","templated":true}]}}