{"id":17683,"date":"2025-07-16T10:24:04","date_gmt":"2025-07-16T08:24:04","guid":{"rendered":"https:\/\/uj.adatbank.ro\/lexikon\/termek\/pasca-teodor\/"},"modified":"2025-07-16T10:24:04","modified_gmt":"2025-07-16T08:24:04","slug":"pasca-teodor","status":"publish","type":"product","link":"https:\/\/uj.adatbank.ro\/lexikon\/termek\/pasca-teodor\/","title":{"rendered":"PA\u015eCA, Teodor"},"content":{"rendered":"<p>1892., \u2020 Mv., 1940. febr. 8.: igazgat\u00f3. \u2013 Szov\u00e1ta-f\u00fcrd\u0151 Rt \u00fcgyvezet\u0151 igazgat\u00f3ja (1929). \u2013 A hatalomv\u00e1ltoz\u00e1s ut\u00e1n Mv.-en a rend\u0151rs\u00e9get vezette f\u0151hadnagyi rangban, majd a lak\u00e1shivatal f\u0151n\u00f6ke volt. Mint Szov\u00e1ta f\u00fcrd\u0151 igazgat\u00f3ja sokat tett annak moderniz\u00e1l\u00e1sa \u00e9rdek\u00e9ben. <br \/><strong>Irod.:<\/strong> EBKL; Magyar Sz\u00f3, (1940. febr.11)<\/br><\/p>\n","protected":false},"excerpt":{"rendered":"<p>1892., \u2020 Mv., 1940. febr. 8.: igazgat\u00f3. \u2013 Szov\u00e1ta-f\u00fcrd\u0151 Rt \u00fcgyvezet\u0151 igazgat\u00f3ja (1929). \u2013 A hatalomv\u00e1ltoz\u00e1s ut\u00e1n Mv.-en a rend\u0151rs\u00e9get vezette f\u0151hadnagyi rangban, majd a lak\u00e1shivatal f\u0151n\u00f6ke volt. Mint Szov\u00e1ta f\u00fcrd\u0151 igazgat\u00f3ja sokat tett annak moderniz\u00e1l\u00e1sa \u00e9rdek\u00e9ben. Irod.: EBKL; Magyar Sz\u00f3, (1940. febr.11)<\/p>\n","protected":false},"featured_media":0,"comment_status":"open","ping_status":"closed","template":"","meta":[],"product_brand":[],"product_cat":[137],"product_tag":[],"class_list":{"0":"post-17683","1":"product","2":"type-product","3":"status-publish","5":"product_cat-maros-megyei-eletrajzi-lexikon","7":"first","8":"instock","9":"shipping-taxable","10":"product-type-simple"},"_links":{"self":[{"href":"https:\/\/uj.adatbank.ro\/lexikon\/wp-json\/wp\/v2\/product\/17683","targetHints":{"allow":["GET"]}}],"collection":[{"href":"https:\/\/uj.adatbank.ro\/lexikon\/wp-json\/wp\/v2\/product"}],"about":[{"href":"https:\/\/uj.adatbank.ro\/lexikon\/wp-json\/wp\/v2\/types\/product"}],"replies":[{"embeddable":true,"href":"https:\/\/uj.adatbank.ro\/lexikon\/wp-json\/wp\/v2\/comments?post=17683"}],"wp:attachment":[{"href":"https:\/\/uj.adatbank.ro\/lexikon\/wp-json\/wp\/v2\/media?parent=17683"}],"wp:term":[{"taxonomy":"product_brand","embeddable":true,"href":"https:\/\/uj.adatbank.ro\/lexikon\/wp-json\/wp\/v2\/product_brand?post=17683"},{"taxonomy":"product_cat","embeddable":true,"href":"https:\/\/uj.adatbank.ro\/lexikon\/wp-json\/wp\/v2\/product_cat?post=17683"},{"taxonomy":"product_tag","embeddable":true,"href":"https:\/\/uj.adatbank.ro\/lexikon\/wp-json\/wp\/v2\/product_tag?post=17683"}],"curies":[{"name":"wp","href":"https:\/\/api.w.org\/{rel}","templated":true}]}}