{"id":17688,"date":"2025-07-16T10:24:16","date_gmt":"2025-07-16T08:24:16","guid":{"rendered":"https:\/\/uj.adatbank.ro\/lexikon\/termek\/pasko-g-el\/"},"modified":"2025-07-16T10:24:16","modified_gmt":"2025-07-16T08:24:16","slug":"pasko-g-el","status":"publish","type":"product","link":"https:\/\/uj.adatbank.ro\/lexikon\/termek\/pasko-g-el\/","title":{"rendered":"PASK\u00d3 G. El."},"content":{"rendered":"<p>? \u2020\u00a0?: tan\u00e1r. \u2013 A mv.-i zeneiskola tan\u00e1ra. A polg\u00e1rmesteri hivatalban oszt\u00e1lyvezet\u0151 (1939). <br \/><strong>Irod.:<\/strong> Pan\u0103<\/br><\/p>\n","protected":false},"excerpt":{"rendered":"<p>? \u2020\u00a0?: tan\u00e1r. \u2013 A mv.-i zeneiskola tan\u00e1ra. A polg\u00e1rmesteri hivatalban oszt\u00e1lyvezet\u0151 (1939). Irod.: Pan\u0103<\/p>\n","protected":false},"featured_media":0,"comment_status":"open","ping_status":"closed","template":"","meta":[],"product_brand":[],"product_cat":[137],"product_tag":[],"class_list":{"0":"post-17688","1":"product","2":"type-product","3":"status-publish","5":"product_cat-maros-megyei-eletrajzi-lexikon","7":"first","8":"instock","9":"shipping-taxable","10":"product-type-simple"},"_links":{"self":[{"href":"https:\/\/uj.adatbank.ro\/lexikon\/wp-json\/wp\/v2\/product\/17688","targetHints":{"allow":["GET"]}}],"collection":[{"href":"https:\/\/uj.adatbank.ro\/lexikon\/wp-json\/wp\/v2\/product"}],"about":[{"href":"https:\/\/uj.adatbank.ro\/lexikon\/wp-json\/wp\/v2\/types\/product"}],"replies":[{"embeddable":true,"href":"https:\/\/uj.adatbank.ro\/lexikon\/wp-json\/wp\/v2\/comments?post=17688"}],"wp:attachment":[{"href":"https:\/\/uj.adatbank.ro\/lexikon\/wp-json\/wp\/v2\/media?parent=17688"}],"wp:term":[{"taxonomy":"product_brand","embeddable":true,"href":"https:\/\/uj.adatbank.ro\/lexikon\/wp-json\/wp\/v2\/product_brand?post=17688"},{"taxonomy":"product_cat","embeddable":true,"href":"https:\/\/uj.adatbank.ro\/lexikon\/wp-json\/wp\/v2\/product_cat?post=17688"},{"taxonomy":"product_tag","embeddable":true,"href":"https:\/\/uj.adatbank.ro\/lexikon\/wp-json\/wp\/v2\/product_tag?post=17688"}],"curies":[{"name":"wp","href":"https:\/\/api.w.org\/{rel}","templated":true}]}}