{"id":1769,"date":"2025-06-28T11:52:32","date_gmt":"2025-06-28T09:52:32","guid":{"rendered":"https:\/\/uj.adatbank.ro\/lexikon\/termek\/alia-samuel-allia-samuel-karatnai-v-korotnai\/"},"modified":"2025-06-28T11:52:32","modified_gmt":"2025-06-28T09:52:32","slug":"alia-samuel-allia-samuel-karatnai-v-korotnai","status":"publish","type":"product","link":"https:\/\/uj.adatbank.ro\/lexikon\/termek\/alia-samuel-allia-samuel-karatnai-v-korotnai\/","title":{"rendered":"ALIA Samuel, Allia S\u00e1muel, karatnai v. korotnai"},"content":{"rendered":"<p>? \u2020\u00a0Fogaras v\u00e1ra, 1638., temet\u00e9s\u00e9t a bonyhai birtok\u00e1n rendezz\u00e9k meg: f\u0151isp\u00e1n. \u2013 A. Farkas \u00e9s losonczi B\u00e1nffy Margit fia. Feles\u00e9ge: L\u00f3r\u00e1ntffy Kata, L. Zsuzsanna testv\u00e9re. Le\u00e1nya: Allia M\u00e1ria Zolyomi Mikl\u00f3sn\u00e9. S\u00f3gora I. R\u00e1k\u00f3czi Gy\u00f6rgy. -Udvarhelysz\u00e9k f\u0151kapit\u00e1nya (1635), Kisk\u00fck\u00fcll\u0151 vm. f\u0151isp\u00e1nja (1635\u2013), a keresztesmezei t\u00e1borban a sz\u00e9kelys\u00e9g t\u00e1bornoka (1636). V\u00e9grendelete szerint (F\u00e1j Aba\u00faj, 1638. m\u00e1rc. 11.) vagyon\u00e1t feles\u00e9ge \u00e9s le\u00e1nya \u00f6r\u00f6k\u00f6lte. <br \/><strong>Irod.:<\/strong> Erd\u00e9lyi testamentumok, 3.; Mo. f\u0151isp\u00e1njai Tartom\u00e1nyban. \u2013 Mv., 2006.<\/br><\/p>\n","protected":false},"excerpt":{"rendered":"<p>? \u2020\u00a0Fogaras v\u00e1ra, 1638., temet\u00e9s\u00e9t a bonyhai birtok\u00e1n rendezz\u00e9k meg: f\u0151isp\u00e1n. \u2013 A. Farkas \u00e9s losonczi B\u00e1nffy Margit fia. Feles\u00e9ge: L\u00f3r\u00e1ntffy Kata, L. Zsuzsanna testv\u00e9re. Le\u00e1nya: Allia M\u00e1ria Zolyomi Mikl\u00f3sn\u00e9. S\u00f3gora I. R\u00e1k\u00f3czi Gy\u00f6rgy. -Udvarhelysz\u00e9k f\u0151kapit\u00e1nya (1635), Kisk\u00fck\u00fcll\u0151 vm. f\u0151isp\u00e1nja (1635\u2013), a keresztesmezei t\u00e1borban a sz\u00e9kelys\u00e9g t\u00e1bornoka (1636). V\u00e9grendelete szerint (F\u00e1j Aba\u00faj, 1638. m\u00e1rc. 11.) [&hellip;]<\/p>\n","protected":false},"featured_media":0,"comment_status":"open","ping_status":"closed","template":"","meta":[],"product_brand":[],"product_cat":[137],"product_tag":[],"class_list":{"0":"post-1769","1":"product","2":"type-product","3":"status-publish","5":"product_cat-maros-megyei-eletrajzi-lexikon","7":"first","8":"instock","9":"shipping-taxable","10":"product-type-simple"},"_links":{"self":[{"href":"https:\/\/uj.adatbank.ro\/lexikon\/wp-json\/wp\/v2\/product\/1769","targetHints":{"allow":["GET"]}}],"collection":[{"href":"https:\/\/uj.adatbank.ro\/lexikon\/wp-json\/wp\/v2\/product"}],"about":[{"href":"https:\/\/uj.adatbank.ro\/lexikon\/wp-json\/wp\/v2\/types\/product"}],"replies":[{"embeddable":true,"href":"https:\/\/uj.adatbank.ro\/lexikon\/wp-json\/wp\/v2\/comments?post=1769"}],"wp:attachment":[{"href":"https:\/\/uj.adatbank.ro\/lexikon\/wp-json\/wp\/v2\/media?parent=1769"}],"wp:term":[{"taxonomy":"product_brand","embeddable":true,"href":"https:\/\/uj.adatbank.ro\/lexikon\/wp-json\/wp\/v2\/product_brand?post=1769"},{"taxonomy":"product_cat","embeddable":true,"href":"https:\/\/uj.adatbank.ro\/lexikon\/wp-json\/wp\/v2\/product_cat?post=1769"},{"taxonomy":"product_tag","embeddable":true,"href":"https:\/\/uj.adatbank.ro\/lexikon\/wp-json\/wp\/v2\/product_tag?post=1769"}],"curies":[{"name":"wp","href":"https:\/\/api.w.org\/{rel}","templated":true}]}}