{"id":17691,"date":"2025-07-16T10:24:26","date_gmt":"2025-07-16T08:24:26","guid":{"rendered":"https:\/\/uj.adatbank.ro\/lexikon\/termek\/pastor-ioan\/"},"modified":"2025-07-16T10:24:26","modified_gmt":"2025-07-16T08:24:26","slug":"pastor-ioan","status":"publish","type":"product","link":"https:\/\/uj.adatbank.ro\/lexikon\/termek\/pastor-ioan\/","title":{"rendered":"PASTOR Ioan"},"content":{"rendered":"<p>? \u2020\u00a0?: tan\u00edt\u00f3. \u2013 Vajdaszentiv\u00e1nyi sz\u00e1rmaz\u00e1s\u00fa. \u2013 Bal\u00e1zsfalv\u00e1n v\u00e9gzett tan\u00edt\u00f3k\u00e9pz\u0151t. Marosszentgy\u00f6rgy\u00f6n tan\u00edtott (1900\u201302). <br \/><strong>Irod.:<\/strong> S\u00e2ngeorgiu de Mure\u015f \u2013 \u015ecoala<\/br><\/p>\n","protected":false},"excerpt":{"rendered":"<p>? \u2020\u00a0?: tan\u00edt\u00f3. \u2013 Vajdaszentiv\u00e1nyi sz\u00e1rmaz\u00e1s\u00fa. \u2013 Bal\u00e1zsfalv\u00e1n v\u00e9gzett tan\u00edt\u00f3k\u00e9pz\u0151t. Marosszentgy\u00f6rgy\u00f6n tan\u00edtott (1900\u201302). Irod.: S\u00e2ngeorgiu de Mure\u015f \u2013 \u015ecoala<\/p>\n","protected":false},"featured_media":0,"comment_status":"open","ping_status":"closed","template":"","meta":[],"product_brand":[],"product_cat":[137],"product_tag":[],"class_list":{"0":"post-17691","1":"product","2":"type-product","3":"status-publish","5":"product_cat-maros-megyei-eletrajzi-lexikon","7":"first","8":"instock","9":"shipping-taxable","10":"product-type-simple"},"_links":{"self":[{"href":"https:\/\/uj.adatbank.ro\/lexikon\/wp-json\/wp\/v2\/product\/17691","targetHints":{"allow":["GET"]}}],"collection":[{"href":"https:\/\/uj.adatbank.ro\/lexikon\/wp-json\/wp\/v2\/product"}],"about":[{"href":"https:\/\/uj.adatbank.ro\/lexikon\/wp-json\/wp\/v2\/types\/product"}],"replies":[{"embeddable":true,"href":"https:\/\/uj.adatbank.ro\/lexikon\/wp-json\/wp\/v2\/comments?post=17691"}],"wp:attachment":[{"href":"https:\/\/uj.adatbank.ro\/lexikon\/wp-json\/wp\/v2\/media?parent=17691"}],"wp:term":[{"taxonomy":"product_brand","embeddable":true,"href":"https:\/\/uj.adatbank.ro\/lexikon\/wp-json\/wp\/v2\/product_brand?post=17691"},{"taxonomy":"product_cat","embeddable":true,"href":"https:\/\/uj.adatbank.ro\/lexikon\/wp-json\/wp\/v2\/product_cat?post=17691"},{"taxonomy":"product_tag","embeddable":true,"href":"https:\/\/uj.adatbank.ro\/lexikon\/wp-json\/wp\/v2\/product_tag?post=17691"}],"curies":[{"name":"wp","href":"https:\/\/api.w.org\/{rel}","templated":true}]}}