{"id":17693,"date":"2025-07-16T10:24:29","date_gmt":"2025-07-16T08:24:29","guid":{"rendered":"https:\/\/uj.adatbank.ro\/lexikon\/termek\/paszka-agoston\/"},"modified":"2025-07-16T10:24:29","modified_gmt":"2025-07-16T08:24:29","slug":"paszka-agoston","status":"publish","type":"product","link":"https:\/\/uj.adatbank.ro\/lexikon\/termek\/paszka-agoston\/","title":{"rendered":"P\u00c1SZKA \u00c1goston"},"content":{"rendered":"<p>K\u00e9zdiszentl\u00e9lek, 1901. nov. 13. \u2020\u00a0G\u00f6demesterh\u00e1za, 1974. j\u00fan. 20.: r. k. pap. \u2013 Tanulm\u00e1nyait K\u00e9zdiv\u00e1s\u00e1rhelyen \u00e9s Gyulafeh\u00e9rv\u00e1ron v\u00e9gezte, papp\u00e1 szentelt\u00e9k (1925. j\u00fan. 28.). K\u00e1pl\u00e1nk\u00e9nt Cs\u00edkszentdomokoson kezdte p\u00e1lyafut\u00e1s\u00e1t, onnan Petrozs\u00e9nybe majd Radnalajosfalv\u00e1ra ker\u00fclt, Gyergy\u00f3hodoson pl\u00e9b\u00e1nos lett (1929), azut\u00e1n Bukovin\u00e1ban, Kirlibab\u00e1n, Ditr\u00f3hodoson, G\u00f6rg\u00e9ny\u00fcvegcs\u0171ron (1936\u201338) volt lelkip\u00e1sztor, majd Ny\u00e1r\u00e1dk\u00f6szv\u00e9nyesre ker\u00fclt (1938\u201355). A marosj\u00e1rai pl\u00e9b\u00e1ni\u00e1ra ker\u00fclt (1955. dec.\u201361). Jobb\u00e1gytelk\u00e9n pl\u00e9b\u00e1nos (1961\u201372). Nyugd\u00edjazt\u00e1k (1970). <br \/><strong>Irod.:<\/strong> Eml\u00e9kk\u00f6nyv a jobb\u00e1gytelki iskola \u00e9vfordul\u00f3j\u00e1ra; Maros-k\u00fck\u00fcll\u0151i f\u0151esp; Ferenczi S\u00e1ndor 2009; Ferenczi S\u00e1ndor 2012; Maros-k\u00fck\u00fcll\u0151i f\u0151esp; Sz\u00e9kelyf\u00f6ld \u00ed.k.<\/br><\/p>\n","protected":false},"excerpt":{"rendered":"<p>K\u00e9zdiszentl\u00e9lek, 1901. nov. 13. \u2020\u00a0G\u00f6demesterh\u00e1za, 1974. j\u00fan. 20.: r. k. pap. \u2013 Tanulm\u00e1nyait K\u00e9zdiv\u00e1s\u00e1rhelyen \u00e9s Gyulafeh\u00e9rv\u00e1ron v\u00e9gezte, papp\u00e1 szentelt\u00e9k (1925. j\u00fan. 28.). K\u00e1pl\u00e1nk\u00e9nt Cs\u00edkszentdomokoson kezdte p\u00e1lyafut\u00e1s\u00e1t, onnan Petrozs\u00e9nybe majd Radnalajosfalv\u00e1ra ker\u00fclt, Gyergy\u00f3hodoson pl\u00e9b\u00e1nos lett (1929), azut\u00e1n Bukovin\u00e1ban, Kirlibab\u00e1n, Ditr\u00f3hodoson, G\u00f6rg\u00e9ny\u00fcvegcs\u0171ron (1936\u201338) volt lelkip\u00e1sztor, majd Ny\u00e1r\u00e1dk\u00f6szv\u00e9nyesre ker\u00fclt (1938\u201355). A marosj\u00e1rai pl\u00e9b\u00e1ni\u00e1ra ker\u00fclt (1955. dec.\u201361). Jobb\u00e1gytelk\u00e9n pl\u00e9b\u00e1nos [&hellip;]<\/p>\n","protected":false},"featured_media":0,"comment_status":"open","ping_status":"closed","template":"","meta":[],"product_brand":[],"product_cat":[137],"product_tag":[],"class_list":{"0":"post-17693","1":"product","2":"type-product","3":"status-publish","5":"product_cat-maros-megyei-eletrajzi-lexikon","7":"first","8":"instock","9":"shipping-taxable","10":"product-type-simple"},"_links":{"self":[{"href":"https:\/\/uj.adatbank.ro\/lexikon\/wp-json\/wp\/v2\/product\/17693","targetHints":{"allow":["GET"]}}],"collection":[{"href":"https:\/\/uj.adatbank.ro\/lexikon\/wp-json\/wp\/v2\/product"}],"about":[{"href":"https:\/\/uj.adatbank.ro\/lexikon\/wp-json\/wp\/v2\/types\/product"}],"replies":[{"embeddable":true,"href":"https:\/\/uj.adatbank.ro\/lexikon\/wp-json\/wp\/v2\/comments?post=17693"}],"wp:attachment":[{"href":"https:\/\/uj.adatbank.ro\/lexikon\/wp-json\/wp\/v2\/media?parent=17693"}],"wp:term":[{"taxonomy":"product_brand","embeddable":true,"href":"https:\/\/uj.adatbank.ro\/lexikon\/wp-json\/wp\/v2\/product_brand?post=17693"},{"taxonomy":"product_cat","embeddable":true,"href":"https:\/\/uj.adatbank.ro\/lexikon\/wp-json\/wp\/v2\/product_cat?post=17693"},{"taxonomy":"product_tag","embeddable":true,"href":"https:\/\/uj.adatbank.ro\/lexikon\/wp-json\/wp\/v2\/product_tag?post=17693"}],"curies":[{"name":"wp","href":"https:\/\/api.w.org\/{rel}","templated":true}]}}