{"id":17694,"date":"2025-07-16T10:24:30","date_gmt":"2025-07-16T08:24:30","guid":{"rendered":"https:\/\/uj.adatbank.ro\/lexikon\/termek\/pasztohi-denes\/"},"modified":"2025-07-16T10:24:30","modified_gmt":"2025-07-16T08:24:30","slug":"pasztohi-denes","status":"publish","type":"product","link":"https:\/\/uj.adatbank.ro\/lexikon\/termek\/pasztohi-denes\/","title":{"rendered":"P\u00c1SZTOHI D\u00e9nes"},"content":{"rendered":"<p>1871., \u2020 Mv., 1944.:ref. lelk\u00e9sz. \u2013 Nagyenyeden \u00e9retts\u00e9gizett (1890), teol\u00f3giai tanulm\u00e1nyait Utrechtben (1894). Seg\u00e9dlelk\u00e9sz Nagyenyeden (1896\u2013) Lelkip\u00e1sztor Marosbog\u00e1ton (1900 \u2013), Lozs\u00e1don (1906\u201321), Mez\u0151szengyelen, Mez\u0151szak\u00e1lon, Szentm\u00e1t\u00e9n (1930). A 22. honv\u00e9d gyalogezred katon\u00e1ja volt. Utols\u00f3 \u00e9veit Mv.-en t\u00f6lt\u00f6tte. <br \/><strong>Irod.:<\/strong> Cs\u00e1ky<\/br><\/p>\n","protected":false},"excerpt":{"rendered":"<p>1871., \u2020 Mv., 1944.:ref. lelk\u00e9sz. \u2013 Nagyenyeden \u00e9retts\u00e9gizett (1890), teol\u00f3giai tanulm\u00e1nyait Utrechtben (1894). Seg\u00e9dlelk\u00e9sz Nagyenyeden (1896\u2013) Lelkip\u00e1sztor Marosbog\u00e1ton (1900 \u2013), Lozs\u00e1don (1906\u201321), Mez\u0151szengyelen, Mez\u0151szak\u00e1lon, Szentm\u00e1t\u00e9n (1930). A 22. honv\u00e9d gyalogezred katon\u00e1ja volt. Utols\u00f3 \u00e9veit Mv.-en t\u00f6lt\u00f6tte. Irod.: Cs\u00e1ky<\/p>\n","protected":false},"featured_media":0,"comment_status":"open","ping_status":"closed","template":"","meta":[],"product_brand":[],"product_cat":[137],"product_tag":[],"class_list":{"0":"post-17694","1":"product","2":"type-product","3":"status-publish","5":"product_cat-maros-megyei-eletrajzi-lexikon","7":"first","8":"instock","9":"shipping-taxable","10":"product-type-simple"},"_links":{"self":[{"href":"https:\/\/uj.adatbank.ro\/lexikon\/wp-json\/wp\/v2\/product\/17694","targetHints":{"allow":["GET"]}}],"collection":[{"href":"https:\/\/uj.adatbank.ro\/lexikon\/wp-json\/wp\/v2\/product"}],"about":[{"href":"https:\/\/uj.adatbank.ro\/lexikon\/wp-json\/wp\/v2\/types\/product"}],"replies":[{"embeddable":true,"href":"https:\/\/uj.adatbank.ro\/lexikon\/wp-json\/wp\/v2\/comments?post=17694"}],"wp:attachment":[{"href":"https:\/\/uj.adatbank.ro\/lexikon\/wp-json\/wp\/v2\/media?parent=17694"}],"wp:term":[{"taxonomy":"product_brand","embeddable":true,"href":"https:\/\/uj.adatbank.ro\/lexikon\/wp-json\/wp\/v2\/product_brand?post=17694"},{"taxonomy":"product_cat","embeddable":true,"href":"https:\/\/uj.adatbank.ro\/lexikon\/wp-json\/wp\/v2\/product_cat?post=17694"},{"taxonomy":"product_tag","embeddable":true,"href":"https:\/\/uj.adatbank.ro\/lexikon\/wp-json\/wp\/v2\/product_tag?post=17694"}],"curies":[{"name":"wp","href":"https:\/\/api.w.org\/{rel}","templated":true}]}}