{"id":17699,"date":"2025-07-16T10:24:39","date_gmt":"2025-07-16T08:24:39","guid":{"rendered":"https:\/\/uj.adatbank.ro\/lexikon\/termek\/pasztor-gyorgy\/"},"modified":"2025-07-16T10:24:39","modified_gmt":"2025-07-16T08:24:39","slug":"pasztor-gyorgy","status":"publish","type":"product","link":"https:\/\/uj.adatbank.ro\/lexikon\/termek\/pasztor-gyorgy\/","title":{"rendered":"P\u00c1SZTOR Gy\u00f6rgy"},"content":{"rendered":"<p>? \u2020\u00a0? : b\u00edr\u00f3. \u2013 Sepr\u0151d k\u00f6zs\u00e9g falusb\u00edr\u00f3ja. R\u00e9szt vett Pesty Frigyes eg\u00e9sz Mo.-ra \u00e9s Erd\u00e9lyre kiterjedt helyn\u00e9vgy\u0171jt\u00e9s\u00e9ben (1864\u201365). <br \/><strong>Irod.:<\/strong> Pesty 2014<\/br><\/p>\n","protected":false},"excerpt":{"rendered":"<p>? \u2020\u00a0? : b\u00edr\u00f3. \u2013 Sepr\u0151d k\u00f6zs\u00e9g falusb\u00edr\u00f3ja. R\u00e9szt vett Pesty Frigyes eg\u00e9sz Mo.-ra \u00e9s Erd\u00e9lyre kiterjedt helyn\u00e9vgy\u0171jt\u00e9s\u00e9ben (1864\u201365). Irod.: Pesty 2014<\/p>\n","protected":false},"featured_media":0,"comment_status":"open","ping_status":"closed","template":"","meta":[],"product_brand":[],"product_cat":[137],"product_tag":[],"class_list":{"0":"post-17699","1":"product","2":"type-product","3":"status-publish","5":"product_cat-maros-megyei-eletrajzi-lexikon","7":"first","8":"instock","9":"shipping-taxable","10":"product-type-simple"},"_links":{"self":[{"href":"https:\/\/uj.adatbank.ro\/lexikon\/wp-json\/wp\/v2\/product\/17699","targetHints":{"allow":["GET"]}}],"collection":[{"href":"https:\/\/uj.adatbank.ro\/lexikon\/wp-json\/wp\/v2\/product"}],"about":[{"href":"https:\/\/uj.adatbank.ro\/lexikon\/wp-json\/wp\/v2\/types\/product"}],"replies":[{"embeddable":true,"href":"https:\/\/uj.adatbank.ro\/lexikon\/wp-json\/wp\/v2\/comments?post=17699"}],"wp:attachment":[{"href":"https:\/\/uj.adatbank.ro\/lexikon\/wp-json\/wp\/v2\/media?parent=17699"}],"wp:term":[{"taxonomy":"product_brand","embeddable":true,"href":"https:\/\/uj.adatbank.ro\/lexikon\/wp-json\/wp\/v2\/product_brand?post=17699"},{"taxonomy":"product_cat","embeddable":true,"href":"https:\/\/uj.adatbank.ro\/lexikon\/wp-json\/wp\/v2\/product_cat?post=17699"},{"taxonomy":"product_tag","embeddable":true,"href":"https:\/\/uj.adatbank.ro\/lexikon\/wp-json\/wp\/v2\/product_tag?post=17699"}],"curies":[{"name":"wp","href":"https:\/\/api.w.org\/{rel}","templated":true}]}}