{"id":17701,"date":"2025-07-16T10:24:46","date_gmt":"2025-07-16T08:24:46","guid":{"rendered":"https:\/\/uj.adatbank.ro\/lexikon\/termek\/pasztor-janos-vitez\/"},"modified":"2025-07-16T10:24:46","modified_gmt":"2025-07-16T08:24:46","slug":"pasztor-janos-vitez","status":"publish","type":"product","link":"https:\/\/uj.adatbank.ro\/lexikon\/termek\/pasztor-janos-vitez\/","title":{"rendered":"P\u00c1SZTOR J\u00e1nos, vit\u00e9z"},"content":{"rendered":"<p>1919 \u2020\u00a0Soppron mellett, 1944: maross\u00e1rpataki birtokos. \u2013 Vit\u00e9zz\u00e9 avatt\u00e1k I. vh.-os h\u0151si magatart\u00e1s\u00e1\u00e9rt, az orosz \u00e9s olasz fronton harcolt, kit\u00fcntet\u00e9seket is kapott. (Mv., 1941. okt. 23). R\u00e9szt vett a II. vh.-ban h\u0151si hal\u00e1lt halt Sopron mellett egy \u00fctk\u00f6zetben. <br \/><strong>Irod.:<\/strong> Berekm\u00e9ri\u2013G\u00e1lfi<\/br><\/p>\n","protected":false},"excerpt":{"rendered":"<p>1919 \u2020\u00a0Soppron mellett, 1944: maross\u00e1rpataki birtokos. \u2013 Vit\u00e9zz\u00e9 avatt\u00e1k I. vh.-os h\u0151si magatart\u00e1s\u00e1\u00e9rt, az orosz \u00e9s olasz fronton harcolt, kit\u00fcntet\u00e9seket is kapott. (Mv., 1941. okt. 23). R\u00e9szt vett a II. vh.-ban h\u0151si hal\u00e1lt halt Sopron mellett egy \u00fctk\u00f6zetben. Irod.: Berekm\u00e9ri\u2013G\u00e1lfi<\/p>\n","protected":false},"featured_media":0,"comment_status":"open","ping_status":"closed","template":"","meta":[],"product_brand":[],"product_cat":[137],"product_tag":[],"class_list":{"0":"post-17701","1":"product","2":"type-product","3":"status-publish","5":"product_cat-maros-megyei-eletrajzi-lexikon","7":"first","8":"instock","9":"shipping-taxable","10":"product-type-simple"},"_links":{"self":[{"href":"https:\/\/uj.adatbank.ro\/lexikon\/wp-json\/wp\/v2\/product\/17701","targetHints":{"allow":["GET"]}}],"collection":[{"href":"https:\/\/uj.adatbank.ro\/lexikon\/wp-json\/wp\/v2\/product"}],"about":[{"href":"https:\/\/uj.adatbank.ro\/lexikon\/wp-json\/wp\/v2\/types\/product"}],"replies":[{"embeddable":true,"href":"https:\/\/uj.adatbank.ro\/lexikon\/wp-json\/wp\/v2\/comments?post=17701"}],"wp:attachment":[{"href":"https:\/\/uj.adatbank.ro\/lexikon\/wp-json\/wp\/v2\/media?parent=17701"}],"wp:term":[{"taxonomy":"product_brand","embeddable":true,"href":"https:\/\/uj.adatbank.ro\/lexikon\/wp-json\/wp\/v2\/product_brand?post=17701"},{"taxonomy":"product_cat","embeddable":true,"href":"https:\/\/uj.adatbank.ro\/lexikon\/wp-json\/wp\/v2\/product_cat?post=17701"},{"taxonomy":"product_tag","embeddable":true,"href":"https:\/\/uj.adatbank.ro\/lexikon\/wp-json\/wp\/v2\/product_tag?post=17701"}],"curies":[{"name":"wp","href":"https:\/\/api.w.org\/{rel}","templated":true}]}}