{"id":17703,"date":"2025-07-16T10:24:51","date_gmt":"2025-07-16T08:24:51","guid":{"rendered":"https:\/\/uj.adatbank.ro\/lexikon\/termek\/patai-janos-pathai-janos-patai-balogh-janos\/"},"modified":"2025-07-16T10:24:51","modified_gmt":"2025-07-16T08:24:51","slug":"patai-janos-pathai-janos-patai-balogh-janos","status":"publish","type":"product","link":"https:\/\/uj.adatbank.ro\/lexikon\/termek\/patai-janos-pathai-janos-patai-balogh-janos\/","title":{"rendered":"PATAI J\u00e1nos, Pathai J\u00e1nos, Patai Balogh J\u00e1nos"},"content":{"rendered":"<p>1674., \u2020\u00a0?: ref. lelk\u00e9sz. \u2013 Kv.-on tanult. Leidenben (1699) \u00e9s Utrechtben peregrin\u00e1lt (1700). Lelk\u00e9sz volt Marosbog\u00e1ton (1715\u201317), Bethlenszentmikl\u00f3son (1720\u201325) \u00e9s Sz\u00e1szv\u00e1rosban. \u2013 <strong>F. m.:<\/strong> Lelki Igazgat\u00e1s a Betegsegben, es az halal arnyekaban. Mellyet Anglus nyelvb\u00f6l, \u00e9des nemzet\u00e9ben lev\u0151 Gyengeknek s Betegeknek kedvek\u00e9rt Magyar nyelvre forditott, \u00e9s bel\u00f6l meg emlitet kegyes patron\u00fas\u00e1nak, s kegyes Patron\u00e1j\u00e1nak k\u00f6lcs\u00e9gekkel Belgy\u00famban ki bocs\u00e1ttatott Patai Balog J\u00e1nos. Ez kett\u00f6 a Kereszty\u00e9ni \u00e9letnek S\u00famm\u00e1ja. Szent\u00fcl \u00e9lni, s boldog\u00fal meghalni&#8230; (Ultraj, 1700.). <br \/><strong>Irod.:<\/strong> K\u00fck\u00fcll\u0151i Ref. Egyh\u00e1zm., 1, 3.; Szinnyei<\/br><\/p>\n","protected":false},"excerpt":{"rendered":"<p>1674., \u2020\u00a0?: ref. lelk\u00e9sz. \u2013 Kv.-on tanult. Leidenben (1699) \u00e9s Utrechtben peregrin\u00e1lt (1700). Lelk\u00e9sz volt Marosbog\u00e1ton (1715\u201317), Bethlenszentmikl\u00f3son (1720\u201325) \u00e9s Sz\u00e1szv\u00e1rosban. \u2013 F. m.: Lelki Igazgat\u00e1s a Betegsegben, es az halal arnyekaban. Mellyet Anglus nyelvb\u00f6l, \u00e9des nemzet\u00e9ben lev\u0151 Gyengeknek s Betegeknek kedvek\u00e9rt Magyar nyelvre forditott, \u00e9s bel\u00f6l meg emlitet kegyes patron\u00fas\u00e1nak, s kegyes Patron\u00e1j\u00e1nak k\u00f6lcs\u00e9gekkel [&hellip;]<\/p>\n","protected":false},"featured_media":0,"comment_status":"open","ping_status":"closed","template":"","meta":[],"product_brand":[],"product_cat":[137],"product_tag":[],"class_list":{"0":"post-17703","1":"product","2":"type-product","3":"status-publish","5":"product_cat-maros-megyei-eletrajzi-lexikon","7":"first","8":"instock","9":"shipping-taxable","10":"product-type-simple"},"_links":{"self":[{"href":"https:\/\/uj.adatbank.ro\/lexikon\/wp-json\/wp\/v2\/product\/17703","targetHints":{"allow":["GET"]}}],"collection":[{"href":"https:\/\/uj.adatbank.ro\/lexikon\/wp-json\/wp\/v2\/product"}],"about":[{"href":"https:\/\/uj.adatbank.ro\/lexikon\/wp-json\/wp\/v2\/types\/product"}],"replies":[{"embeddable":true,"href":"https:\/\/uj.adatbank.ro\/lexikon\/wp-json\/wp\/v2\/comments?post=17703"}],"wp:attachment":[{"href":"https:\/\/uj.adatbank.ro\/lexikon\/wp-json\/wp\/v2\/media?parent=17703"}],"wp:term":[{"taxonomy":"product_brand","embeddable":true,"href":"https:\/\/uj.adatbank.ro\/lexikon\/wp-json\/wp\/v2\/product_brand?post=17703"},{"taxonomy":"product_cat","embeddable":true,"href":"https:\/\/uj.adatbank.ro\/lexikon\/wp-json\/wp\/v2\/product_cat?post=17703"},{"taxonomy":"product_tag","embeddable":true,"href":"https:\/\/uj.adatbank.ro\/lexikon\/wp-json\/wp\/v2\/product_tag?post=17703"}],"curies":[{"name":"wp","href":"https:\/\/api.w.org\/{rel}","templated":true}]}}