{"id":17708,"date":"2025-07-16T10:25:01","date_gmt":"2025-07-16T08:25:01","guid":{"rendered":"https:\/\/uj.adatbank.ro\/lexikon\/termek\/patakfalvine-kerestely-iza\/"},"modified":"2025-07-16T10:25:01","modified_gmt":"2025-07-16T08:25:01","slug":"patakfalvine-kerestely-iza","status":"publish","type":"product","link":"https:\/\/uj.adatbank.ro\/lexikon\/termek\/patakfalvine-kerestely-iza\/","title":{"rendered":"PATAKFALVIN\u00c9 KEREST\u00c9LY Iza"},"content":{"rendered":"<p>\u00c9nlaka, 1922. dec. 21., \u2020\u00a0?: tan\u00e1r. \u2013 Sz\u00e9kelykereszt\u00faron \u00e9retts\u00e9gizett (1943), majd a Tan\u00edt\u00f3k\u00e9pz\u0151ben k\u00e9pes\u00edt\u00e9st nyert (1945); a BTE mat-fizika Kar\u00e1n tan\u00e1ri oklevelet szerzett (1955). Tan\u00edt\u00f3 Magyars\u00e1roson (1945\u201350); V\u00e1mosg\u00e1lfalv\u00e1n helyettes tan\u00e1r (1950\u201352); Dics\u0151szentm\u00e1rtonban tan\u00edtott. \u2013 Irod. KKACs<\/br><\/p>\n","protected":false},"excerpt":{"rendered":"<p>\u00c9nlaka, 1922. dec. 21., \u2020\u00a0?: tan\u00e1r. \u2013 Sz\u00e9kelykereszt\u00faron \u00e9retts\u00e9gizett (1943), majd a Tan\u00edt\u00f3k\u00e9pz\u0151ben k\u00e9pes\u00edt\u00e9st nyert (1945); a BTE mat-fizika Kar\u00e1n tan\u00e1ri oklevelet szerzett (1955). Tan\u00edt\u00f3 Magyars\u00e1roson (1945\u201350); V\u00e1mosg\u00e1lfalv\u00e1n helyettes tan\u00e1r (1950\u201352); Dics\u0151szentm\u00e1rtonban tan\u00edtott. \u2013 Irod. KKACs<\/p>\n","protected":false},"featured_media":0,"comment_status":"open","ping_status":"closed","template":"","meta":[],"product_brand":[],"product_cat":[137],"product_tag":[],"class_list":{"0":"post-17708","1":"product","2":"type-product","3":"status-publish","5":"product_cat-maros-megyei-eletrajzi-lexikon","7":"first","8":"instock","9":"shipping-taxable","10":"product-type-simple"},"_links":{"self":[{"href":"https:\/\/uj.adatbank.ro\/lexikon\/wp-json\/wp\/v2\/product\/17708","targetHints":{"allow":["GET"]}}],"collection":[{"href":"https:\/\/uj.adatbank.ro\/lexikon\/wp-json\/wp\/v2\/product"}],"about":[{"href":"https:\/\/uj.adatbank.ro\/lexikon\/wp-json\/wp\/v2\/types\/product"}],"replies":[{"embeddable":true,"href":"https:\/\/uj.adatbank.ro\/lexikon\/wp-json\/wp\/v2\/comments?post=17708"}],"wp:attachment":[{"href":"https:\/\/uj.adatbank.ro\/lexikon\/wp-json\/wp\/v2\/media?parent=17708"}],"wp:term":[{"taxonomy":"product_brand","embeddable":true,"href":"https:\/\/uj.adatbank.ro\/lexikon\/wp-json\/wp\/v2\/product_brand?post=17708"},{"taxonomy":"product_cat","embeddable":true,"href":"https:\/\/uj.adatbank.ro\/lexikon\/wp-json\/wp\/v2\/product_cat?post=17708"},{"taxonomy":"product_tag","embeddable":true,"href":"https:\/\/uj.adatbank.ro\/lexikon\/wp-json\/wp\/v2\/product_tag?post=17708"}],"curies":[{"name":"wp","href":"https:\/\/api.w.org\/{rel}","templated":true}]}}