{"id":17710,"date":"2025-07-16T10:25:07","date_gmt":"2025-07-16T08:25:07","guid":{"rendered":"https:\/\/uj.adatbank.ro\/lexikon\/termek\/pataki-andras\/"},"modified":"2025-07-16T10:25:07","modified_gmt":"2025-07-16T08:25:07","slug":"pataki-andras","status":"publish","type":"product","link":"https:\/\/uj.adatbank.ro\/lexikon\/termek\/pataki-andras\/","title":{"rendered":"PATAKI Andr\u00e1s"},"content":{"rendered":"<p>Magyarzs\u00e1kod, 1899., \u2020\u00a0Torda, 1944.: ref. lelk\u00e9sz. \u2013 Feles\u00e9ge: Nagy M\u00e1ria (\u2020\u00a0?.); Derzsi Piroska.- Az I.vil\u00e1gh\u00e1bor\u00faban katona, a Torda k\u00f6r\u00fcli harcokban esett el. Teol\u00f3gus. V\u00e1rfalv\u00e1n lelk\u00e9sz, itt k\u00e1ntori lak\u00e1st, gy\u00fclekezeti termet \u00e9s kulturh\u00e1zat \u00e9p\u00edtettett, gy\u00fcm\u00f6lcstfa nemes\u00edt\u00e9ssel is foglalkozott. <br \/><strong>Irod.:<\/strong> Kelemen<\/br><\/p>\n","protected":false},"excerpt":{"rendered":"<p>Magyarzs\u00e1kod, 1899., \u2020\u00a0Torda, 1944.: ref. lelk\u00e9sz. \u2013 Feles\u00e9ge: Nagy M\u00e1ria (\u2020\u00a0?.); Derzsi Piroska.- Az I.vil\u00e1gh\u00e1bor\u00faban katona, a Torda k\u00f6r\u00fcli harcokban esett el. Teol\u00f3gus. V\u00e1rfalv\u00e1n lelk\u00e9sz, itt k\u00e1ntori lak\u00e1st, gy\u00fclekezeti termet \u00e9s kulturh\u00e1zat \u00e9p\u00edtettett, gy\u00fcm\u00f6lcstfa nemes\u00edt\u00e9ssel is foglalkozott. Irod.: Kelemen<\/p>\n","protected":false},"featured_media":0,"comment_status":"open","ping_status":"closed","template":"","meta":[],"product_brand":[],"product_cat":[137],"product_tag":[],"class_list":{"0":"post-17710","1":"product","2":"type-product","3":"status-publish","5":"product_cat-maros-megyei-eletrajzi-lexikon","7":"first","8":"instock","9":"shipping-taxable","10":"product-type-simple"},"_links":{"self":[{"href":"https:\/\/uj.adatbank.ro\/lexikon\/wp-json\/wp\/v2\/product\/17710","targetHints":{"allow":["GET"]}}],"collection":[{"href":"https:\/\/uj.adatbank.ro\/lexikon\/wp-json\/wp\/v2\/product"}],"about":[{"href":"https:\/\/uj.adatbank.ro\/lexikon\/wp-json\/wp\/v2\/types\/product"}],"replies":[{"embeddable":true,"href":"https:\/\/uj.adatbank.ro\/lexikon\/wp-json\/wp\/v2\/comments?post=17710"}],"wp:attachment":[{"href":"https:\/\/uj.adatbank.ro\/lexikon\/wp-json\/wp\/v2\/media?parent=17710"}],"wp:term":[{"taxonomy":"product_brand","embeddable":true,"href":"https:\/\/uj.adatbank.ro\/lexikon\/wp-json\/wp\/v2\/product_brand?post=17710"},{"taxonomy":"product_cat","embeddable":true,"href":"https:\/\/uj.adatbank.ro\/lexikon\/wp-json\/wp\/v2\/product_cat?post=17710"},{"taxonomy":"product_tag","embeddable":true,"href":"https:\/\/uj.adatbank.ro\/lexikon\/wp-json\/wp\/v2\/product_tag?post=17710"}],"curies":[{"name":"wp","href":"https:\/\/api.w.org\/{rel}","templated":true}]}}