{"id":17711,"date":"2025-07-16T10:25:08","date_gmt":"2025-07-16T08:25:08","guid":{"rendered":"https:\/\/uj.adatbank.ro\/lexikon\/termek\/pataki-daniel\/"},"modified":"2025-07-16T10:25:08","modified_gmt":"2025-07-16T08:25:08","slug":"pataki-daniel","status":"publish","type":"product","link":"https:\/\/uj.adatbank.ro\/lexikon\/termek\/pataki-daniel\/","title":{"rendered":"PATAKI D\u00e1niel"},"content":{"rendered":"<p>? \u2020\u00a0? : ref. lelk\u00e9sz. \u2013 Pataki Istv\u00e1n kv.-i professzor unok\u00e1ja. \u2013 Kv.-on subscrib\u00e1lt (1740 k.). Franekerben (1748\u201349) \u00e9s Leidenben (1749\u201353) peregrin\u00e1lt. A nagyenyedi zsinaton ordin\u00e1lt\u00e1k (1753). Oroszf\u00e1j\u00e1n (1753\u201355), Kolozson (1764\u2013) \u00e9s Sz\u00e1szl\u00f3n\u00e1n (1770\u2013) volt lelk\u00e9sz. <br \/><strong>Irod.:<\/strong> \u0150sz<\/br><\/p>\n","protected":false},"excerpt":{"rendered":"<p>? \u2020\u00a0? : ref. lelk\u00e9sz. \u2013 Pataki Istv\u00e1n kv.-i professzor unok\u00e1ja. \u2013 Kv.-on subscrib\u00e1lt (1740 k.). Franekerben (1748\u201349) \u00e9s Leidenben (1749\u201353) peregrin\u00e1lt. A nagyenyedi zsinaton ordin\u00e1lt\u00e1k (1753). Oroszf\u00e1j\u00e1n (1753\u201355), Kolozson (1764\u2013) \u00e9s Sz\u00e1szl\u00f3n\u00e1n (1770\u2013) volt lelk\u00e9sz. Irod.: \u0150sz<\/p>\n","protected":false},"featured_media":0,"comment_status":"open","ping_status":"closed","template":"","meta":[],"product_brand":[],"product_cat":[137],"product_tag":[],"class_list":{"0":"post-17711","1":"product","2":"type-product","3":"status-publish","5":"product_cat-maros-megyei-eletrajzi-lexikon","7":"first","8":"instock","9":"shipping-taxable","10":"product-type-simple"},"_links":{"self":[{"href":"https:\/\/uj.adatbank.ro\/lexikon\/wp-json\/wp\/v2\/product\/17711","targetHints":{"allow":["GET"]}}],"collection":[{"href":"https:\/\/uj.adatbank.ro\/lexikon\/wp-json\/wp\/v2\/product"}],"about":[{"href":"https:\/\/uj.adatbank.ro\/lexikon\/wp-json\/wp\/v2\/types\/product"}],"replies":[{"embeddable":true,"href":"https:\/\/uj.adatbank.ro\/lexikon\/wp-json\/wp\/v2\/comments?post=17711"}],"wp:attachment":[{"href":"https:\/\/uj.adatbank.ro\/lexikon\/wp-json\/wp\/v2\/media?parent=17711"}],"wp:term":[{"taxonomy":"product_brand","embeddable":true,"href":"https:\/\/uj.adatbank.ro\/lexikon\/wp-json\/wp\/v2\/product_brand?post=17711"},{"taxonomy":"product_cat","embeddable":true,"href":"https:\/\/uj.adatbank.ro\/lexikon\/wp-json\/wp\/v2\/product_cat?post=17711"},{"taxonomy":"product_tag","embeddable":true,"href":"https:\/\/uj.adatbank.ro\/lexikon\/wp-json\/wp\/v2\/product_tag?post=17711"}],"curies":[{"name":"wp","href":"https:\/\/api.w.org\/{rel}","templated":true}]}}