{"id":17714,"date":"2025-07-16T10:25:14","date_gmt":"2025-07-16T08:25:14","guid":{"rendered":"https:\/\/uj.adatbank.ro\/lexikon\/termek\/pataki-denes-2\/"},"modified":"2025-07-16T10:25:14","modified_gmt":"2025-07-16T08:25:14","slug":"pataki-denes-2","status":"publish","type":"product","link":"https:\/\/uj.adatbank.ro\/lexikon\/termek\/pataki-denes-2\/","title":{"rendered":"PATAKI D\u00e9nes"},"content":{"rendered":"<p>? \u2020 ?: tan\u00edt\u00f3. \u2013 Ny\u00e1r\u00e1dmagyar\u00f3son ev. ref. tan\u00edt\u00f3. 40 \u00e9ves szolg\u00e1lati jubileum\u00e1t megtartott\u00e1k (1896 nov. 12). Az \u00fcnnepelt \u00e9let\u00e9t \u00e9s munk\u00e1ss\u00e1g\u00e1t F\u00e1bi\u00e1n \u00d6d\u00f6n k\u00f6ri jegyz\u0151 m\u00e9ltatta. <br \/><strong>Irod.:<\/strong> Eml\u00e9kk\u00f6nyv<\/br><\/p>\n","protected":false},"excerpt":{"rendered":"<p>? \u2020 ?: tan\u00edt\u00f3. \u2013 Ny\u00e1r\u00e1dmagyar\u00f3son ev. ref. tan\u00edt\u00f3. 40 \u00e9ves szolg\u00e1lati jubileum\u00e1t megtartott\u00e1k (1896 nov. 12). Az \u00fcnnepelt \u00e9let\u00e9t \u00e9s munk\u00e1ss\u00e1g\u00e1t F\u00e1bi\u00e1n \u00d6d\u00f6n k\u00f6ri jegyz\u0151 m\u00e9ltatta. Irod.: Eml\u00e9kk\u00f6nyv<\/p>\n","protected":false},"featured_media":0,"comment_status":"open","ping_status":"closed","template":"","meta":[],"product_brand":[],"product_cat":[137],"product_tag":[],"class_list":{"0":"post-17714","1":"product","2":"type-product","3":"status-publish","5":"product_cat-maros-megyei-eletrajzi-lexikon","7":"first","8":"instock","9":"shipping-taxable","10":"product-type-simple"},"_links":{"self":[{"href":"https:\/\/uj.adatbank.ro\/lexikon\/wp-json\/wp\/v2\/product\/17714","targetHints":{"allow":["GET"]}}],"collection":[{"href":"https:\/\/uj.adatbank.ro\/lexikon\/wp-json\/wp\/v2\/product"}],"about":[{"href":"https:\/\/uj.adatbank.ro\/lexikon\/wp-json\/wp\/v2\/types\/product"}],"replies":[{"embeddable":true,"href":"https:\/\/uj.adatbank.ro\/lexikon\/wp-json\/wp\/v2\/comments?post=17714"}],"wp:attachment":[{"href":"https:\/\/uj.adatbank.ro\/lexikon\/wp-json\/wp\/v2\/media?parent=17714"}],"wp:term":[{"taxonomy":"product_brand","embeddable":true,"href":"https:\/\/uj.adatbank.ro\/lexikon\/wp-json\/wp\/v2\/product_brand?post=17714"},{"taxonomy":"product_cat","embeddable":true,"href":"https:\/\/uj.adatbank.ro\/lexikon\/wp-json\/wp\/v2\/product_cat?post=17714"},{"taxonomy":"product_tag","embeddable":true,"href":"https:\/\/uj.adatbank.ro\/lexikon\/wp-json\/wp\/v2\/product_tag?post=17714"}],"curies":[{"name":"wp","href":"https:\/\/api.w.org\/{rel}","templated":true}]}}