{"id":17715,"date":"2025-07-16T10:25:16","date_gmt":"2025-07-16T08:25:16","guid":{"rendered":"https:\/\/uj.adatbank.ro\/lexikon\/termek\/pataki-domokos\/"},"modified":"2025-07-16T10:25:16","modified_gmt":"2025-07-16T08:25:16","slug":"pataki-domokos","status":"publish","type":"product","link":"https:\/\/uj.adatbank.ro\/lexikon\/termek\/pataki-domokos\/","title":{"rendered":"PATAKI Domokos"},"content":{"rendered":"<p>? \u2020\u00a0?: f\u00f6ldbirtokos. \u2013 Ka\u00e1li Nagy Zolt\u00e1nt\u00f3l v\u00e1s\u00e1rolt meg 200 holdnyi f\u00f6ldet Ny\u00e1r\u00e1dszentl\u00e1szl\u00f3n, az udvarh\u00e1zzal egy\u00fctt. T\u0151le \u00f6r\u00f6k\u00f6lte P. K\u00e1lm\u00e1n tan\u00e1r a birtokot, akinek egyik fia P. K\u00e1lm\u00e1n a vil\u00e1gh\u00edr\u0171 opera\u00e9nekes. <br \/><strong>Irod.:<\/strong> Ny\u00e1r\u00e1dszentl\u00e1szl\u00f3<\/br><\/p>\n","protected":false},"excerpt":{"rendered":"<p>? \u2020\u00a0?: f\u00f6ldbirtokos. \u2013 Ka\u00e1li Nagy Zolt\u00e1nt\u00f3l v\u00e1s\u00e1rolt meg 200 holdnyi f\u00f6ldet Ny\u00e1r\u00e1dszentl\u00e1szl\u00f3n, az udvarh\u00e1zzal egy\u00fctt. T\u0151le \u00f6r\u00f6k\u00f6lte P. K\u00e1lm\u00e1n tan\u00e1r a birtokot, akinek egyik fia P. K\u00e1lm\u00e1n a vil\u00e1gh\u00edr\u0171 opera\u00e9nekes. Irod.: Ny\u00e1r\u00e1dszentl\u00e1szl\u00f3<\/p>\n","protected":false},"featured_media":0,"comment_status":"open","ping_status":"closed","template":"","meta":[],"product_brand":[],"product_cat":[137],"product_tag":[],"class_list":{"0":"post-17715","1":"product","2":"type-product","3":"status-publish","5":"product_cat-maros-megyei-eletrajzi-lexikon","7":"first","8":"instock","9":"shipping-taxable","10":"product-type-simple"},"_links":{"self":[{"href":"https:\/\/uj.adatbank.ro\/lexikon\/wp-json\/wp\/v2\/product\/17715","targetHints":{"allow":["GET"]}}],"collection":[{"href":"https:\/\/uj.adatbank.ro\/lexikon\/wp-json\/wp\/v2\/product"}],"about":[{"href":"https:\/\/uj.adatbank.ro\/lexikon\/wp-json\/wp\/v2\/types\/product"}],"replies":[{"embeddable":true,"href":"https:\/\/uj.adatbank.ro\/lexikon\/wp-json\/wp\/v2\/comments?post=17715"}],"wp:attachment":[{"href":"https:\/\/uj.adatbank.ro\/lexikon\/wp-json\/wp\/v2\/media?parent=17715"}],"wp:term":[{"taxonomy":"product_brand","embeddable":true,"href":"https:\/\/uj.adatbank.ro\/lexikon\/wp-json\/wp\/v2\/product_brand?post=17715"},{"taxonomy":"product_cat","embeddable":true,"href":"https:\/\/uj.adatbank.ro\/lexikon\/wp-json\/wp\/v2\/product_cat?post=17715"},{"taxonomy":"product_tag","embeddable":true,"href":"https:\/\/uj.adatbank.ro\/lexikon\/wp-json\/wp\/v2\/product_tag?post=17715"}],"curies":[{"name":"wp","href":"https:\/\/api.w.org\/{rel}","templated":true}]}}