{"id":17717,"date":"2025-07-16T10:25:19","date_gmt":"2025-07-16T08:25:19","guid":{"rendered":"https:\/\/uj.adatbank.ro\/lexikon\/termek\/pataki-gyorgy\/"},"modified":"2025-07-16T10:25:19","modified_gmt":"2025-07-16T08:25:19","slug":"pataki-gyorgy","status":"publish","type":"product","link":"https:\/\/uj.adatbank.ro\/lexikon\/termek\/pataki-gyorgy\/","title":{"rendered":"PATAKI Gy\u00f6rgy"},"content":{"rendered":"<p>? \u2020\u00a01604 el\u0151tt: f\u00f6ldbirtokos. \u2013 Feles\u00e9ge: Dacz\u00f3 Ilona. \u2013 A marossz\u00e9ki Bene falu a birtokukba volt. \u00d6zvegye k\u00e9rte, hogy ne vegy\u00e9k be a falu lak\u00f3it a szabadsz\u00e9kelyek k\u00f6z\u00e9, hanem azok tov\u00e1bbra is a f\u00f6ldes\u00fari hat\u00f3s\u00e1g alatt maradjanak. Basta k\u00e9r\u00e9s\u00e9t j\u00f3v\u00e1hagyta, megparancsolta\u00cd: ne mer\u00e9szelj\u00e9k a falu lak\u00f3it a szabad sz\u00e9kelys\u00e9g k\u00f6zz\u00e9 venni (1604. jan. 30.). <br \/><strong>Irod.:<\/strong> B\u00e1sta<\/br><\/p>\n","protected":false},"excerpt":{"rendered":"<p>? \u2020\u00a01604 el\u0151tt: f\u00f6ldbirtokos. \u2013 Feles\u00e9ge: Dacz\u00f3 Ilona. \u2013 A marossz\u00e9ki Bene falu a birtokukba volt. \u00d6zvegye k\u00e9rte, hogy ne vegy\u00e9k be a falu lak\u00f3it a szabadsz\u00e9kelyek k\u00f6z\u00e9, hanem azok tov\u00e1bbra is a f\u00f6ldes\u00fari hat\u00f3s\u00e1g alatt maradjanak. Basta k\u00e9r\u00e9s\u00e9t j\u00f3v\u00e1hagyta, megparancsolta\u00cd: ne mer\u00e9szelj\u00e9k a falu lak\u00f3it a szabad sz\u00e9kelys\u00e9g k\u00f6zz\u00e9 venni (1604. jan. 30.). Irod.: [&hellip;]<\/p>\n","protected":false},"featured_media":0,"comment_status":"open","ping_status":"closed","template":"","meta":[],"product_brand":[],"product_cat":[137],"product_tag":[],"class_list":{"0":"post-17717","1":"product","2":"type-product","3":"status-publish","5":"product_cat-maros-megyei-eletrajzi-lexikon","7":"first","8":"instock","9":"shipping-taxable","10":"product-type-simple"},"_links":{"self":[{"href":"https:\/\/uj.adatbank.ro\/lexikon\/wp-json\/wp\/v2\/product\/17717","targetHints":{"allow":["GET"]}}],"collection":[{"href":"https:\/\/uj.adatbank.ro\/lexikon\/wp-json\/wp\/v2\/product"}],"about":[{"href":"https:\/\/uj.adatbank.ro\/lexikon\/wp-json\/wp\/v2\/types\/product"}],"replies":[{"embeddable":true,"href":"https:\/\/uj.adatbank.ro\/lexikon\/wp-json\/wp\/v2\/comments?post=17717"}],"wp:attachment":[{"href":"https:\/\/uj.adatbank.ro\/lexikon\/wp-json\/wp\/v2\/media?parent=17717"}],"wp:term":[{"taxonomy":"product_brand","embeddable":true,"href":"https:\/\/uj.adatbank.ro\/lexikon\/wp-json\/wp\/v2\/product_brand?post=17717"},{"taxonomy":"product_cat","embeddable":true,"href":"https:\/\/uj.adatbank.ro\/lexikon\/wp-json\/wp\/v2\/product_cat?post=17717"},{"taxonomy":"product_tag","embeddable":true,"href":"https:\/\/uj.adatbank.ro\/lexikon\/wp-json\/wp\/v2\/product_tag?post=17717"}],"curies":[{"name":"wp","href":"https:\/\/api.w.org\/{rel}","templated":true}]}}