{"id":17719,"date":"2025-07-16T10:25:27","date_gmt":"2025-07-16T08:25:27","guid":{"rendered":"https:\/\/uj.adatbank.ro\/lexikon\/termek\/pataki-gyorgy-ferenc\/"},"modified":"2025-07-16T10:25:27","modified_gmt":"2025-07-16T08:25:27","slug":"pataki-gyorgy-ferenc","status":"publish","type":"product","link":"https:\/\/uj.adatbank.ro\/lexikon\/termek\/pataki-gyorgy-ferenc\/","title":{"rendered":"PATAKI Gy\u00f6rgy Ferenc"},"content":{"rendered":"<p>? \u2020\u00a0K\u00f3r\u00f3dszentm\u00e1rton, 1733.: tan\u00edt\u00f3, ref. lelk\u00e9sz. \u2013 Mv.-en subscrib\u00e1lt (1691). Rektor volt Marosbog\u00e1ton (1699\u20131701), S\u00f6v\u00e9nyfalv\u00e1n (1712). Lelk\u00e9sz volt S\u00f6v\u00e9nyfalv\u00e1n (1713), Magyars\u00fcly\u00e9n (1715\u201317), Kutyfalv\u00e1n (1721\u201323) \u00e9s hal\u00e1l\u00e1ig K\u00f3r\u00f3dszentm\u00e1rtonban (1724\u201333). <br \/><strong>Irod.:<\/strong> K\u00fck\u00fcll\u0151i Ref. Egyh\u00e1zm. 2., 3., 4.<\/br><\/p>\n","protected":false},"excerpt":{"rendered":"<p>? \u2020\u00a0K\u00f3r\u00f3dszentm\u00e1rton, 1733.: tan\u00edt\u00f3, ref. lelk\u00e9sz. \u2013 Mv.-en subscrib\u00e1lt (1691). Rektor volt Marosbog\u00e1ton (1699\u20131701), S\u00f6v\u00e9nyfalv\u00e1n (1712). Lelk\u00e9sz volt S\u00f6v\u00e9nyfalv\u00e1n (1713), Magyars\u00fcly\u00e9n (1715\u201317), Kutyfalv\u00e1n (1721\u201323) \u00e9s hal\u00e1l\u00e1ig K\u00f3r\u00f3dszentm\u00e1rtonban (1724\u201333). Irod.: K\u00fck\u00fcll\u0151i Ref. Egyh\u00e1zm. 2., 3., 4.<\/p>\n","protected":false},"featured_media":0,"comment_status":"open","ping_status":"closed","template":"","meta":[],"product_brand":[],"product_cat":[137],"product_tag":[],"class_list":{"0":"post-17719","1":"product","2":"type-product","3":"status-publish","5":"product_cat-maros-megyei-eletrajzi-lexikon","7":"first","8":"instock","9":"shipping-taxable","10":"product-type-simple"},"_links":{"self":[{"href":"https:\/\/uj.adatbank.ro\/lexikon\/wp-json\/wp\/v2\/product\/17719","targetHints":{"allow":["GET"]}}],"collection":[{"href":"https:\/\/uj.adatbank.ro\/lexikon\/wp-json\/wp\/v2\/product"}],"about":[{"href":"https:\/\/uj.adatbank.ro\/lexikon\/wp-json\/wp\/v2\/types\/product"}],"replies":[{"embeddable":true,"href":"https:\/\/uj.adatbank.ro\/lexikon\/wp-json\/wp\/v2\/comments?post=17719"}],"wp:attachment":[{"href":"https:\/\/uj.adatbank.ro\/lexikon\/wp-json\/wp\/v2\/media?parent=17719"}],"wp:term":[{"taxonomy":"product_brand","embeddable":true,"href":"https:\/\/uj.adatbank.ro\/lexikon\/wp-json\/wp\/v2\/product_brand?post=17719"},{"taxonomy":"product_cat","embeddable":true,"href":"https:\/\/uj.adatbank.ro\/lexikon\/wp-json\/wp\/v2\/product_cat?post=17719"},{"taxonomy":"product_tag","embeddable":true,"href":"https:\/\/uj.adatbank.ro\/lexikon\/wp-json\/wp\/v2\/product_tag?post=17719"}],"curies":[{"name":"wp","href":"https:\/\/api.w.org\/{rel}","templated":true}]}}