{"id":17721,"date":"2025-07-16T10:25:30","date_gmt":"2025-07-16T08:25:30","guid":{"rendered":"https:\/\/uj.adatbank.ro\/lexikon\/termek\/pataki-istvan-2\/"},"modified":"2025-07-16T10:25:30","modified_gmt":"2025-07-16T08:25:30","slug":"pataki-istvan-2","status":"publish","type":"product","link":"https:\/\/uj.adatbank.ro\/lexikon\/termek\/pataki-istvan-2\/","title":{"rendered":"PATAKI Istv\u00e1n"},"content":{"rendered":"<p>? \u2020 ?: ref. lelk\u00e9sz. \u2013 V\u00e1s\u00e1rhelyi K. Istv\u00e1n unok\u00e1ja. Feles\u00e9ge Nagy \u00c9va. \u2013 Mv.-en subscrib\u00e1lt (1769). Magyar\u00f3n volt k\u00e1pl\u00e1n (1780\u201387), majd lelk\u00e9sz (1788\u20131805). \u2013 Irod: B\u00f6jthe Andor; \u0150sz; RMK<\/br><\/p>\n","protected":false},"excerpt":{"rendered":"<p>? \u2020 ?: ref. lelk\u00e9sz. \u2013 V\u00e1s\u00e1rhelyi K. Istv\u00e1n unok\u00e1ja. Feles\u00e9ge Nagy \u00c9va. \u2013 Mv.-en subscrib\u00e1lt (1769). Magyar\u00f3n volt k\u00e1pl\u00e1n (1780\u201387), majd lelk\u00e9sz (1788\u20131805). \u2013 Irod: B\u00f6jthe Andor; \u0150sz; RMK<\/p>\n","protected":false},"featured_media":0,"comment_status":"open","ping_status":"closed","template":"","meta":[],"product_brand":[],"product_cat":[137],"product_tag":[],"class_list":{"0":"post-17721","1":"product","2":"type-product","3":"status-publish","5":"product_cat-maros-megyei-eletrajzi-lexikon","7":"first","8":"instock","9":"shipping-taxable","10":"product-type-simple"},"_links":{"self":[{"href":"https:\/\/uj.adatbank.ro\/lexikon\/wp-json\/wp\/v2\/product\/17721","targetHints":{"allow":["GET"]}}],"collection":[{"href":"https:\/\/uj.adatbank.ro\/lexikon\/wp-json\/wp\/v2\/product"}],"about":[{"href":"https:\/\/uj.adatbank.ro\/lexikon\/wp-json\/wp\/v2\/types\/product"}],"replies":[{"embeddable":true,"href":"https:\/\/uj.adatbank.ro\/lexikon\/wp-json\/wp\/v2\/comments?post=17721"}],"wp:attachment":[{"href":"https:\/\/uj.adatbank.ro\/lexikon\/wp-json\/wp\/v2\/media?parent=17721"}],"wp:term":[{"taxonomy":"product_brand","embeddable":true,"href":"https:\/\/uj.adatbank.ro\/lexikon\/wp-json\/wp\/v2\/product_brand?post=17721"},{"taxonomy":"product_cat","embeddable":true,"href":"https:\/\/uj.adatbank.ro\/lexikon\/wp-json\/wp\/v2\/product_cat?post=17721"},{"taxonomy":"product_tag","embeddable":true,"href":"https:\/\/uj.adatbank.ro\/lexikon\/wp-json\/wp\/v2\/product_tag?post=17721"}],"curies":[{"name":"wp","href":"https:\/\/api.w.org\/{rel}","templated":true}]}}