{"id":17723,"date":"2025-07-16T10:25:35","date_gmt":"2025-07-16T08:25:35","guid":{"rendered":"https:\/\/uj.adatbank.ro\/lexikon\/termek\/pataki-istvan-s-pataki-istvan\/"},"modified":"2025-07-16T10:25:35","modified_gmt":"2025-07-16T08:25:35","slug":"pataki-istvan-s-pataki-istvan","status":"publish","type":"product","link":"https:\/\/uj.adatbank.ro\/lexikon\/termek\/pataki-istvan-s-pataki-istvan\/","title":{"rendered":"PATAKI Istv\u00e1n, S. Pataki Istv\u00e1n"},"content":{"rendered":"<p>Radn\u00f3t, 1677. nov. 17., \u2020 Magyar\u00f3, 1754. \u00e1pr. 29.v. 30.: ref. lelk\u00e9sz. A templomkertbe temett\u00e9k. \u2013 Feles\u00e9ge: Zilahi Krisztina (esk\u00fcv\u0151: 1707. m\u00e1jus 18.). \u2013 Nagyenyeden tanult (1691\u2013), a t\u00f3g\u00e1tusok sor\u00e1ba l\u00e9pett (1695), clarissimusk\u00e9nt emleget\u00e9k. G\u00f6rg\u00e9nyszentimrei (1707 v. 1714\u20131740) \u00e9s magyar\u00f3i lelk\u00e9sz (1740\u201354), a g\u00f6rg\u00e9nyi egyh\u00e1zmegye not\u00e1riusa (1737\u201338), Vajna Mikl\u00f3s hal\u00e1la ut\u00e1n esperese (1738. \u00e1pr. 5.\u20131754). Ut\u00f3dja Ertsei S\u00e1muel. \u2013 Irod: B\u00f6jthe Andor; \u0150sz<\/br><\/p>\n","protected":false},"excerpt":{"rendered":"<p>Radn\u00f3t, 1677. nov. 17., \u2020 Magyar\u00f3, 1754. \u00e1pr. 29.v. 30.: ref. lelk\u00e9sz. A templomkertbe temett\u00e9k. \u2013 Feles\u00e9ge: Zilahi Krisztina (esk\u00fcv\u0151: 1707. m\u00e1jus 18.). \u2013 Nagyenyeden tanult (1691\u2013), a t\u00f3g\u00e1tusok sor\u00e1ba l\u00e9pett (1695), clarissimusk\u00e9nt emleget\u00e9k. G\u00f6rg\u00e9nyszentimrei (1707 v. 1714\u20131740) \u00e9s magyar\u00f3i lelk\u00e9sz (1740\u201354), a g\u00f6rg\u00e9nyi egyh\u00e1zmegye not\u00e1riusa (1737\u201338), Vajna Mikl\u00f3s hal\u00e1la ut\u00e1n esperese (1738. \u00e1pr. 5.\u20131754). [&hellip;]<\/p>\n","protected":false},"featured_media":0,"comment_status":"open","ping_status":"closed","template":"","meta":[],"product_brand":[],"product_cat":[137],"product_tag":[],"class_list":{"0":"post-17723","1":"product","2":"type-product","3":"status-publish","5":"product_cat-maros-megyei-eletrajzi-lexikon","7":"first","8":"instock","9":"shipping-taxable","10":"product-type-simple"},"_links":{"self":[{"href":"https:\/\/uj.adatbank.ro\/lexikon\/wp-json\/wp\/v2\/product\/17723","targetHints":{"allow":["GET"]}}],"collection":[{"href":"https:\/\/uj.adatbank.ro\/lexikon\/wp-json\/wp\/v2\/product"}],"about":[{"href":"https:\/\/uj.adatbank.ro\/lexikon\/wp-json\/wp\/v2\/types\/product"}],"replies":[{"embeddable":true,"href":"https:\/\/uj.adatbank.ro\/lexikon\/wp-json\/wp\/v2\/comments?post=17723"}],"wp:attachment":[{"href":"https:\/\/uj.adatbank.ro\/lexikon\/wp-json\/wp\/v2\/media?parent=17723"}],"wp:term":[{"taxonomy":"product_brand","embeddable":true,"href":"https:\/\/uj.adatbank.ro\/lexikon\/wp-json\/wp\/v2\/product_brand?post=17723"},{"taxonomy":"product_cat","embeddable":true,"href":"https:\/\/uj.adatbank.ro\/lexikon\/wp-json\/wp\/v2\/product_cat?post=17723"},{"taxonomy":"product_tag","embeddable":true,"href":"https:\/\/uj.adatbank.ro\/lexikon\/wp-json\/wp\/v2\/product_tag?post=17723"}],"curies":[{"name":"wp","href":"https:\/\/api.w.org\/{rel}","templated":true}]}}