{"id":17727,"date":"2025-07-16T10:25:43","date_gmt":"2025-07-16T08:25:43","guid":{"rendered":"https:\/\/uj.adatbank.ro\/lexikon\/termek\/pataki-jozsef-2\/"},"modified":"2025-07-16T10:25:43","modified_gmt":"2025-07-16T08:25:43","slug":"pataki-jozsef-2","status":"publish","type":"product","link":"https:\/\/uj.adatbank.ro\/lexikon\/termek\/pataki-jozsef-2\/","title":{"rendered":"PATAKI J\u00f3zsef"},"content":{"rendered":"<p>? \u2020 ?: tan\u00e1r. \u2013 A mv.i Rom. Kat Tan\u00edt\u00f3k\u00e9pz\u0151 Fi\u00faiskola (1935- 41), majd a R.K. Fi\u00fagimn. rom\u00e1ntan\u00e1ra (1941\u201345). A cs\u00edkszeredai gimn. igazgat\u00f3ja. A Bolyai TE-en t\u00f6rt\u00e9n\u00e9sz, egyetemi tan\u00e1r. <br \/><strong>Irod.:<\/strong> Mv.-i R.K. okt. ; P\u00e1l-Antal 2013; Szab\u00f3 K. Attila<\/br><\/p>\n","protected":false},"excerpt":{"rendered":"<p>? \u2020 ?: tan\u00e1r. \u2013 A mv.i Rom. Kat Tan\u00edt\u00f3k\u00e9pz\u0151 Fi\u00faiskola (1935- 41), majd a R.K. Fi\u00fagimn. rom\u00e1ntan\u00e1ra (1941\u201345). A cs\u00edkszeredai gimn. igazgat\u00f3ja. A Bolyai TE-en t\u00f6rt\u00e9n\u00e9sz, egyetemi tan\u00e1r. Irod.: Mv.-i R.K. okt. ; P\u00e1l-Antal 2013; Szab\u00f3 K. Attila<\/p>\n","protected":false},"featured_media":0,"comment_status":"open","ping_status":"closed","template":"","meta":[],"product_brand":[],"product_cat":[137],"product_tag":[],"class_list":{"0":"post-17727","1":"product","2":"type-product","3":"status-publish","5":"product_cat-maros-megyei-eletrajzi-lexikon","7":"first","8":"instock","9":"shipping-taxable","10":"product-type-simple"},"_links":{"self":[{"href":"https:\/\/uj.adatbank.ro\/lexikon\/wp-json\/wp\/v2\/product\/17727","targetHints":{"allow":["GET"]}}],"collection":[{"href":"https:\/\/uj.adatbank.ro\/lexikon\/wp-json\/wp\/v2\/product"}],"about":[{"href":"https:\/\/uj.adatbank.ro\/lexikon\/wp-json\/wp\/v2\/types\/product"}],"replies":[{"embeddable":true,"href":"https:\/\/uj.adatbank.ro\/lexikon\/wp-json\/wp\/v2\/comments?post=17727"}],"wp:attachment":[{"href":"https:\/\/uj.adatbank.ro\/lexikon\/wp-json\/wp\/v2\/media?parent=17727"}],"wp:term":[{"taxonomy":"product_brand","embeddable":true,"href":"https:\/\/uj.adatbank.ro\/lexikon\/wp-json\/wp\/v2\/product_brand?post=17727"},{"taxonomy":"product_cat","embeddable":true,"href":"https:\/\/uj.adatbank.ro\/lexikon\/wp-json\/wp\/v2\/product_cat?post=17727"},{"taxonomy":"product_tag","embeddable":true,"href":"https:\/\/uj.adatbank.ro\/lexikon\/wp-json\/wp\/v2\/product_tag?post=17727"}],"curies":[{"name":"wp","href":"https:\/\/api.w.org\/{rel}","templated":true}]}}