{"id":17728,"date":"2025-07-16T10:25:45","date_gmt":"2025-07-16T08:25:45","guid":{"rendered":"https:\/\/uj.adatbank.ro\/lexikon\/termek\/pataki-jozsef-sarospataki\/"},"modified":"2025-07-16T10:25:45","modified_gmt":"2025-07-16T08:25:45","slug":"pataki-jozsef-sarospataki","status":"publish","type":"product","link":"https:\/\/uj.adatbank.ro\/lexikon\/termek\/pataki-jozsef-sarospataki\/","title":{"rendered":"PATAKI J\u00f3zsef, s\u00e1rospataki"},"content":{"rendered":"<p>1828.?, \u2020 Bonyha, 1903. dec. 4.: postamester. \u2013 Feles\u00e9ge: Szil\u00e1gyi N. M\u00e1ria f\u00f6ldbirtokos (1834.? \u2013 Bonyha, 1921 okt. 5.), le\u00e1nya S\u00e1ndor Irma, B\u00e1n Ferencn\u00e9. \u2013 Bonyhai m. kir. postamester, 1848. \u00e9vi honv\u00e9dhusz\u00e1r. <br \/><strong>Irod.:<\/strong> Gy\u00e1szjelent\u0151<\/br><\/p>\n","protected":false},"excerpt":{"rendered":"<p>1828.?, \u2020 Bonyha, 1903. dec. 4.: postamester. \u2013 Feles\u00e9ge: Szil\u00e1gyi N. M\u00e1ria f\u00f6ldbirtokos (1834.? \u2013 Bonyha, 1921 okt. 5.), le\u00e1nya S\u00e1ndor Irma, B\u00e1n Ferencn\u00e9. \u2013 Bonyhai m. kir. postamester, 1848. \u00e9vi honv\u00e9dhusz\u00e1r. Irod.: Gy\u00e1szjelent\u0151<\/p>\n","protected":false},"featured_media":0,"comment_status":"open","ping_status":"closed","template":"","meta":[],"product_brand":[],"product_cat":[137],"product_tag":[],"class_list":{"0":"post-17728","1":"product","2":"type-product","3":"status-publish","5":"product_cat-maros-megyei-eletrajzi-lexikon","7":"first","8":"instock","9":"shipping-taxable","10":"product-type-simple"},"_links":{"self":[{"href":"https:\/\/uj.adatbank.ro\/lexikon\/wp-json\/wp\/v2\/product\/17728","targetHints":{"allow":["GET"]}}],"collection":[{"href":"https:\/\/uj.adatbank.ro\/lexikon\/wp-json\/wp\/v2\/product"}],"about":[{"href":"https:\/\/uj.adatbank.ro\/lexikon\/wp-json\/wp\/v2\/types\/product"}],"replies":[{"embeddable":true,"href":"https:\/\/uj.adatbank.ro\/lexikon\/wp-json\/wp\/v2\/comments?post=17728"}],"wp:attachment":[{"href":"https:\/\/uj.adatbank.ro\/lexikon\/wp-json\/wp\/v2\/media?parent=17728"}],"wp:term":[{"taxonomy":"product_brand","embeddable":true,"href":"https:\/\/uj.adatbank.ro\/lexikon\/wp-json\/wp\/v2\/product_brand?post=17728"},{"taxonomy":"product_cat","embeddable":true,"href":"https:\/\/uj.adatbank.ro\/lexikon\/wp-json\/wp\/v2\/product_cat?post=17728"},{"taxonomy":"product_tag","embeddable":true,"href":"https:\/\/uj.adatbank.ro\/lexikon\/wp-json\/wp\/v2\/product_tag?post=17728"}],"curies":[{"name":"wp","href":"https:\/\/api.w.org\/{rel}","templated":true}]}}