{"id":17730,"date":"2025-07-16T10:25:50","date_gmt":"2025-07-16T08:25:50","guid":{"rendered":"https:\/\/uj.adatbank.ro\/lexikon\/termek\/pataki-karoly\/"},"modified":"2025-07-16T10:25:50","modified_gmt":"2025-07-16T08:25:50","slug":"pataki-karoly","status":"publish","type":"product","link":"https:\/\/uj.adatbank.ro\/lexikon\/termek\/pataki-karoly\/","title":{"rendered":"PATAKI K\u00e1roly"},"content":{"rendered":"<p>Mv. 1916. febr. 7., \u2020\u00a0Mv., 1995. dec. 10.: gazd\u00e1lkod\u00f3. \u2013 Fels\u0151s\u00f3falv\u00e1n volt gazd\u00e1lkod\u00f3. Letart\u00f3ztatt\u00e1k (1958. dec. 19.) \u00e9s a MAT Katonai \u00dcgy\u00e9szs\u00e9ge a t\u00e1rsadalmi rend elleni tev\u00e9kenys\u00e9g v\u00e1dj\u00e1val \u00e1ll\u00edtotta b\u00edr\u00f3s\u00e1g el\u00e9. A kv.-i Tartom\u00e1nyi Katonai B\u00edr\u00f3s\u00e1g 7 \u00e9vre \u00edt\u00e9lte. Szanos\u00fajv\u00e1ron, majd a Brailai Nagysziget \u00e9s a Duna-delta k\u00e9nyszermunkat\u00e1boraiban volt (szabadult: 1962. okt. 3.). <br \/><strong>Irod.:<\/strong>1956 Erd\u00e9lyben<\/br><\/p>\n","protected":false},"excerpt":{"rendered":"<p>Mv. 1916. febr. 7., \u2020\u00a0Mv., 1995. dec. 10.: gazd\u00e1lkod\u00f3. \u2013 Fels\u0151s\u00f3falv\u00e1n volt gazd\u00e1lkod\u00f3. Letart\u00f3ztatt\u00e1k (1958. dec. 19.) \u00e9s a MAT Katonai \u00dcgy\u00e9szs\u00e9ge a t\u00e1rsadalmi rend elleni tev\u00e9kenys\u00e9g v\u00e1dj\u00e1val \u00e1ll\u00edtotta b\u00edr\u00f3s\u00e1g el\u00e9. A kv.-i Tartom\u00e1nyi Katonai B\u00edr\u00f3s\u00e1g 7 \u00e9vre \u00edt\u00e9lte. Szanos\u00fajv\u00e1ron, majd a Brailai Nagysziget \u00e9s a Duna-delta k\u00e9nyszermunkat\u00e1boraiban volt (szabadult: 1962. okt. 3.). Irod.:1956 Erd\u00e9lyben<\/p>\n","protected":false},"featured_media":0,"comment_status":"open","ping_status":"closed","template":"","meta":[],"product_brand":[],"product_cat":[137],"product_tag":[],"class_list":{"0":"post-17730","1":"product","2":"type-product","3":"status-publish","5":"product_cat-maros-megyei-eletrajzi-lexikon","7":"first","8":"instock","9":"shipping-taxable","10":"product-type-simple"},"_links":{"self":[{"href":"https:\/\/uj.adatbank.ro\/lexikon\/wp-json\/wp\/v2\/product\/17730","targetHints":{"allow":["GET"]}}],"collection":[{"href":"https:\/\/uj.adatbank.ro\/lexikon\/wp-json\/wp\/v2\/product"}],"about":[{"href":"https:\/\/uj.adatbank.ro\/lexikon\/wp-json\/wp\/v2\/types\/product"}],"replies":[{"embeddable":true,"href":"https:\/\/uj.adatbank.ro\/lexikon\/wp-json\/wp\/v2\/comments?post=17730"}],"wp:attachment":[{"href":"https:\/\/uj.adatbank.ro\/lexikon\/wp-json\/wp\/v2\/media?parent=17730"}],"wp:term":[{"taxonomy":"product_brand","embeddable":true,"href":"https:\/\/uj.adatbank.ro\/lexikon\/wp-json\/wp\/v2\/product_brand?post=17730"},{"taxonomy":"product_cat","embeddable":true,"href":"https:\/\/uj.adatbank.ro\/lexikon\/wp-json\/wp\/v2\/product_cat?post=17730"},{"taxonomy":"product_tag","embeddable":true,"href":"https:\/\/uj.adatbank.ro\/lexikon\/wp-json\/wp\/v2\/product_tag?post=17730"}],"curies":[{"name":"wp","href":"https:\/\/api.w.org\/{rel}","templated":true}]}}