{"id":17734,"date":"2025-07-16T10:25:59","date_gmt":"2025-07-16T08:25:59","guid":{"rendered":"https:\/\/uj.adatbank.ro\/lexikon\/termek\/pataki-laszlo-deesfalvi-pataky-laszlo\/"},"modified":"2025-07-16T10:25:59","modified_gmt":"2025-07-16T08:25:59","slug":"pataki-laszlo-deesfalvi-pataky-laszlo","status":"publish","type":"product","link":"https:\/\/uj.adatbank.ro\/lexikon\/termek\/pataki-laszlo-deesfalvi-pataky-laszlo\/","title":{"rendered":"PATAKI L\u00e1szl\u00f3, de\u00e9sfalvi, Pataky L\u00e1szl\u00f3"},"content":{"rendered":"<p>Magyars\u00e1ros, 1862. szept. 24., \u2020\u00a0Medgyes, 1914. szept. 30. Magyarcsap\u00f3n temett\u00e9k: ogy.-i k\u00e9pvisel\u0151. \u2013 P. L\u00e1szl\u00f3 \u00e9s Sombori Krisztina fia.Testv\u00e9rei: P. Krisztina Szab\u00f3 Albertn\u00e9; P. S\u00e1ndor. Feles\u00e9ge (1885 v.1886\u2013):a g\u00f3g\u00e1nv\u00e1raljai Szil\u00e1gyi Erzs\u00e9bet. Gyermekeik: P. Erzs\u00e9bet, P. Krisztina Plossek Gyul\u00e1n\u00e9, majd Ferencz Gyul\u00e1n\u00e9; P. Anna; P. Ilona Darvas Imr\u00e9n\u00e9. \u2013 K\u00f6z\u00e9piskol\u00e1it Kv.-on, a jogot Bp.-en v\u00e9gezte. Tanulm\u00e1nyai befejezt\u00e9vel d\u00e9sfalvi birtok\u00e1n gazd\u00e1lkodott. Kast\u00e9lya a 19. sz.-ban \u00e9p\u00fclt. Kisk\u00fck\u00fcll\u0151vm. t\u00f6rv\u00e9nyhat\u00f3s\u00e1gi bizotts\u00e1g\u00e1nak virilis tagja, \u00e9s a k\u00f6zigazgat\u00e1si bizotts\u00e1gnak k\u00f6zgazdas\u00e1gi el\u0151ad\u00f3ja. A mo.-i Unit. Egyh\u00e1z F\u0151- \u00e9s K\u00e9pvisel\u0151 Tan\u00e1cs\u00e1nak tagja, a kisk\u00fck\u00fcll\u0151i unit. egyh\u00e1zk\u00f6r fel\u00fcgyel\u0151 gondnoka volt. A dics\u0151szentm\u00e1rtoni als\u00f3 ker\u00fcletben egyhangulag v\u00e1lasztott\u00e1k meg ogy.-i k\u00e9pvisel\u0151v\u00e9 (1906) a F\u00fcggetlens\u00e9gi \u00e9s 48 \u2013as p\u00e1rt r\u00e9sz\u00e9r\u0151l, mely p\u00e1rtnak egyik jegyz\u0151je is volt. Az unit. egyh\u00e1zker\u00fclet fel\u00fcgyel\u0151 gondnoka volt. <br \/><strong>Irod.:<\/strong> Bor\u00e1szati t\u00f6rzsk\u00f6nyv (Bp., 1881); Dics\u0151szentm\u00e1rton r\u00e9gi arca; A magyar orsz\u00e1ggy\u0171l\u00e9s (Bp., 1906); Gy\u00e1szjelent\u0151; Keresztes Gyula: \u00d6r\u00f6ks\u00e9g\u00fcnk 29.: A n\u00e9gy d\u00e9sfalvi k\u00faria (N\u00fa., 1992. dec. 4.); Mure\u015f, jude\u0163; Ogy.-i almanach (1905\u201310)<\/br><\/p>\n","protected":false},"excerpt":{"rendered":"<p>Magyars\u00e1ros, 1862. szept. 24., \u2020\u00a0Medgyes, 1914. szept. 30. Magyarcsap\u00f3n temett\u00e9k: ogy.-i k\u00e9pvisel\u0151. \u2013 P. L\u00e1szl\u00f3 \u00e9s Sombori Krisztina fia.Testv\u00e9rei: P. Krisztina Szab\u00f3 Albertn\u00e9; P. S\u00e1ndor. Feles\u00e9ge (1885 v.1886\u2013):a g\u00f3g\u00e1nv\u00e1raljai Szil\u00e1gyi Erzs\u00e9bet. Gyermekeik: P. Erzs\u00e9bet, P. Krisztina Plossek Gyul\u00e1n\u00e9, majd Ferencz Gyul\u00e1n\u00e9; P. Anna; P. Ilona Darvas Imr\u00e9n\u00e9. \u2013 K\u00f6z\u00e9piskol\u00e1it Kv.-on, a jogot Bp.-en v\u00e9gezte. Tanulm\u00e1nyai [&hellip;]<\/p>\n","protected":false},"featured_media":0,"comment_status":"open","ping_status":"closed","template":"","meta":[],"product_brand":[],"product_cat":[137],"product_tag":[],"class_list":{"0":"post-17734","1":"product","2":"type-product","3":"status-publish","5":"product_cat-maros-megyei-eletrajzi-lexikon","7":"first","8":"instock","9":"shipping-taxable","10":"product-type-simple"},"_links":{"self":[{"href":"https:\/\/uj.adatbank.ro\/lexikon\/wp-json\/wp\/v2\/product\/17734","targetHints":{"allow":["GET"]}}],"collection":[{"href":"https:\/\/uj.adatbank.ro\/lexikon\/wp-json\/wp\/v2\/product"}],"about":[{"href":"https:\/\/uj.adatbank.ro\/lexikon\/wp-json\/wp\/v2\/types\/product"}],"replies":[{"embeddable":true,"href":"https:\/\/uj.adatbank.ro\/lexikon\/wp-json\/wp\/v2\/comments?post=17734"}],"wp:attachment":[{"href":"https:\/\/uj.adatbank.ro\/lexikon\/wp-json\/wp\/v2\/media?parent=17734"}],"wp:term":[{"taxonomy":"product_brand","embeddable":true,"href":"https:\/\/uj.adatbank.ro\/lexikon\/wp-json\/wp\/v2\/product_brand?post=17734"},{"taxonomy":"product_cat","embeddable":true,"href":"https:\/\/uj.adatbank.ro\/lexikon\/wp-json\/wp\/v2\/product_cat?post=17734"},{"taxonomy":"product_tag","embeddable":true,"href":"https:\/\/uj.adatbank.ro\/lexikon\/wp-json\/wp\/v2\/product_tag?post=17734"}],"curies":[{"name":"wp","href":"https:\/\/api.w.org\/{rel}","templated":true}]}}