{"id":17735,"date":"2025-07-16T10:26:01","date_gmt":"2025-07-16T08:26:01","guid":{"rendered":"https:\/\/uj.adatbank.ro\/lexikon\/termek\/pataki-laszlo-deesfalvi-pataky-laszlo-id\/"},"modified":"2025-07-16T10:26:01","modified_gmt":"2025-07-16T08:26:01","slug":"pataki-laszlo-deesfalvi-pataky-laszlo-id","status":"publish","type":"product","link":"https:\/\/uj.adatbank.ro\/lexikon\/termek\/pataki-laszlo-deesfalvi-pataky-laszlo-id\/","title":{"rendered":"PATAKI L\u00e1szl\u00f3, de\u00e9sfalvi, Pataky L\u00e1szl\u00f3, id."},"content":{"rendered":"<p>? \u2020\u00a01918.?\u00a0: Feles\u00e9ge: marosv\u00e1s\u00e1rhelyi Sombory Krisztina (1842.? \u2013 Magyars\u00e1ros, 1933. febr. 16.). Gyermekeik: P. Krisztina Szab\u00f3 Albertn\u00e9; P. S\u00e1ndor; P. L\u00e1szl\u00f3 (1862\u20131914),. feles\u00e9ge: Szil\u00e1gyi Erzs\u00e9bet. <br \/><strong>Irod.:<\/strong>Gy\u00e1szjelent\u0151<\/br><\/p>\n","protected":false},"excerpt":{"rendered":"<p>? \u2020\u00a01918.?\u00a0: Feles\u00e9ge: marosv\u00e1s\u00e1rhelyi Sombory Krisztina (1842.? \u2013 Magyars\u00e1ros, 1933. febr. 16.). Gyermekeik: P. Krisztina Szab\u00f3 Albertn\u00e9; P. S\u00e1ndor; P. L\u00e1szl\u00f3 (1862\u20131914),. feles\u00e9ge: Szil\u00e1gyi Erzs\u00e9bet. Irod.:Gy\u00e1szjelent\u0151<\/p>\n","protected":false},"featured_media":0,"comment_status":"open","ping_status":"closed","template":"","meta":[],"product_brand":[],"product_cat":[137],"product_tag":[],"class_list":{"0":"post-17735","1":"product","2":"type-product","3":"status-publish","5":"product_cat-maros-megyei-eletrajzi-lexikon","7":"first","8":"instock","9":"shipping-taxable","10":"product-type-simple"},"_links":{"self":[{"href":"https:\/\/uj.adatbank.ro\/lexikon\/wp-json\/wp\/v2\/product\/17735","targetHints":{"allow":["GET"]}}],"collection":[{"href":"https:\/\/uj.adatbank.ro\/lexikon\/wp-json\/wp\/v2\/product"}],"about":[{"href":"https:\/\/uj.adatbank.ro\/lexikon\/wp-json\/wp\/v2\/types\/product"}],"replies":[{"embeddable":true,"href":"https:\/\/uj.adatbank.ro\/lexikon\/wp-json\/wp\/v2\/comments?post=17735"}],"wp:attachment":[{"href":"https:\/\/uj.adatbank.ro\/lexikon\/wp-json\/wp\/v2\/media?parent=17735"}],"wp:term":[{"taxonomy":"product_brand","embeddable":true,"href":"https:\/\/uj.adatbank.ro\/lexikon\/wp-json\/wp\/v2\/product_brand?post=17735"},{"taxonomy":"product_cat","embeddable":true,"href":"https:\/\/uj.adatbank.ro\/lexikon\/wp-json\/wp\/v2\/product_cat?post=17735"},{"taxonomy":"product_tag","embeddable":true,"href":"https:\/\/uj.adatbank.ro\/lexikon\/wp-json\/wp\/v2\/product_tag?post=17735"}],"curies":[{"name":"wp","href":"https:\/\/api.w.org\/{rel}","templated":true}]}}