{"id":17738,"date":"2025-07-16T10:26:06","date_gmt":"2025-07-16T08:26:06","guid":{"rendered":"https:\/\/uj.adatbank.ro\/lexikon\/termek\/pataki-pal\/"},"modified":"2025-07-16T10:26:06","modified_gmt":"2025-07-16T08:26:06","slug":"pataki-pal","status":"publish","type":"product","link":"https:\/\/uj.adatbank.ro\/lexikon\/termek\/pataki-pal\/","title":{"rendered":"PATAKI P\u00e1l"},"content":{"rendered":"<p>? \u2020\u00a0?: tan\u00edt\u00f3. \u2013 Kenden tan\u00edtott (1640\u201350). A vizit\u00e1ci\u00f3s jegyz\u0151k\u00f6nyvek kifog\u00e1solt\u00e1k szolg\u00e1lati feladatainak teljes\u00edt\u00e9s\u00e9t is \u00e9s a mag\u00e1n\u00e9let\u00e9t is, gyakran hi\u00e1nyzott az iskol\u00e1b\u00f3l. <br \/><strong>Irod.:<\/strong> Kend \u00e9s egyh\u00e1za; K\u00fck\u00fcll\u0151i Ref. Egyh\u00e1zm. 4.<\/br><\/p>\n","protected":false},"excerpt":{"rendered":"<p>? \u2020\u00a0?: tan\u00edt\u00f3. \u2013 Kenden tan\u00edtott (1640\u201350). A vizit\u00e1ci\u00f3s jegyz\u0151k\u00f6nyvek kifog\u00e1solt\u00e1k szolg\u00e1lati feladatainak teljes\u00edt\u00e9s\u00e9t is \u00e9s a mag\u00e1n\u00e9let\u00e9t is, gyakran hi\u00e1nyzott az iskol\u00e1b\u00f3l. Irod.: Kend \u00e9s egyh\u00e1za; K\u00fck\u00fcll\u0151i Ref. Egyh\u00e1zm. 4.<\/p>\n","protected":false},"featured_media":0,"comment_status":"open","ping_status":"closed","template":"","meta":[],"product_brand":[],"product_cat":[137],"product_tag":[],"class_list":{"0":"post-17738","1":"product","2":"type-product","3":"status-publish","5":"product_cat-maros-megyei-eletrajzi-lexikon","7":"first","8":"instock","9":"shipping-taxable","10":"product-type-simple"},"_links":{"self":[{"href":"https:\/\/uj.adatbank.ro\/lexikon\/wp-json\/wp\/v2\/product\/17738","targetHints":{"allow":["GET"]}}],"collection":[{"href":"https:\/\/uj.adatbank.ro\/lexikon\/wp-json\/wp\/v2\/product"}],"about":[{"href":"https:\/\/uj.adatbank.ro\/lexikon\/wp-json\/wp\/v2\/types\/product"}],"replies":[{"embeddable":true,"href":"https:\/\/uj.adatbank.ro\/lexikon\/wp-json\/wp\/v2\/comments?post=17738"}],"wp:attachment":[{"href":"https:\/\/uj.adatbank.ro\/lexikon\/wp-json\/wp\/v2\/media?parent=17738"}],"wp:term":[{"taxonomy":"product_brand","embeddable":true,"href":"https:\/\/uj.adatbank.ro\/lexikon\/wp-json\/wp\/v2\/product_brand?post=17738"},{"taxonomy":"product_cat","embeddable":true,"href":"https:\/\/uj.adatbank.ro\/lexikon\/wp-json\/wp\/v2\/product_cat?post=17738"},{"taxonomy":"product_tag","embeddable":true,"href":"https:\/\/uj.adatbank.ro\/lexikon\/wp-json\/wp\/v2\/product_tag?post=17738"}],"curies":[{"name":"wp","href":"https:\/\/api.w.org\/{rel}","templated":true}]}}