{"id":17739,"date":"2025-07-16T10:26:10","date_gmt":"2025-07-16T08:26:10","guid":{"rendered":"https:\/\/uj.adatbank.ro\/lexikon\/termek\/pataki-pal-pataky-pal\/"},"modified":"2025-07-16T10:26:10","modified_gmt":"2025-07-16T08:26:10","slug":"pataki-pal-pataky-pal","status":"publish","type":"product","link":"https:\/\/uj.adatbank.ro\/lexikon\/termek\/pataki-pal-pataky-pal\/","title":{"rendered":"PATAKI P\u00e1l, Pataky P\u00e1l"},"content":{"rendered":"<p>Mez\u0151madaras, 1816. m\u00e1j. 10., \u2020\u00a0Sz\u00e9kelyudvarhely, 1875. m\u00e1j. 2.: tan\u00e1r. \u2013 Feles\u00e9ge: Kis Katalin (Sz\u00e9kelyudvarhely, 1864. szept. 29.). \u2013 Bolcs\u00e9szetet tanult, majd a pesti orvostudom\u00e1nyi egyetemen tanult I. \u00e9v. (1842\u201343). N\u00e9met nyelvet tan\u00edtott a sz\u00e9kelyudvarhelyi Ref. Koll.-ban (1845\u2013), majd term\u00e9szetrajzot \u00e9s vegytant oktatott (1856\u2013). Az 1848\u201349-es szabads\u00e1gharc idej\u00e9n Bem t\u00e1bornok seg\u00e9dorvosa volt. <br \/><strong>Irod.:<\/strong> P. Buzog\u00e1ny \u00c1rp\u00e1d: Udvarhelysz\u00e9ki helyismereti \u00e9vfordul\u00f3k (\u00d6r\u00f6ks\u00e9g\u00fcnk, 2. sz., 2010.); Gy\u00e1szjelent+B15237\u0151.; Szab\u00f3 Mikl\u00f3s 2005<\/br><\/p>\n","protected":false},"excerpt":{"rendered":"<p>Mez\u0151madaras, 1816. m\u00e1j. 10., \u2020\u00a0Sz\u00e9kelyudvarhely, 1875. m\u00e1j. 2.: tan\u00e1r. \u2013 Feles\u00e9ge: Kis Katalin (Sz\u00e9kelyudvarhely, 1864. szept. 29.). \u2013 Bolcs\u00e9szetet tanult, majd a pesti orvostudom\u00e1nyi egyetemen tanult I. \u00e9v. (1842\u201343). N\u00e9met nyelvet tan\u00edtott a sz\u00e9kelyudvarhelyi Ref. Koll.-ban (1845\u2013), majd term\u00e9szetrajzot \u00e9s vegytant oktatott (1856\u2013). Az 1848\u201349-es szabads\u00e1gharc idej\u00e9n Bem t\u00e1bornok seg\u00e9dorvosa volt. Irod.: P. Buzog\u00e1ny \u00c1rp\u00e1d: [&hellip;]<\/p>\n","protected":false},"featured_media":0,"comment_status":"open","ping_status":"closed","template":"","meta":[],"product_brand":[],"product_cat":[137],"product_tag":[],"class_list":{"0":"post-17739","1":"product","2":"type-product","3":"status-publish","5":"product_cat-maros-megyei-eletrajzi-lexikon","7":"first","8":"instock","9":"shipping-taxable","10":"product-type-simple"},"_links":{"self":[{"href":"https:\/\/uj.adatbank.ro\/lexikon\/wp-json\/wp\/v2\/product\/17739","targetHints":{"allow":["GET"]}}],"collection":[{"href":"https:\/\/uj.adatbank.ro\/lexikon\/wp-json\/wp\/v2\/product"}],"about":[{"href":"https:\/\/uj.adatbank.ro\/lexikon\/wp-json\/wp\/v2\/types\/product"}],"replies":[{"embeddable":true,"href":"https:\/\/uj.adatbank.ro\/lexikon\/wp-json\/wp\/v2\/comments?post=17739"}],"wp:attachment":[{"href":"https:\/\/uj.adatbank.ro\/lexikon\/wp-json\/wp\/v2\/media?parent=17739"}],"wp:term":[{"taxonomy":"product_brand","embeddable":true,"href":"https:\/\/uj.adatbank.ro\/lexikon\/wp-json\/wp\/v2\/product_brand?post=17739"},{"taxonomy":"product_cat","embeddable":true,"href":"https:\/\/uj.adatbank.ro\/lexikon\/wp-json\/wp\/v2\/product_cat?post=17739"},{"taxonomy":"product_tag","embeddable":true,"href":"https:\/\/uj.adatbank.ro\/lexikon\/wp-json\/wp\/v2\/product_tag?post=17739"}],"curies":[{"name":"wp","href":"https:\/\/api.w.org\/{rel}","templated":true}]}}