{"id":17741,"date":"2025-07-16T10:26:13","date_gmt":"2025-07-16T08:26:13","guid":{"rendered":"https:\/\/uj.adatbank.ro\/lexikon\/termek\/pataki-sandor\/"},"modified":"2025-07-16T10:26:13","modified_gmt":"2025-07-16T08:26:13","slug":"pataki-sandor","status":"publish","type":"product","link":"https:\/\/uj.adatbank.ro\/lexikon\/termek\/pataki-sandor\/","title":{"rendered":"PATAKI S\u00e1ndor"},"content":{"rendered":"<p>? \u2020\u00a0?: f\u00f6ldbirtokos. \u2013 Botorkai birtokain v\u00e9gezt\u00e9k az els\u0151 g\u00e1z-pr\u00f3baf\u00far\u00e1sokat (1912). A felt\u00f6r\u0151 g\u00e1z ind\u00edtotta el a dics\u0151szentm\u00e1rtoni gy\u00e1ripar fejl\u0151d\u00e9s\u00e9t. Beind\u00edtott\u00e1k az orsz\u00e1g els\u0151 g\u00e1zzal m\u0171k\u00f6d\u0151 \u00e1ramfejleszt\u0151 \u00fczem\u00e9t (1917), ami elektromos \u00e1rammal l\u00e1tta el a kisfogyaszt\u00f3kat, a Nitrog\u00e9n-gy\u00e1rat stb. <br \/><strong>Irod.:<\/strong> Dics\u0151szentm\u00e1rton r\u00e9gi arca<\/br><\/p>\n","protected":false},"excerpt":{"rendered":"<p>? \u2020\u00a0?: f\u00f6ldbirtokos. \u2013 Botorkai birtokain v\u00e9gezt\u00e9k az els\u0151 g\u00e1z-pr\u00f3baf\u00far\u00e1sokat (1912). A felt\u00f6r\u0151 g\u00e1z ind\u00edtotta el a dics\u0151szentm\u00e1rtoni gy\u00e1ripar fejl\u0151d\u00e9s\u00e9t. Beind\u00edtott\u00e1k az orsz\u00e1g els\u0151 g\u00e1zzal m\u0171k\u00f6d\u0151 \u00e1ramfejleszt\u0151 \u00fczem\u00e9t (1917), ami elektromos \u00e1rammal l\u00e1tta el a kisfogyaszt\u00f3kat, a Nitrog\u00e9n-gy\u00e1rat stb. Irod.: Dics\u0151szentm\u00e1rton r\u00e9gi arca<\/p>\n","protected":false},"featured_media":0,"comment_status":"open","ping_status":"closed","template":"","meta":[],"product_brand":[],"product_cat":[137],"product_tag":[],"class_list":{"0":"post-17741","1":"product","2":"type-product","3":"status-publish","5":"product_cat-maros-megyei-eletrajzi-lexikon","7":"first","8":"instock","9":"shipping-taxable","10":"product-type-simple"},"_links":{"self":[{"href":"https:\/\/uj.adatbank.ro\/lexikon\/wp-json\/wp\/v2\/product\/17741","targetHints":{"allow":["GET"]}}],"collection":[{"href":"https:\/\/uj.adatbank.ro\/lexikon\/wp-json\/wp\/v2\/product"}],"about":[{"href":"https:\/\/uj.adatbank.ro\/lexikon\/wp-json\/wp\/v2\/types\/product"}],"replies":[{"embeddable":true,"href":"https:\/\/uj.adatbank.ro\/lexikon\/wp-json\/wp\/v2\/comments?post=17741"}],"wp:attachment":[{"href":"https:\/\/uj.adatbank.ro\/lexikon\/wp-json\/wp\/v2\/media?parent=17741"}],"wp:term":[{"taxonomy":"product_brand","embeddable":true,"href":"https:\/\/uj.adatbank.ro\/lexikon\/wp-json\/wp\/v2\/product_brand?post=17741"},{"taxonomy":"product_cat","embeddable":true,"href":"https:\/\/uj.adatbank.ro\/lexikon\/wp-json\/wp\/v2\/product_cat?post=17741"},{"taxonomy":"product_tag","embeddable":true,"href":"https:\/\/uj.adatbank.ro\/lexikon\/wp-json\/wp\/v2\/product_tag?post=17741"}],"curies":[{"name":"wp","href":"https:\/\/api.w.org\/{rel}","templated":true}]}}