{"id":17742,"date":"2025-07-16T10:26:15","date_gmt":"2025-07-16T08:26:15","guid":{"rendered":"https:\/\/uj.adatbank.ro\/lexikon\/termek\/pataki-sandor-dezsfalvi\/"},"modified":"2025-07-16T10:26:15","modified_gmt":"2025-07-16T08:26:15","slug":"pataki-sandor-dezsfalvi","status":"publish","type":"product","link":"https:\/\/uj.adatbank.ro\/lexikon\/termek\/pataki-sandor-dezsfalvi\/","title":{"rendered":"PATAKI S\u00e1ndor, d\u00e9zsfalvi"},"content":{"rendered":"<p>? \u2020\u00a0?: alisp\u00e1n. \u2013 K\u00fck\u00fcll\u0151megyei alisp\u00e1n. Unit. k\u00f6ri gondnok (1814\u201329). <br \/><strong>Irod.:<\/strong> B\u00e9nyei; K\u0151v\u00e1ry L\u00e1szl\u00f3 1899<\/br><\/p>\n","protected":false},"excerpt":{"rendered":"<p>? \u2020\u00a0?: alisp\u00e1n. \u2013 K\u00fck\u00fcll\u0151megyei alisp\u00e1n. Unit. k\u00f6ri gondnok (1814\u201329). Irod.: B\u00e9nyei; K\u0151v\u00e1ry L\u00e1szl\u00f3 1899<\/p>\n","protected":false},"featured_media":0,"comment_status":"open","ping_status":"closed","template":"","meta":[],"product_brand":[],"product_cat":[137],"product_tag":[],"class_list":{"0":"post-17742","1":"product","2":"type-product","3":"status-publish","5":"product_cat-maros-megyei-eletrajzi-lexikon","7":"first","8":"instock","9":"shipping-taxable","10":"product-type-simple"},"_links":{"self":[{"href":"https:\/\/uj.adatbank.ro\/lexikon\/wp-json\/wp\/v2\/product\/17742","targetHints":{"allow":["GET"]}}],"collection":[{"href":"https:\/\/uj.adatbank.ro\/lexikon\/wp-json\/wp\/v2\/product"}],"about":[{"href":"https:\/\/uj.adatbank.ro\/lexikon\/wp-json\/wp\/v2\/types\/product"}],"replies":[{"embeddable":true,"href":"https:\/\/uj.adatbank.ro\/lexikon\/wp-json\/wp\/v2\/comments?post=17742"}],"wp:attachment":[{"href":"https:\/\/uj.adatbank.ro\/lexikon\/wp-json\/wp\/v2\/media?parent=17742"}],"wp:term":[{"taxonomy":"product_brand","embeddable":true,"href":"https:\/\/uj.adatbank.ro\/lexikon\/wp-json\/wp\/v2\/product_brand?post=17742"},{"taxonomy":"product_cat","embeddable":true,"href":"https:\/\/uj.adatbank.ro\/lexikon\/wp-json\/wp\/v2\/product_cat?post=17742"},{"taxonomy":"product_tag","embeddable":true,"href":"https:\/\/uj.adatbank.ro\/lexikon\/wp-json\/wp\/v2\/product_tag?post=17742"}],"curies":[{"name":"wp","href":"https:\/\/api.w.org\/{rel}","templated":true}]}}