{"id":17743,"date":"2025-07-16T10:26:17","date_gmt":"2025-07-16T08:26:17","guid":{"rendered":"https:\/\/uj.adatbank.ro\/lexikon\/termek\/pataky-desfalvi-csalad\/"},"modified":"2026-02-17T16:31:10","modified_gmt":"2026-02-17T15:31:10","slug":"pataky-desfalvi-csalad","status":"publish","type":"product","link":"https:\/\/uj.adatbank.ro\/lexikon\/termek\/pataky-desfalvi-csalad\/","title":{"rendered":"PATAKY, d\u00e9sfalvi csal\u00e1d"},"content":{"rendered":"<p>Tulajdonk\u00e9ppen a h\u00e1romsz\u00e9ki k\u00e1lnoki \u00e9s k\u0151r\u00f6spataki Bed\u0151lb\u0151l szakadtak K\u00fck\u00fcll\u0151 megy\u00e9be. L\u00e1szl\u00f3 (K\u00fck\u00fcll\u0151m.) nemess\u00e9g\u00e9t (1786. jun. 19.) legf. helyen igazolta.<br \/>\n<strong>Irod.:<\/strong> Kempelen<\/p>\n","protected":false},"excerpt":{"rendered":"<p>Tulajdonk\u00e9ppen a h\u00e1romsz\u00e9ki k\u00e1lnoki \u00e9s k\u0151r\u00f6spataki Bed\u0151lb\u0151l szakadtak K\u00fck\u00fcll\u0151 megy\u00e9be. L\u00e1szl\u00f3 (K\u00fck\u00fcll\u0151m.) nemess\u00e9g\u00e9t (1786. jun. 19.) legf. helyen igazolta. Irod.: Kempelen<\/p>\n","protected":false},"featured_media":0,"comment_status":"open","ping_status":"closed","template":"","meta":[],"product_brand":[],"product_cat":[137],"product_tag":[],"class_list":{"0":"post-17743","1":"product","2":"type-product","3":"status-publish","5":"product_cat-maros-megyei-eletrajzi-lexikon","7":"first","8":"instock","9":"shipping-taxable","10":"product-type-simple"},"_links":{"self":[{"href":"https:\/\/uj.adatbank.ro\/lexikon\/wp-json\/wp\/v2\/product\/17743","targetHints":{"allow":["GET"]}}],"collection":[{"href":"https:\/\/uj.adatbank.ro\/lexikon\/wp-json\/wp\/v2\/product"}],"about":[{"href":"https:\/\/uj.adatbank.ro\/lexikon\/wp-json\/wp\/v2\/types\/product"}],"replies":[{"embeddable":true,"href":"https:\/\/uj.adatbank.ro\/lexikon\/wp-json\/wp\/v2\/comments?post=17743"}],"wp:attachment":[{"href":"https:\/\/uj.adatbank.ro\/lexikon\/wp-json\/wp\/v2\/media?parent=17743"}],"wp:term":[{"taxonomy":"product_brand","embeddable":true,"href":"https:\/\/uj.adatbank.ro\/lexikon\/wp-json\/wp\/v2\/product_brand?post=17743"},{"taxonomy":"product_cat","embeddable":true,"href":"https:\/\/uj.adatbank.ro\/lexikon\/wp-json\/wp\/v2\/product_cat?post=17743"},{"taxonomy":"product_tag","embeddable":true,"href":"https:\/\/uj.adatbank.ro\/lexikon\/wp-json\/wp\/v2\/product_tag?post=17743"}],"curies":[{"name":"wp","href":"https:\/\/api.w.org\/{rel}","templated":true}]}}