{"id":1775,"date":"2025-06-28T11:52:47","date_gmt":"2025-06-28T09:52:47","guid":{"rendered":"https:\/\/uj.adatbank.ro\/lexikon\/termek\/almasan-teodor\/"},"modified":"2025-06-28T11:52:47","modified_gmt":"2025-06-28T09:52:47","slug":"almasan-teodor","status":"publish","type":"product","link":"https:\/\/uj.adatbank.ro\/lexikon\/termek\/almasan-teodor\/","title":{"rendered":"ALM\u0102\u015eAN Teodor"},"content":{"rendered":"<p>? \u2020\u00a0?: g\u00f6r. kat. pap. \u2013 Dics\u0151szentm\u00e1rtonban szolg\u00e1lt, a mai Bozias v\u00e1rosnegyedben, akkor m\u00e9g Boziatelepen. Fel\u00e9p\u00edtette a Szt. Mih\u00e1ly \u00e9s G\u00e1bor arkangyal g. kat. templomot (1887), amelyet (1948) \u00e1tadtak az ort. egyh\u00e1znak. <br \/><strong>Irod.:<\/strong> T\u00e2rn\u0103veni, cult.- ist.<\/br><\/p>\n","protected":false},"excerpt":{"rendered":"<p>? \u2020\u00a0?: g\u00f6r. kat. pap. \u2013 Dics\u0151szentm\u00e1rtonban szolg\u00e1lt, a mai Bozias v\u00e1rosnegyedben, akkor m\u00e9g Boziatelepen. Fel\u00e9p\u00edtette a Szt. Mih\u00e1ly \u00e9s G\u00e1bor arkangyal g. kat. templomot (1887), amelyet (1948) \u00e1tadtak az ort. egyh\u00e1znak. Irod.: T\u00e2rn\u0103veni, cult.- ist.<\/p>\n","protected":false},"featured_media":0,"comment_status":"open","ping_status":"closed","template":"","meta":[],"product_brand":[],"product_cat":[137],"product_tag":[],"class_list":{"0":"post-1775","1":"product","2":"type-product","3":"status-publish","5":"product_cat-maros-megyei-eletrajzi-lexikon","7":"first","8":"instock","9":"shipping-taxable","10":"product-type-simple"},"_links":{"self":[{"href":"https:\/\/uj.adatbank.ro\/lexikon\/wp-json\/wp\/v2\/product\/1775","targetHints":{"allow":["GET"]}}],"collection":[{"href":"https:\/\/uj.adatbank.ro\/lexikon\/wp-json\/wp\/v2\/product"}],"about":[{"href":"https:\/\/uj.adatbank.ro\/lexikon\/wp-json\/wp\/v2\/types\/product"}],"replies":[{"embeddable":true,"href":"https:\/\/uj.adatbank.ro\/lexikon\/wp-json\/wp\/v2\/comments?post=1775"}],"wp:attachment":[{"href":"https:\/\/uj.adatbank.ro\/lexikon\/wp-json\/wp\/v2\/media?parent=1775"}],"wp:term":[{"taxonomy":"product_brand","embeddable":true,"href":"https:\/\/uj.adatbank.ro\/lexikon\/wp-json\/wp\/v2\/product_brand?post=1775"},{"taxonomy":"product_cat","embeddable":true,"href":"https:\/\/uj.adatbank.ro\/lexikon\/wp-json\/wp\/v2\/product_cat?post=1775"},{"taxonomy":"product_tag","embeddable":true,"href":"https:\/\/uj.adatbank.ro\/lexikon\/wp-json\/wp\/v2\/product_tag?post=1775"}],"curies":[{"name":"wp","href":"https:\/\/api.w.org\/{rel}","templated":true}]}}