{"id":17753,"date":"2025-07-16T10:26:43","date_gmt":"2025-07-16T08:26:43","guid":{"rendered":"https:\/\/uj.adatbank.ro\/lexikon\/termek\/pataky-sandor-2\/"},"modified":"2025-07-16T10:26:43","modified_gmt":"2025-07-16T08:26:43","slug":"pataky-sandor-2","status":"publish","type":"product","link":"https:\/\/uj.adatbank.ro\/lexikon\/termek\/pataky-sandor-2\/","title":{"rendered":"PATAKY S\u00e1ndor"},"content":{"rendered":"<p>Szenth\u00e1roms\u00e1g, 1871., \u2020 ?: gazd\u00e1lkod\u00f3. \u2013 A sz\u00fcl\u0151 h\u00e1zn\u00e1l tanult gazd\u00e1lkodni, \u00f6n\u00e1ll\u00f3 lett (1904\u2013). Tekint\u00e9lyes polg\u00e1ra volt Szenth\u00e1roms\u00e1gnak, a MP tagja. <br \/><strong>Irod.:<\/strong> Sz\u00e9kelyf\u00f6ld \u00ed.k.<\/br><\/p>\n","protected":false},"excerpt":{"rendered":"<p>Szenth\u00e1roms\u00e1g, 1871., \u2020 ?: gazd\u00e1lkod\u00f3. \u2013 A sz\u00fcl\u0151 h\u00e1zn\u00e1l tanult gazd\u00e1lkodni, \u00f6n\u00e1ll\u00f3 lett (1904\u2013). Tekint\u00e9lyes polg\u00e1ra volt Szenth\u00e1roms\u00e1gnak, a MP tagja. Irod.: Sz\u00e9kelyf\u00f6ld \u00ed.k.<\/p>\n","protected":false},"featured_media":0,"comment_status":"open","ping_status":"closed","template":"","meta":[],"product_brand":[],"product_cat":[137],"product_tag":[],"class_list":{"0":"post-17753","1":"product","2":"type-product","3":"status-publish","5":"product_cat-maros-megyei-eletrajzi-lexikon","7":"first","8":"instock","9":"shipping-taxable","10":"product-type-simple"},"_links":{"self":[{"href":"https:\/\/uj.adatbank.ro\/lexikon\/wp-json\/wp\/v2\/product\/17753","targetHints":{"allow":["GET"]}}],"collection":[{"href":"https:\/\/uj.adatbank.ro\/lexikon\/wp-json\/wp\/v2\/product"}],"about":[{"href":"https:\/\/uj.adatbank.ro\/lexikon\/wp-json\/wp\/v2\/types\/product"}],"replies":[{"embeddable":true,"href":"https:\/\/uj.adatbank.ro\/lexikon\/wp-json\/wp\/v2\/comments?post=17753"}],"wp:attachment":[{"href":"https:\/\/uj.adatbank.ro\/lexikon\/wp-json\/wp\/v2\/media?parent=17753"}],"wp:term":[{"taxonomy":"product_brand","embeddable":true,"href":"https:\/\/uj.adatbank.ro\/lexikon\/wp-json\/wp\/v2\/product_brand?post=17753"},{"taxonomy":"product_cat","embeddable":true,"href":"https:\/\/uj.adatbank.ro\/lexikon\/wp-json\/wp\/v2\/product_cat?post=17753"},{"taxonomy":"product_tag","embeddable":true,"href":"https:\/\/uj.adatbank.ro\/lexikon\/wp-json\/wp\/v2\/product_tag?post=17753"}],"curies":[{"name":"wp","href":"https:\/\/api.w.org\/{rel}","templated":true}]}}