{"id":17754,"date":"2025-07-16T10:26:44","date_gmt":"2025-07-16T08:26:44","guid":{"rendered":"https:\/\/uj.adatbank.ro\/lexikon\/termek\/pataky-sandor-3\/"},"modified":"2025-07-16T10:26:44","modified_gmt":"2025-07-16T08:26:44","slug":"pataky-sandor-3","status":"publish","type":"product","link":"https:\/\/uj.adatbank.ro\/lexikon\/termek\/pataky-sandor-3\/","title":{"rendered":"PATAKY S\u00e1ndor"},"content":{"rendered":"<p>? \u2020\u00a0?: f\u0151szolgab\u00edr\u00f3. \u2013 Pataki Etelka apja. Feles\u00e9ge G\u00e1l Etelka polg. Le\u00e1anyiskolai tan\u00e1rn\u0151.F\u0151szolgab\u00edr\u00f3i hivatal\u00e1b\u00f3l visszavonult a hatalom\u00e1tv\u00e9tel ut\u00e1n \u00e9s Magyars\u00e1roson gazd\u00e1lkodott. Dics\u0151szentm\u00e1rton is tartottak fenn lak\u00e1st. <br \/><strong>Irod.:<\/strong> B\u00f6l\u00f6ni Domokos: V\u00e1gyom ut\u00e1nad \u0151si otthonom (N\u00fa., 2003, j\u00fan 18.)<\/br><\/p>\n","protected":false},"excerpt":{"rendered":"<p>? \u2020\u00a0?: f\u0151szolgab\u00edr\u00f3. \u2013 Pataki Etelka apja. Feles\u00e9ge G\u00e1l Etelka polg. Le\u00e1anyiskolai tan\u00e1rn\u0151.F\u0151szolgab\u00edr\u00f3i hivatal\u00e1b\u00f3l visszavonult a hatalom\u00e1tv\u00e9tel ut\u00e1n \u00e9s Magyars\u00e1roson gazd\u00e1lkodott. Dics\u0151szentm\u00e1rton is tartottak fenn lak\u00e1st. Irod.: B\u00f6l\u00f6ni Domokos: V\u00e1gyom ut\u00e1nad \u0151si otthonom (N\u00fa., 2003, j\u00fan 18.)<\/p>\n","protected":false},"featured_media":0,"comment_status":"open","ping_status":"closed","template":"","meta":[],"product_brand":[],"product_cat":[137],"product_tag":[],"class_list":{"0":"post-17754","1":"product","2":"type-product","3":"status-publish","5":"product_cat-maros-megyei-eletrajzi-lexikon","7":"first","8":"instock","9":"shipping-taxable","10":"product-type-simple"},"_links":{"self":[{"href":"https:\/\/uj.adatbank.ro\/lexikon\/wp-json\/wp\/v2\/product\/17754","targetHints":{"allow":["GET"]}}],"collection":[{"href":"https:\/\/uj.adatbank.ro\/lexikon\/wp-json\/wp\/v2\/product"}],"about":[{"href":"https:\/\/uj.adatbank.ro\/lexikon\/wp-json\/wp\/v2\/types\/product"}],"replies":[{"embeddable":true,"href":"https:\/\/uj.adatbank.ro\/lexikon\/wp-json\/wp\/v2\/comments?post=17754"}],"wp:attachment":[{"href":"https:\/\/uj.adatbank.ro\/lexikon\/wp-json\/wp\/v2\/media?parent=17754"}],"wp:term":[{"taxonomy":"product_brand","embeddable":true,"href":"https:\/\/uj.adatbank.ro\/lexikon\/wp-json\/wp\/v2\/product_brand?post=17754"},{"taxonomy":"product_cat","embeddable":true,"href":"https:\/\/uj.adatbank.ro\/lexikon\/wp-json\/wp\/v2\/product_cat?post=17754"},{"taxonomy":"product_tag","embeddable":true,"href":"https:\/\/uj.adatbank.ro\/lexikon\/wp-json\/wp\/v2\/product_tag?post=17754"}],"curies":[{"name":"wp","href":"https:\/\/api.w.org\/{rel}","templated":true}]}}