{"id":17756,"date":"2025-07-16T10:26:49","date_gmt":"2025-07-16T08:26:49","guid":{"rendered":"https:\/\/uj.adatbank.ro\/lexikon\/termek\/patek-ede\/"},"modified":"2025-07-16T10:26:49","modified_gmt":"2025-07-16T08:26:49","slug":"patek-ede","status":"publish","type":"product","link":"https:\/\/uj.adatbank.ro\/lexikon\/termek\/patek-ede\/","title":{"rendered":"PATEK Ede"},"content":{"rendered":"<p>Mv., 1921. aug. 9., \u2020\u00a0Mv., 2009. szept. 17.: tan\u00e1r. \u2013 A mv.-i R. K. Tan\u00edt\u00f3k\u00e9pz\u0151ben \u00e9retts\u00e9gizett (1940), a buk.-i Maxim Gorkij Tud. Egyetem hallgat\u00f3ja majd a kv.-i BBTE-n orosz szakos tan\u00e1ri oklevelet szerzett (1951\u201360). Tan\u00edtott Mv.-en, Marosh\u00e9v\u00edzen, Jobb\u00e1gytelk\u00e9n (1943\u2013), Ny\u00e1r\u00e1dmagyar\u00f3son, majd \u00fajb\u00f3l Mv.-en (1957\u201381). A Ny\u00e1r\u00e1dmagyar\u00f3si \u00e1ltal\u00e1nos iskola \u00e9nek- \u00e9s zenekar\u00e1nak vezet\u0151je volt (1948\u201356), sz\u00edndarabokat tan\u00edtott be. <br \/><strong>Irod.:<\/strong> KKACs; [Nekrol\u00f3g] (N\u00fa., 2009. szept. 18.)<\/br><\/p>\n","protected":false},"excerpt":{"rendered":"<p>Mv., 1921. aug. 9., \u2020\u00a0Mv., 2009. szept. 17.: tan\u00e1r. \u2013 A mv.-i R. K. Tan\u00edt\u00f3k\u00e9pz\u0151ben \u00e9retts\u00e9gizett (1940), a buk.-i Maxim Gorkij Tud. Egyetem hallgat\u00f3ja majd a kv.-i BBTE-n orosz szakos tan\u00e1ri oklevelet szerzett (1951\u201360). Tan\u00edtott Mv.-en, Marosh\u00e9v\u00edzen, Jobb\u00e1gytelk\u00e9n (1943\u2013), Ny\u00e1r\u00e1dmagyar\u00f3son, majd \u00fajb\u00f3l Mv.-en (1957\u201381). A Ny\u00e1r\u00e1dmagyar\u00f3si \u00e1ltal\u00e1nos iskola \u00e9nek- \u00e9s zenekar\u00e1nak vezet\u0151je volt (1948\u201356), sz\u00edndarabokat [&hellip;]<\/p>\n","protected":false},"featured_media":0,"comment_status":"open","ping_status":"closed","template":"","meta":[],"product_brand":[],"product_cat":[137],"product_tag":[],"class_list":{"0":"post-17756","1":"product","2":"type-product","3":"status-publish","5":"product_cat-maros-megyei-eletrajzi-lexikon","7":"first","8":"instock","9":"shipping-taxable","10":"product-type-simple"},"_links":{"self":[{"href":"https:\/\/uj.adatbank.ro\/lexikon\/wp-json\/wp\/v2\/product\/17756","targetHints":{"allow":["GET"]}}],"collection":[{"href":"https:\/\/uj.adatbank.ro\/lexikon\/wp-json\/wp\/v2\/product"}],"about":[{"href":"https:\/\/uj.adatbank.ro\/lexikon\/wp-json\/wp\/v2\/types\/product"}],"replies":[{"embeddable":true,"href":"https:\/\/uj.adatbank.ro\/lexikon\/wp-json\/wp\/v2\/comments?post=17756"}],"wp:attachment":[{"href":"https:\/\/uj.adatbank.ro\/lexikon\/wp-json\/wp\/v2\/media?parent=17756"}],"wp:term":[{"taxonomy":"product_brand","embeddable":true,"href":"https:\/\/uj.adatbank.ro\/lexikon\/wp-json\/wp\/v2\/product_brand?post=17756"},{"taxonomy":"product_cat","embeddable":true,"href":"https:\/\/uj.adatbank.ro\/lexikon\/wp-json\/wp\/v2\/product_cat?post=17756"},{"taxonomy":"product_tag","embeddable":true,"href":"https:\/\/uj.adatbank.ro\/lexikon\/wp-json\/wp\/v2\/product_tag?post=17756"}],"curies":[{"name":"wp","href":"https:\/\/api.w.org\/{rel}","templated":true}]}}