{"id":17766,"date":"2025-07-16T10:27:09","date_gmt":"2025-07-16T08:27:09","guid":{"rendered":"https:\/\/uj.adatbank.ro\/lexikon\/termek\/patkos-andor\/"},"modified":"2025-07-16T10:27:09","modified_gmt":"2025-07-16T08:27:09","slug":"patkos-andor","status":"publish","type":"product","link":"https:\/\/uj.adatbank.ro\/lexikon\/termek\/patkos-andor\/","title":{"rendered":"PATK\u00d3S Andor"},"content":{"rendered":"<p>1905., \u2020\u00a0?: malomtulajdonos. \u2013 \u0150sei is malomtulajdonosok \u00e9s moln\u00e1rok voltak. Apja mellett tanulta a szakm\u00e1t, \u00f6n\u00e1ll\u00f3 lett (1929), el\u0151bb Backamadarasonmajd Ny\u00e1r\u00e1dkar\u00e1csonyfalv\u00e1n (1938\u2013) telepedett le \u00dczem\u00e9ben kereskedelmi \u00e9s v\u00e1m\u00f6rl\u00e9st v\u00e9gzett. <br \/><strong>Irod.:<\/strong> Sz\u00e9kelyf\u00f6ld \u00ed.k.<\/br><\/p>\n","protected":false},"excerpt":{"rendered":"<p>1905., \u2020\u00a0?: malomtulajdonos. \u2013 \u0150sei is malomtulajdonosok \u00e9s moln\u00e1rok voltak. Apja mellett tanulta a szakm\u00e1t, \u00f6n\u00e1ll\u00f3 lett (1929), el\u0151bb Backamadarasonmajd Ny\u00e1r\u00e1dkar\u00e1csonyfalv\u00e1n (1938\u2013) telepedett le \u00dczem\u00e9ben kereskedelmi \u00e9s v\u00e1m\u00f6rl\u00e9st v\u00e9gzett. Irod.: Sz\u00e9kelyf\u00f6ld \u00ed.k.<\/p>\n","protected":false},"featured_media":0,"comment_status":"open","ping_status":"closed","template":"","meta":[],"product_brand":[],"product_cat":[137],"product_tag":[],"class_list":{"0":"post-17766","1":"product","2":"type-product","3":"status-publish","5":"product_cat-maros-megyei-eletrajzi-lexikon","7":"first","8":"instock","9":"shipping-taxable","10":"product-type-simple"},"_links":{"self":[{"href":"https:\/\/uj.adatbank.ro\/lexikon\/wp-json\/wp\/v2\/product\/17766","targetHints":{"allow":["GET"]}}],"collection":[{"href":"https:\/\/uj.adatbank.ro\/lexikon\/wp-json\/wp\/v2\/product"}],"about":[{"href":"https:\/\/uj.adatbank.ro\/lexikon\/wp-json\/wp\/v2\/types\/product"}],"replies":[{"embeddable":true,"href":"https:\/\/uj.adatbank.ro\/lexikon\/wp-json\/wp\/v2\/comments?post=17766"}],"wp:attachment":[{"href":"https:\/\/uj.adatbank.ro\/lexikon\/wp-json\/wp\/v2\/media?parent=17766"}],"wp:term":[{"taxonomy":"product_brand","embeddable":true,"href":"https:\/\/uj.adatbank.ro\/lexikon\/wp-json\/wp\/v2\/product_brand?post=17766"},{"taxonomy":"product_cat","embeddable":true,"href":"https:\/\/uj.adatbank.ro\/lexikon\/wp-json\/wp\/v2\/product_cat?post=17766"},{"taxonomy":"product_tag","embeddable":true,"href":"https:\/\/uj.adatbank.ro\/lexikon\/wp-json\/wp\/v2\/product_tag?post=17766"}],"curies":[{"name":"wp","href":"https:\/\/api.w.org\/{rel}","templated":true}]}}