{"id":17770,"date":"2025-07-16T10:27:19","date_gmt":"2025-07-16T08:27:19","guid":{"rendered":"https:\/\/uj.adatbank.ro\/lexikon\/termek\/patocsi-miklos-telegdi\/"},"modified":"2025-07-16T10:27:19","modified_gmt":"2025-07-16T08:27:19","slug":"patocsi-miklos-telegdi","status":"publish","type":"product","link":"https:\/\/uj.adatbank.ro\/lexikon\/termek\/patocsi-miklos-telegdi\/","title":{"rendered":"PAT\u00d3CSI Mikl\u00f3s, telegdi"},"content":{"rendered":"<p>? \u2020 ?: f\u0151isp\u00e1n. \u2013 P. I. Mikl\u00f3s \u00e9s Bethlen Erzs\u00e9bet fia. Testv\u00e9rei: P. Boldizs\u00e1r, G\u00e1sp\u00e1r, Lajos, Bern\u00e1th (?), Ferenc \u00e9s Margit. \u2013 Zar\u00e1nd megye f\u0151isp\u00e1nja, Izabella kir\u00e1lyn\u00e9 h\u00edve. V\u00e9grendelete (1565. m\u00e1rc. 2.) szerint birtokai voltak K\u00f3r\u00f3don, Kecseten \u00e9s Bethlenszentl\u00e1szl\u00f3n. <br \/><strong>Irod.:<\/strong> Erd\u00e9lyi Testamentumok 2.<\/br><\/p>\n","protected":false},"excerpt":{"rendered":"<p>? \u2020 ?: f\u0151isp\u00e1n. \u2013 P. I. Mikl\u00f3s \u00e9s Bethlen Erzs\u00e9bet fia. Testv\u00e9rei: P. Boldizs\u00e1r, G\u00e1sp\u00e1r, Lajos, Bern\u00e1th (?), Ferenc \u00e9s Margit. \u2013 Zar\u00e1nd megye f\u0151isp\u00e1nja, Izabella kir\u00e1lyn\u00e9 h\u00edve. V\u00e9grendelete (1565. m\u00e1rc. 2.) szerint birtokai voltak K\u00f3r\u00f3don, Kecseten \u00e9s Bethlenszentl\u00e1szl\u00f3n. Irod.: Erd\u00e9lyi Testamentumok 2.<\/p>\n","protected":false},"featured_media":0,"comment_status":"open","ping_status":"closed","template":"","meta":[],"product_brand":[],"product_cat":[137],"product_tag":[],"class_list":{"0":"post-17770","1":"product","2":"type-product","3":"status-publish","5":"product_cat-maros-megyei-eletrajzi-lexikon","7":"first","8":"instock","9":"shipping-taxable","10":"product-type-simple"},"_links":{"self":[{"href":"https:\/\/uj.adatbank.ro\/lexikon\/wp-json\/wp\/v2\/product\/17770","targetHints":{"allow":["GET"]}}],"collection":[{"href":"https:\/\/uj.adatbank.ro\/lexikon\/wp-json\/wp\/v2\/product"}],"about":[{"href":"https:\/\/uj.adatbank.ro\/lexikon\/wp-json\/wp\/v2\/types\/product"}],"replies":[{"embeddable":true,"href":"https:\/\/uj.adatbank.ro\/lexikon\/wp-json\/wp\/v2\/comments?post=17770"}],"wp:attachment":[{"href":"https:\/\/uj.adatbank.ro\/lexikon\/wp-json\/wp\/v2\/media?parent=17770"}],"wp:term":[{"taxonomy":"product_brand","embeddable":true,"href":"https:\/\/uj.adatbank.ro\/lexikon\/wp-json\/wp\/v2\/product_brand?post=17770"},{"taxonomy":"product_cat","embeddable":true,"href":"https:\/\/uj.adatbank.ro\/lexikon\/wp-json\/wp\/v2\/product_cat?post=17770"},{"taxonomy":"product_tag","embeddable":true,"href":"https:\/\/uj.adatbank.ro\/lexikon\/wp-json\/wp\/v2\/product_tag?post=17770"}],"curies":[{"name":"wp","href":"https:\/\/api.w.org\/{rel}","templated":true}]}}