{"id":17773,"date":"2025-07-16T10:27:28","date_gmt":"2025-07-16T08:27:28","guid":{"rendered":"https:\/\/uj.adatbank.ro\/lexikon\/termek\/patrovits-kalman-patrovics-kalman-petrovics-kalman\/"},"modified":"2025-07-16T10:27:28","modified_gmt":"2025-07-16T08:27:28","slug":"patrovits-kalman-patrovics-kalman-petrovics-kalman","status":"publish","type":"product","link":"https:\/\/uj.adatbank.ro\/lexikon\/termek\/patrovits-kalman-patrovics-kalman-petrovics-kalman\/","title":{"rendered":"PATROVITS K\u00e1lm\u00e1n, Patrovics K\u00e1lm\u00e1n, Petrovics K\u00e1lm\u00e1n"},"content":{"rendered":"<p>1880. szept., \u2020 Mv., 1952.: \u00e9p\u00edt\u00e9sz, v\u00e1llalkoz\u00f3. \u2013 P. J\u00f3zsef m. vas\u00fati f\u0151m\u00e9rn\u0151k (1842.? \u2013 Mv., 1915. j\u00fal. 25.) \u00e9s cs\u00edkszentmih\u00e1lyi Balla Vikt\u00f3ria (1857.? \u2013 Mv., 1923. jan. 19.) fia. Testv\u00e9rei: P. Erzs\u00e9bet dr. Kronhoffer Lajosn\u00e9; P. J\u00f3zsef; P. Gyulanka Becsey N\u00e1ndorn\u00e9. Feles\u00e9ge Wagner Ir\u00e9n (1892. aug. 1.\u20131982. j\u00fal.). Le\u00e1nyaik: M\u00e1ria, Ir\u00e9n, \u00c1gnes (Lili). \u2013 Az akkor indult Kat. Gimn. els\u0151 \u00e9vfolyam\u00e1ban \u00e9retts\u00e9gizett (1898). Mv.-en cementcser\u00e9pv\u00e1gy\u00e1ra volt (1910) 24 alkalmazottal. A bp.-i J\u00f3zsef N\u00e1dor M\u0171egyetemen szerezte oklevel\u00e9t. Tervez\u0151irod\u00e1ja volt Mv.-en. Wiegand Ede hat\u00e1sa alatt tervezte villajelleg\u0171 lak\u00f3h\u00e1z\u00e1t a Tisztvisel\u0151-telepen, amely v\u00e1rosunk els\u0151 k\u00f6zponti f\u0171t\u00e9s\u0171 mag\u00e1nh\u00e1za lett (1911), telefon is volt benne. A villa beoszt\u00e1s\u00e1t, berendez\u00e9s\u00e9t menyasszony\u00e1val Wagner Ir\u00e9nnel egy\u00fctt tervezt\u00e9k, a b\u00fatorokat is maga tervezte \u00e9s V\u00edgh Istv\u00e1n a Kult\u00farpalota berendez\u00e9s\u00e9t k\u00e9sz\u00edt\u0151 asztalos k\u00e9sz\u00edtette. A Teleki T\u00e9ka kapuja felett l\u00e9v\u0151 baglyot tervezte. El\u0151bb a vas\u00fatn\u00e1l dolgozott, ahol 320 hidat \u00e9s sok km. vas\u00fatvonalat tervezett, majd \u00f6n\u00e1ll\u00f3sult, t\u00e1rsult P\u00e9terfy D\u00e9nes m\u00e9rn\u00f6kkel, Wagner\u00e9k f\u0151t\u00e9ri h\u00e1z\u00e1ban volt az irod\u00e1juk. Virilista (1913). V\u00e9gig harcolta az els\u0151 vh.-t, hab\u00e1r er\u0151s edzett ember, kiv\u00e1l\u00f3 evez\u0151s \u00e9s j\u00f3 teniszj\u00e1t\u00e9kos volt, \u00e9vekig \u00e9rezte a h\u00e1bor\u00fa hat\u00e1s\u00e1t. A h\u00e1bor\u00fa ut\u00e1n megp\u00e1ly\u00e1zott munk\u00e1kat m\u00e1s erd\u00e9lyi v\u00e1rosban is, megnyerte az ol\u00e1hl\u00e1posi Sztojka-f\u00fcrd\u0151 \u00e9p\u00edt\u00e9s\u00e9re ki\u00edrt p\u00e1ly\u00e1zatot, tervei szerint \u00e9p\u00edtett\u00e9k az oravicai \u00e1llami gimn\u00e1ziomot, a bedei k\u00e1poln\u00e1t (1927\u201328), \u0151 \u00e9p\u00edtette a csikd\u00e1nfalvi r. kat \u00e9s a mv.-i unit\u00e1rius templomokat (1929\u201330), a Mv.-i Takar\u00e9kp\u00e9nzt\u00e1rt, a Kn\u00f6pfler Vilmos u.-i ortodox zsinag\u00f3g\u00e1t, a Minorit\u00e1k Bolyai u. b\u00e9rh\u00e1z\u00e1t, a cukorgy\u00e1ri munk\u00e1slak\u00e1sokat \u00e9s sok mag\u00e1nlak\u00e1st (pl. a Patrovits-h\u00e1z Zichy Mih\u00e1ly \/ Borze\u015fti 7. sz.), Kv.-on a Reich \u00c1ruh\u00e1z \u00e9p\u00fclet\u00e9t \u00e9s a Dermata gy\u00e1r lak\u00f3telep\u00e9t. A csal\u00e1d szerepet j\u00e1tszott v\u00e1rosunkban. A Mv.-i Kaszin\u00f3 v\u00e1lasztm\u00e1nyi tagja (1919). A m\u00e1sodik vh. ut\u00e1n \u00e1llamos\u00edtott\u00e1k a f\u0151t\u00e9ri Wagner h\u00e1zat, elvett\u00e9k Unumajbeli tany\u00e1jukat. Vill\u00e1jukat nem \u00e1llamos\u00edtott\u00e1k, de kertj\u00fck ter\u00fclet\u00e9n \u00e9p\u00fclt a kereskedelmi iskola (1963\u201364). A Kat. Egyh\u00e1z tan\u00e1csosa. <br \/><strong>Irod.:<\/strong> Almanah Tg.M.; Bi\u00e1s Istv\u00e1n; Fodor S\u00e1ndor: Eml\u00e9kt\u00e1bla az unit\u00e1riusok templom\u00e1n (N\u00fa., Sz\u00ednes Vil\u00e1g, 2008. \u00e1pr. 19.); Id\u0151t\u00e1r 2; 3; Keresztes 2000; Man: Tg.M., 3.; Maros megyei m.-s\u00e1g.4.; Maros megyei t\u00f6rt.; Maros-k\u00fck\u00fcll\u0151i f\u0151esp; Mik\u00f3; Mv.-Bal\u00e1s; Mv. Molter; Orb\u00e1n J\u00e1nos: T\u00e1blab\u00edr\u00e1k, f\u0151nemesek, pall\u00e9rok \u00e9s h\u00e1zak: V\u00e1rosk\u00e9p \u00e9s t\u00e1rsadalom v\u00e1ltoz\u00e1sai Mv.-en a Kir\u00e1lyi T\u00e1bla bek\u00f6lt\u00f6z\u00e9se ut\u00e1n [1754] = K\u00f6nyvek \u00e1ltal \u2026; Sipos<\/br><\/p>\n","protected":false},"excerpt":{"rendered":"<p>1880. szept., \u2020 Mv., 1952.: \u00e9p\u00edt\u00e9sz, v\u00e1llalkoz\u00f3. \u2013 P. J\u00f3zsef m. vas\u00fati f\u0151m\u00e9rn\u0151k (1842.? \u2013 Mv., 1915. j\u00fal. 25.) \u00e9s cs\u00edkszentmih\u00e1lyi Balla Vikt\u00f3ria (1857.? \u2013 Mv., 1923. jan. 19.) fia. Testv\u00e9rei: P. Erzs\u00e9bet dr. Kronhoffer Lajosn\u00e9; P. J\u00f3zsef; P. Gyulanka Becsey N\u00e1ndorn\u00e9. Feles\u00e9ge Wagner Ir\u00e9n (1892. aug. 1.\u20131982. j\u00fal.). Le\u00e1nyaik: M\u00e1ria, Ir\u00e9n, \u00c1gnes (Lili). \u2013 [&hellip;]<\/p>\n","protected":false},"featured_media":0,"comment_status":"open","ping_status":"closed","template":"","meta":[],"product_brand":[],"product_cat":[137],"product_tag":[],"class_list":{"0":"post-17773","1":"product","2":"type-product","3":"status-publish","5":"product_cat-maros-megyei-eletrajzi-lexikon","7":"first","8":"instock","9":"shipping-taxable","10":"product-type-simple"},"_links":{"self":[{"href":"https:\/\/uj.adatbank.ro\/lexikon\/wp-json\/wp\/v2\/product\/17773","targetHints":{"allow":["GET"]}}],"collection":[{"href":"https:\/\/uj.adatbank.ro\/lexikon\/wp-json\/wp\/v2\/product"}],"about":[{"href":"https:\/\/uj.adatbank.ro\/lexikon\/wp-json\/wp\/v2\/types\/product"}],"replies":[{"embeddable":true,"href":"https:\/\/uj.adatbank.ro\/lexikon\/wp-json\/wp\/v2\/comments?post=17773"}],"wp:attachment":[{"href":"https:\/\/uj.adatbank.ro\/lexikon\/wp-json\/wp\/v2\/media?parent=17773"}],"wp:term":[{"taxonomy":"product_brand","embeddable":true,"href":"https:\/\/uj.adatbank.ro\/lexikon\/wp-json\/wp\/v2\/product_brand?post=17773"},{"taxonomy":"product_cat","embeddable":true,"href":"https:\/\/uj.adatbank.ro\/lexikon\/wp-json\/wp\/v2\/product_cat?post=17773"},{"taxonomy":"product_tag","embeddable":true,"href":"https:\/\/uj.adatbank.ro\/lexikon\/wp-json\/wp\/v2\/product_tag?post=17773"}],"curies":[{"name":"wp","href":"https:\/\/api.w.org\/{rel}","templated":true}]}}