{"id":17778,"date":"2025-07-16T10:27:39","date_gmt":"2025-07-16T08:27:39","guid":{"rendered":"https:\/\/uj.adatbank.ro\/lexikon\/termek\/patruban-marton-erzsebetvarosi\/"},"modified":"2025-07-16T10:27:39","modified_gmt":"2025-07-16T08:27:39","slug":"patruban-marton-erzsebetvarosi","status":"publish","type":"product","link":"https:\/\/uj.adatbank.ro\/lexikon\/termek\/patruban-marton-erzsebetvarosi\/","title":{"rendered":"PATRUB\u00c1N M\u00e1rton, erzs\u00e9betv\u00e1rosi"},"content":{"rendered":"<p>Ezen \u00f6rm\u00e9ny csal\u00e1db\u00f3l P. M\u00e1rton \u00e9s csal\u00e1dja nyert c\u00edmeres nemeslevelet M\u00e1ria Ter\u00e9zi\u00e1t\u00f3l (1758. dec. 12.). Mv.-en kapott enged\u00e9lyt keresked\u00e9sre (1778). <br \/><strong>Irod.:<\/strong> Mv.-i \u00f6rm\u00e9nyek; P\u00e1lmay<\/br><\/p>\n","protected":false},"excerpt":{"rendered":"<p>Ezen \u00f6rm\u00e9ny csal\u00e1db\u00f3l P. M\u00e1rton \u00e9s csal\u00e1dja nyert c\u00edmeres nemeslevelet M\u00e1ria Ter\u00e9zi\u00e1t\u00f3l (1758. dec. 12.). Mv.-en kapott enged\u00e9lyt keresked\u00e9sre (1778). Irod.: Mv.-i \u00f6rm\u00e9nyek; P\u00e1lmay<\/p>\n","protected":false},"featured_media":0,"comment_status":"open","ping_status":"closed","template":"","meta":[],"product_brand":[],"product_cat":[137],"product_tag":[],"class_list":{"0":"post-17778","1":"product","2":"type-product","3":"status-publish","5":"product_cat-maros-megyei-eletrajzi-lexikon","7":"first","8":"instock","9":"shipping-taxable","10":"product-type-simple"},"_links":{"self":[{"href":"https:\/\/uj.adatbank.ro\/lexikon\/wp-json\/wp\/v2\/product\/17778","targetHints":{"allow":["GET"]}}],"collection":[{"href":"https:\/\/uj.adatbank.ro\/lexikon\/wp-json\/wp\/v2\/product"}],"about":[{"href":"https:\/\/uj.adatbank.ro\/lexikon\/wp-json\/wp\/v2\/types\/product"}],"replies":[{"embeddable":true,"href":"https:\/\/uj.adatbank.ro\/lexikon\/wp-json\/wp\/v2\/comments?post=17778"}],"wp:attachment":[{"href":"https:\/\/uj.adatbank.ro\/lexikon\/wp-json\/wp\/v2\/media?parent=17778"}],"wp:term":[{"taxonomy":"product_brand","embeddable":true,"href":"https:\/\/uj.adatbank.ro\/lexikon\/wp-json\/wp\/v2\/product_brand?post=17778"},{"taxonomy":"product_cat","embeddable":true,"href":"https:\/\/uj.adatbank.ro\/lexikon\/wp-json\/wp\/v2\/product_cat?post=17778"},{"taxonomy":"product_tag","embeddable":true,"href":"https:\/\/uj.adatbank.ro\/lexikon\/wp-json\/wp\/v2\/product_tag?post=17778"}],"curies":[{"name":"wp","href":"https:\/\/api.w.org\/{rel}","templated":true}]}}