{"id":17779,"date":"2025-07-16T10:27:41","date_gmt":"2025-07-16T08:27:41","guid":{"rendered":"https:\/\/uj.adatbank.ro\/lexikon\/termek\/patrubany-antal-patruban-antal\/"},"modified":"2025-07-16T10:27:41","modified_gmt":"2025-07-16T08:27:41","slug":"patrubany-antal-patruban-antal","status":"publish","type":"product","link":"https:\/\/uj.adatbank.ro\/lexikon\/termek\/patrubany-antal-patruban-antal\/","title":{"rendered":"PATRUB\u00c1NY Antal, Patrub\u00e1n Antal"},"content":{"rendered":"<p>1849.?, \u2020\u00a0Mv., 1891. nov. 26.: f\u00f6ldbirtokos, keresked\u0151. \u2013 P. Mikl\u00f3s \u00e9s Istv\u00e1nfi Veronika fia. Testv\u00e9rei: P. Gergely; P. Katalin dr. Szentp\u00e9teri J\u00e1nosn\u00e9. Feles\u00e9ge: Petelei M\u00e1ria. Gyermekei: Istv\u00e1n, Mariska, Margit, Gabriella. \u2013 Virilista (1887, 1888, 1889). F\u00f6ldbirtokos, keresked\u0151, v\u00e1rosi k\u00e9pvisel\u0151, a r. k. le\u00e1nyiakola p\u00e9nzt\u00e1rnoka, a mv.-i keresked\u0151 \u00e9s ipart\u00e1rsulat eln\u00f6ke. <br \/><strong>Irod.:<\/strong> Gy\u00e1szjelent\u0151<\/br><\/p>\n","protected":false},"excerpt":{"rendered":"<p>1849.?, \u2020\u00a0Mv., 1891. nov. 26.: f\u00f6ldbirtokos, keresked\u0151. \u2013 P. Mikl\u00f3s \u00e9s Istv\u00e1nfi Veronika fia. Testv\u00e9rei: P. Gergely; P. Katalin dr. Szentp\u00e9teri J\u00e1nosn\u00e9. Feles\u00e9ge: Petelei M\u00e1ria. Gyermekei: Istv\u00e1n, Mariska, Margit, Gabriella. \u2013 Virilista (1887, 1888, 1889). F\u00f6ldbirtokos, keresked\u0151, v\u00e1rosi k\u00e9pvisel\u0151, a r. k. le\u00e1nyiakola p\u00e9nzt\u00e1rnoka, a mv.-i keresked\u0151 \u00e9s ipart\u00e1rsulat eln\u00f6ke. Irod.: Gy\u00e1szjelent\u0151<\/p>\n","protected":false},"featured_media":0,"comment_status":"open","ping_status":"closed","template":"","meta":[],"product_brand":[],"product_cat":[137],"product_tag":[],"class_list":{"0":"post-17779","1":"product","2":"type-product","3":"status-publish","5":"product_cat-maros-megyei-eletrajzi-lexikon","7":"first","8":"instock","9":"shipping-taxable","10":"product-type-simple"},"_links":{"self":[{"href":"https:\/\/uj.adatbank.ro\/lexikon\/wp-json\/wp\/v2\/product\/17779","targetHints":{"allow":["GET"]}}],"collection":[{"href":"https:\/\/uj.adatbank.ro\/lexikon\/wp-json\/wp\/v2\/product"}],"about":[{"href":"https:\/\/uj.adatbank.ro\/lexikon\/wp-json\/wp\/v2\/types\/product"}],"replies":[{"embeddable":true,"href":"https:\/\/uj.adatbank.ro\/lexikon\/wp-json\/wp\/v2\/comments?post=17779"}],"wp:attachment":[{"href":"https:\/\/uj.adatbank.ro\/lexikon\/wp-json\/wp\/v2\/media?parent=17779"}],"wp:term":[{"taxonomy":"product_brand","embeddable":true,"href":"https:\/\/uj.adatbank.ro\/lexikon\/wp-json\/wp\/v2\/product_brand?post=17779"},{"taxonomy":"product_cat","embeddable":true,"href":"https:\/\/uj.adatbank.ro\/lexikon\/wp-json\/wp\/v2\/product_cat?post=17779"},{"taxonomy":"product_tag","embeddable":true,"href":"https:\/\/uj.adatbank.ro\/lexikon\/wp-json\/wp\/v2\/product_tag?post=17779"}],"curies":[{"name":"wp","href":"https:\/\/api.w.org\/{rel}","templated":true}]}}