{"id":17780,"date":"2025-07-16T10:27:43","date_gmt":"2025-07-16T08:27:43","guid":{"rendered":"https:\/\/uj.adatbank.ro\/lexikon\/termek\/patrubany-gergely\/"},"modified":"2025-07-16T10:27:43","modified_gmt":"2025-07-16T08:27:43","slug":"patrubany-gergely","status":"publish","type":"product","link":"https:\/\/uj.adatbank.ro\/lexikon\/termek\/patrubany-gergely\/","title":{"rendered":"PATRUB\u00c1NY Gergely"},"content":{"rendered":"<p>1786, \u2020\u00a0?1849. m\u00e1rc. 12: \u00e9p\u00edt\u00e9sz. \u2013 Feles\u00e9ge: \u00d6tves Katalin (1787.? \u2013 Mv., 1871. \u00e1pr. 25.) Gyermekeik: P. J\u00e1nos (1813\u2013), P. Mikl\u00f3s, bankigazgat\u00f3 (1814. dec 5\u2013), feles\u00e9ge Istv\u00e1nfi Veronika; P. Anna Istv\u00e1nfi Antaln\u00e9, Katalin (1819\u20131820).- Tulajdona volt, \u00e9s saj\u00e1t maga tervezte \u00e9s kivitelezte a mv.-i Kossuth u.64. sz. alatti L alak\u00fa szecesszi\u00f3s st\u00edlus\u00fa lak\u00f3h\u00e1z (1900) \u00e9s a r.k. temet\u0151ben tal\u00e1lhat\u00f3 csal\u00e1di kripta. <br \/><strong>Irod.:<\/strong> Gy\u00e1szjelent\u0151; Man: Tg. M. 2., Nemes Gyula: Egy\u00e9ni sorsok a Kossuth u. h\u00e1zainak falai m\u00f6g\u00f6tt (K\u00f6zpont, 2017. m\u00e1j. 11\u201317.); P\u00e1l-Antal 2009; P\u00e1l-Antal S\u00e1ndor: \u00d6rm\u00e9nyek Mv.-en 1848 el\u0151tt = Pusk\u00e1s-Sz\u00e1sz \u00c1v\u00e9d<\/br><\/p>\n","protected":false},"excerpt":{"rendered":"<p>1786, \u2020\u00a0?1849. m\u00e1rc. 12: \u00e9p\u00edt\u00e9sz. \u2013 Feles\u00e9ge: \u00d6tves Katalin (1787.? \u2013 Mv., 1871. \u00e1pr. 25.) Gyermekeik: P. J\u00e1nos (1813\u2013), P. Mikl\u00f3s, bankigazgat\u00f3 (1814. dec 5\u2013), feles\u00e9ge Istv\u00e1nfi Veronika; P. Anna Istv\u00e1nfi Antaln\u00e9, Katalin (1819\u20131820).- Tulajdona volt, \u00e9s saj\u00e1t maga tervezte \u00e9s kivitelezte a mv.-i Kossuth u.64. sz. alatti L alak\u00fa szecesszi\u00f3s st\u00edlus\u00fa lak\u00f3h\u00e1z (1900) \u00e9s [&hellip;]<\/p>\n","protected":false},"featured_media":0,"comment_status":"open","ping_status":"closed","template":"","meta":[],"product_brand":[],"product_cat":[137],"product_tag":[],"class_list":{"0":"post-17780","1":"product","2":"type-product","3":"status-publish","5":"product_cat-maros-megyei-eletrajzi-lexikon","7":"first","8":"instock","9":"shipping-taxable","10":"product-type-simple"},"_links":{"self":[{"href":"https:\/\/uj.adatbank.ro\/lexikon\/wp-json\/wp\/v2\/product\/17780","targetHints":{"allow":["GET"]}}],"collection":[{"href":"https:\/\/uj.adatbank.ro\/lexikon\/wp-json\/wp\/v2\/product"}],"about":[{"href":"https:\/\/uj.adatbank.ro\/lexikon\/wp-json\/wp\/v2\/types\/product"}],"replies":[{"embeddable":true,"href":"https:\/\/uj.adatbank.ro\/lexikon\/wp-json\/wp\/v2\/comments?post=17780"}],"wp:attachment":[{"href":"https:\/\/uj.adatbank.ro\/lexikon\/wp-json\/wp\/v2\/media?parent=17780"}],"wp:term":[{"taxonomy":"product_brand","embeddable":true,"href":"https:\/\/uj.adatbank.ro\/lexikon\/wp-json\/wp\/v2\/product_brand?post=17780"},{"taxonomy":"product_cat","embeddable":true,"href":"https:\/\/uj.adatbank.ro\/lexikon\/wp-json\/wp\/v2\/product_cat?post=17780"},{"taxonomy":"product_tag","embeddable":true,"href":"https:\/\/uj.adatbank.ro\/lexikon\/wp-json\/wp\/v2\/product_tag?post=17780"}],"curies":[{"name":"wp","href":"https:\/\/api.w.org\/{rel}","templated":true}]}}