{"id":17782,"date":"2025-07-16T10:27:47","date_gmt":"2025-07-16T08:27:47","guid":{"rendered":"https:\/\/uj.adatbank.ro\/lexikon\/termek\/patrubany-istvan-patruban-erzsebetvarosi\/"},"modified":"2025-07-16T10:27:47","modified_gmt":"2025-07-16T08:27:47","slug":"patrubany-istvan-patruban-erzsebetvarosi","status":"publish","type":"product","link":"https:\/\/uj.adatbank.ro\/lexikon\/termek\/patrubany-istvan-patruban-erzsebetvarosi\/","title":{"rendered":"PATRUB\u00c1NY Istv\u00e1n; Patrub\u00e1n, erzs\u00e9betv\u00e1rosi"},"content":{"rendered":"<p>Mv., 1878, \u2020\u00a0?:szolgab\u00edr\u00f3. \u2013 Tartal\u00e9kos f\u0151hadnagy az I. vh. idej\u00e9n, szolgab\u00edr\u00f3 Mv.-en. <br \/><strong>Irod.:<\/strong> Koszta; P\u00e1lmay<\/br><\/p>\n","protected":false},"excerpt":{"rendered":"<p>Mv., 1878, \u2020\u00a0?:szolgab\u00edr\u00f3. \u2013 Tartal\u00e9kos f\u0151hadnagy az I. vh. idej\u00e9n, szolgab\u00edr\u00f3 Mv.-en. Irod.: Koszta; P\u00e1lmay<\/p>\n","protected":false},"featured_media":0,"comment_status":"open","ping_status":"closed","template":"","meta":[],"product_brand":[],"product_cat":[137],"product_tag":[],"class_list":{"0":"post-17782","1":"product","2":"type-product","3":"status-publish","5":"product_cat-maros-megyei-eletrajzi-lexikon","7":"first","8":"instock","9":"shipping-taxable","10":"product-type-simple"},"_links":{"self":[{"href":"https:\/\/uj.adatbank.ro\/lexikon\/wp-json\/wp\/v2\/product\/17782","targetHints":{"allow":["GET"]}}],"collection":[{"href":"https:\/\/uj.adatbank.ro\/lexikon\/wp-json\/wp\/v2\/product"}],"about":[{"href":"https:\/\/uj.adatbank.ro\/lexikon\/wp-json\/wp\/v2\/types\/product"}],"replies":[{"embeddable":true,"href":"https:\/\/uj.adatbank.ro\/lexikon\/wp-json\/wp\/v2\/comments?post=17782"}],"wp:attachment":[{"href":"https:\/\/uj.adatbank.ro\/lexikon\/wp-json\/wp\/v2\/media?parent=17782"}],"wp:term":[{"taxonomy":"product_brand","embeddable":true,"href":"https:\/\/uj.adatbank.ro\/lexikon\/wp-json\/wp\/v2\/product_brand?post=17782"},{"taxonomy":"product_cat","embeddable":true,"href":"https:\/\/uj.adatbank.ro\/lexikon\/wp-json\/wp\/v2\/product_cat?post=17782"},{"taxonomy":"product_tag","embeddable":true,"href":"https:\/\/uj.adatbank.ro\/lexikon\/wp-json\/wp\/v2\/product_tag?post=17782"}],"curies":[{"name":"wp","href":"https:\/\/api.w.org\/{rel}","templated":true}]}}