{"id":17783,"date":"2025-07-16T10:27:50","date_gmt":"2025-07-16T08:27:50","guid":{"rendered":"https:\/\/uj.adatbank.ro\/lexikon\/termek\/patrubany-janos-patruban\/"},"modified":"2025-07-16T10:27:50","modified_gmt":"2025-07-16T08:27:50","slug":"patrubany-janos-patruban","status":"publish","type":"product","link":"https:\/\/uj.adatbank.ro\/lexikon\/termek\/patrubany-janos-patruban\/","title":{"rendered":"PATRUB\u00c1NY J\u00e1nos; Patrub\u00e1n"},"content":{"rendered":"<p>1751, \u2020\u00a0Mv., 1806. szept. 12: keresked\u0151 ?. \u2013 Neje Luk\u00e1cs Anna M\u00e1ria alias Dsuvel (\u20131811. aug. 12 elhal\u00e1loz\u00e1sa Szumerd Anna M\u00e1riak\u00e9nt van bejegyezve). Gyermekei: M\u00e1ria Katalin (1792\u20131855). Anna (1795\u20131796), Luk\u00e1cs (1797. m\u00e1j. 24, anyja nevek\u00e9nt Petr\u00e1sk\u00f3 Anna M\u00e1ria szerepel), J\u00e1nos (1800. \u00e1pr. 21, anyja neve itt Bogd\u00e1nffi Anna M\u00e1ria). <br \/><strong>Irod.:<\/strong> P\u00e1l-Antal 2009; P\u00e1l-Antal S\u00e1ndor: \u00d6rm\u00e9nyek Mv.-en 1848 el\u0151tt = Pusk\u00e1s-Sz\u00e1sz \u00c1v\u00e9d<\/br><\/p>\n","protected":false},"excerpt":{"rendered":"<p>1751, \u2020\u00a0Mv., 1806. szept. 12: keresked\u0151 ?. \u2013 Neje Luk\u00e1cs Anna M\u00e1ria alias Dsuvel (\u20131811. aug. 12 elhal\u00e1loz\u00e1sa Szumerd Anna M\u00e1riak\u00e9nt van bejegyezve). Gyermekei: M\u00e1ria Katalin (1792\u20131855). Anna (1795\u20131796), Luk\u00e1cs (1797. m\u00e1j. 24, anyja nevek\u00e9nt Petr\u00e1sk\u00f3 Anna M\u00e1ria szerepel), J\u00e1nos (1800. \u00e1pr. 21, anyja neve itt Bogd\u00e1nffi Anna M\u00e1ria). Irod.: P\u00e1l-Antal 2009; P\u00e1l-Antal S\u00e1ndor: \u00d6rm\u00e9nyek [&hellip;]<\/p>\n","protected":false},"featured_media":0,"comment_status":"open","ping_status":"closed","template":"","meta":[],"product_brand":[],"product_cat":[137],"product_tag":[],"class_list":{"0":"post-17783","1":"product","2":"type-product","3":"status-publish","5":"product_cat-maros-megyei-eletrajzi-lexikon","7":"first","8":"instock","9":"shipping-taxable","10":"product-type-simple"},"_links":{"self":[{"href":"https:\/\/uj.adatbank.ro\/lexikon\/wp-json\/wp\/v2\/product\/17783","targetHints":{"allow":["GET"]}}],"collection":[{"href":"https:\/\/uj.adatbank.ro\/lexikon\/wp-json\/wp\/v2\/product"}],"about":[{"href":"https:\/\/uj.adatbank.ro\/lexikon\/wp-json\/wp\/v2\/types\/product"}],"replies":[{"embeddable":true,"href":"https:\/\/uj.adatbank.ro\/lexikon\/wp-json\/wp\/v2\/comments?post=17783"}],"wp:attachment":[{"href":"https:\/\/uj.adatbank.ro\/lexikon\/wp-json\/wp\/v2\/media?parent=17783"}],"wp:term":[{"taxonomy":"product_brand","embeddable":true,"href":"https:\/\/uj.adatbank.ro\/lexikon\/wp-json\/wp\/v2\/product_brand?post=17783"},{"taxonomy":"product_cat","embeddable":true,"href":"https:\/\/uj.adatbank.ro\/lexikon\/wp-json\/wp\/v2\/product_cat?post=17783"},{"taxonomy":"product_tag","embeddable":true,"href":"https:\/\/uj.adatbank.ro\/lexikon\/wp-json\/wp\/v2\/product_tag?post=17783"}],"curies":[{"name":"wp","href":"https:\/\/api.w.org\/{rel}","templated":true}]}}