{"id":17784,"date":"2025-07-16T10:27:52","date_gmt":"2025-07-16T08:27:52","guid":{"rendered":"https:\/\/uj.adatbank.ro\/lexikon\/termek\/patrubany-janos-patruban-2\/"},"modified":"2025-07-16T10:27:52","modified_gmt":"2025-07-16T08:27:52","slug":"patrubany-janos-patruban-2","status":"publish","type":"product","link":"https:\/\/uj.adatbank.ro\/lexikon\/termek\/patrubany-janos-patruban-2\/","title":{"rendered":"PATRUB\u00c1NY J\u00e1nos; Patrub\u00e1n"},"content":{"rendered":"<p>1776, \u2020\u00a0Mv., 1847. dec. 23: keresked\u0151 ?. \u2013 Neje Issekutz Anna (\u20131842. febr. 15). Gyermekei: Margit \u00e9s Anna (1832. dec. 8\u2013). <br \/><strong>Irod.:<\/strong> P\u00e1l-Antal 2009; P\u00e1l-Antal S\u00e1ndor: \u00d6rm\u00e9nyek Mv.-en 1848 el\u0151tt = Pusk\u00e1s-Sz\u00e1sz \u00c1v\u00e9d<\/br><\/p>\n","protected":false},"excerpt":{"rendered":"<p>1776, \u2020\u00a0Mv., 1847. dec. 23: keresked\u0151 ?. \u2013 Neje Issekutz Anna (\u20131842. febr. 15). Gyermekei: Margit \u00e9s Anna (1832. dec. 8\u2013). Irod.: P\u00e1l-Antal 2009; P\u00e1l-Antal S\u00e1ndor: \u00d6rm\u00e9nyek Mv.-en 1848 el\u0151tt = Pusk\u00e1s-Sz\u00e1sz \u00c1v\u00e9d<\/p>\n","protected":false},"featured_media":0,"comment_status":"open","ping_status":"closed","template":"","meta":[],"product_brand":[],"product_cat":[137],"product_tag":[],"class_list":{"0":"post-17784","1":"product","2":"type-product","3":"status-publish","5":"product_cat-maros-megyei-eletrajzi-lexikon","7":"first","8":"instock","9":"shipping-taxable","10":"product-type-simple"},"_links":{"self":[{"href":"https:\/\/uj.adatbank.ro\/lexikon\/wp-json\/wp\/v2\/product\/17784","targetHints":{"allow":["GET"]}}],"collection":[{"href":"https:\/\/uj.adatbank.ro\/lexikon\/wp-json\/wp\/v2\/product"}],"about":[{"href":"https:\/\/uj.adatbank.ro\/lexikon\/wp-json\/wp\/v2\/types\/product"}],"replies":[{"embeddable":true,"href":"https:\/\/uj.adatbank.ro\/lexikon\/wp-json\/wp\/v2\/comments?post=17784"}],"wp:attachment":[{"href":"https:\/\/uj.adatbank.ro\/lexikon\/wp-json\/wp\/v2\/media?parent=17784"}],"wp:term":[{"taxonomy":"product_brand","embeddable":true,"href":"https:\/\/uj.adatbank.ro\/lexikon\/wp-json\/wp\/v2\/product_brand?post=17784"},{"taxonomy":"product_cat","embeddable":true,"href":"https:\/\/uj.adatbank.ro\/lexikon\/wp-json\/wp\/v2\/product_cat?post=17784"},{"taxonomy":"product_tag","embeddable":true,"href":"https:\/\/uj.adatbank.ro\/lexikon\/wp-json\/wp\/v2\/product_tag?post=17784"}],"curies":[{"name":"wp","href":"https:\/\/api.w.org\/{rel}","templated":true}]}}