{"id":17785,"date":"2025-07-16T10:27:54","date_gmt":"2025-07-16T08:27:54","guid":{"rendered":"https:\/\/uj.adatbank.ro\/lexikon\/termek\/patrubany-janos-patruban-3\/"},"modified":"2025-07-16T10:27:54","modified_gmt":"2025-07-16T08:27:54","slug":"patrubany-janos-patruban-3","status":"publish","type":"product","link":"https:\/\/uj.adatbank.ro\/lexikon\/termek\/patrubany-janos-patruban-3\/","title":{"rendered":"PATRUB\u00c1NY J\u00e1nos; Patrub\u00e1n"},"content":{"rendered":"<p>1776, \u2020\u00a0Mv., 1816. szept. 2.: keresked\u0151 ?. \u2013 Neje: Lengyel ? Gyermekei: Ter\u00e9z (1802\u2013), J\u00f3zsef (1805 j\u00fal. 29\u20131819. \u00e1pr. 2.). <br \/><strong>Irod.:<\/strong> P\u00e1l-Antal 2009; P\u00e1l-Antal S\u00e1ndor: \u00d6rm\u00e9nyek Mv.-en 1848 el\u0151tt = Pusk\u00e1s-Sz\u00e1sz \u00c1v\u00e9d<\/br><\/p>\n","protected":false},"excerpt":{"rendered":"<p>1776, \u2020\u00a0Mv., 1816. szept. 2.: keresked\u0151 ?. \u2013 Neje: Lengyel ? Gyermekei: Ter\u00e9z (1802\u2013), J\u00f3zsef (1805 j\u00fal. 29\u20131819. \u00e1pr. 2.). Irod.: P\u00e1l-Antal 2009; P\u00e1l-Antal S\u00e1ndor: \u00d6rm\u00e9nyek Mv.-en 1848 el\u0151tt = Pusk\u00e1s-Sz\u00e1sz \u00c1v\u00e9d<\/p>\n","protected":false},"featured_media":0,"comment_status":"open","ping_status":"closed","template":"","meta":[],"product_brand":[],"product_cat":[137],"product_tag":[],"class_list":{"0":"post-17785","1":"product","2":"type-product","3":"status-publish","5":"product_cat-maros-megyei-eletrajzi-lexikon","7":"first","8":"instock","9":"shipping-taxable","10":"product-type-simple"},"_links":{"self":[{"href":"https:\/\/uj.adatbank.ro\/lexikon\/wp-json\/wp\/v2\/product\/17785","targetHints":{"allow":["GET"]}}],"collection":[{"href":"https:\/\/uj.adatbank.ro\/lexikon\/wp-json\/wp\/v2\/product"}],"about":[{"href":"https:\/\/uj.adatbank.ro\/lexikon\/wp-json\/wp\/v2\/types\/product"}],"replies":[{"embeddable":true,"href":"https:\/\/uj.adatbank.ro\/lexikon\/wp-json\/wp\/v2\/comments?post=17785"}],"wp:attachment":[{"href":"https:\/\/uj.adatbank.ro\/lexikon\/wp-json\/wp\/v2\/media?parent=17785"}],"wp:term":[{"taxonomy":"product_brand","embeddable":true,"href":"https:\/\/uj.adatbank.ro\/lexikon\/wp-json\/wp\/v2\/product_brand?post=17785"},{"taxonomy":"product_cat","embeddable":true,"href":"https:\/\/uj.adatbank.ro\/lexikon\/wp-json\/wp\/v2\/product_cat?post=17785"},{"taxonomy":"product_tag","embeddable":true,"href":"https:\/\/uj.adatbank.ro\/lexikon\/wp-json\/wp\/v2\/product_tag?post=17785"}],"curies":[{"name":"wp","href":"https:\/\/api.w.org\/{rel}","templated":true}]}}