{"id":17786,"date":"2025-07-16T10:27:55","date_gmt":"2025-07-16T08:27:55","guid":{"rendered":"https:\/\/uj.adatbank.ro\/lexikon\/termek\/patrubany-lukacs-patruban-lukacs\/"},"modified":"2025-07-16T10:27:55","modified_gmt":"2025-07-16T08:27:55","slug":"patrubany-lukacs-patruban-lukacs","status":"publish","type":"product","link":"https:\/\/uj.adatbank.ro\/lexikon\/termek\/patrubany-lukacs-patruban-lukacs\/","title":{"rendered":"PATRUB\u00c1NY Luk\u00e1cs; Patrub\u00e1n Luk\u00e1cs"},"content":{"rendered":"<p>? \u2020\u00a0?: keresked\u0151. \u2013 Az els\u0151 n\u00e9vszerint ismert mv.-i szabad keresked\u00e9si joggal rendelkez\u0151 erzs\u00e9betv\u00e1rosi \u00f6rm\u00e9ny keresked\u0151 Kapott egy F\u0151korm\u00e1nysz\u00e9k \u00e1ltal meger\u0151s\u00edtett szabad kereskedelmi jogot a v\u00e1ros ter\u00fclet\u00e9re (1755), bizonyos taksa befizet\u00e9se mellett. Egy p\u00e1r \u00e9vvel k\u00e9s\u0151bb t\u00f6bb t\u00e1rs\u00e1val egy\u00fctt szab\u00e1lyozt\u00e1k keresked\u00e9s\u00fck folytat\u00e1s\u00e1nak felt\u00e9teleit (1760). <br \/><strong>Irod.:<\/strong> Mv.-i \u00f6rm\u00e9nyek; \u00d6rm\u00e9nyek; P\u00e1l-Antal S\u00e1ndor: \u00d6rm\u00e9nyek Mv.-en 1848 el\u0151tt = Pusk\u00e1s-Sz\u00e1sz \u00c1v\u00e9d; Sz\u00e1sz- Barab\u00e1s-Pusk\u00e1s<\/br><\/p>\n","protected":false},"excerpt":{"rendered":"<p>? \u2020\u00a0?: keresked\u0151. \u2013 Az els\u0151 n\u00e9vszerint ismert mv.-i szabad keresked\u00e9si joggal rendelkez\u0151 erzs\u00e9betv\u00e1rosi \u00f6rm\u00e9ny keresked\u0151 Kapott egy F\u0151korm\u00e1nysz\u00e9k \u00e1ltal meger\u0151s\u00edtett szabad kereskedelmi jogot a v\u00e1ros ter\u00fclet\u00e9re (1755), bizonyos taksa befizet\u00e9se mellett. Egy p\u00e1r \u00e9vvel k\u00e9s\u0151bb t\u00f6bb t\u00e1rs\u00e1val egy\u00fctt szab\u00e1lyozt\u00e1k keresked\u00e9s\u00fck folytat\u00e1s\u00e1nak felt\u00e9teleit (1760). Irod.: Mv.-i \u00f6rm\u00e9nyek; \u00d6rm\u00e9nyek; P\u00e1l-Antal S\u00e1ndor: \u00d6rm\u00e9nyek Mv.-en 1848 el\u0151tt = [&hellip;]<\/p>\n","protected":false},"featured_media":0,"comment_status":"open","ping_status":"closed","template":"","meta":[],"product_brand":[],"product_cat":[137],"product_tag":[],"class_list":{"0":"post-17786","1":"product","2":"type-product","3":"status-publish","5":"product_cat-maros-megyei-eletrajzi-lexikon","7":"first","8":"instock","9":"shipping-taxable","10":"product-type-simple"},"_links":{"self":[{"href":"https:\/\/uj.adatbank.ro\/lexikon\/wp-json\/wp\/v2\/product\/17786","targetHints":{"allow":["GET"]}}],"collection":[{"href":"https:\/\/uj.adatbank.ro\/lexikon\/wp-json\/wp\/v2\/product"}],"about":[{"href":"https:\/\/uj.adatbank.ro\/lexikon\/wp-json\/wp\/v2\/types\/product"}],"replies":[{"embeddable":true,"href":"https:\/\/uj.adatbank.ro\/lexikon\/wp-json\/wp\/v2\/comments?post=17786"}],"wp:attachment":[{"href":"https:\/\/uj.adatbank.ro\/lexikon\/wp-json\/wp\/v2\/media?parent=17786"}],"wp:term":[{"taxonomy":"product_brand","embeddable":true,"href":"https:\/\/uj.adatbank.ro\/lexikon\/wp-json\/wp\/v2\/product_brand?post=17786"},{"taxonomy":"product_cat","embeddable":true,"href":"https:\/\/uj.adatbank.ro\/lexikon\/wp-json\/wp\/v2\/product_cat?post=17786"},{"taxonomy":"product_tag","embeddable":true,"href":"https:\/\/uj.adatbank.ro\/lexikon\/wp-json\/wp\/v2\/product_tag?post=17786"}],"curies":[{"name":"wp","href":"https:\/\/api.w.org\/{rel}","templated":true}]}}